{"id":2495,"date":"2021-09-27T14:29:02","date_gmt":"2021-09-27T12:29:02","guid":{"rendered":"https:\/\/camping-lestaubiere.fr\/camping-perigueux\/"},"modified":"2021-12-16T11:46:35","modified_gmt":"2021-12-16T10:46:35","slug":"kamperen-perigueux","status":"publish","type":"page","link":"https:\/\/camping-lestaubiere.fr\/nl\/kamperen-perigueux\/","title":{"rendered":"P\u00e9rigueux"},"content":{"rendered":"<section id=\"section-614841dd5d83e\"\" class=\"section bg-white p-b-0\" \/><div class=\"container\"><h1 class=\"element section-title center color2\">Kamperen op 28 km van P\u00e9rigueux<\/h1><\/div><\/section>\n\n<section id=\"section-614841dd5db9d\"\" class=\"section bg-white p-b-0\" \/><div class=\"container extralarge\"><div class=\"colonnes-wrap valign-middle \"><div class=\"element colonne p-r-5\"><h2 class=\"element section-title left color1\">Wat te zien in P\u00e9rigueux<\/h2><div class=\"element bloc-text left \">\n\t<p>P\u00e9rigueux ligt op 30 minuten van de camping. Een <strong class=\"bold color3\">aangename stad<\/strong> waar veel te doen is. Top 5 van must-sees in P\u00e9rigueux.<\/p>\n<ul>\n<li>De kathedraal Saint-Front in het centrum van de oude stad P\u00e9rigueux.<\/li>\n<li>De tuin van de Arenas, een prachtige openbare <strong class=\"bold color3\">tuin<\/strong>.<\/li>\n<li>Militair museum van de P\u00e9rigord, een van de mooiste musea van Frankrijk over het militaire thema.<\/li>\n<li>De Villa Mauresque, laat u verrassen door een <strong class=\"bold color3\">architectuur<\/strong> die recht uit het Oosten komt, terwijl u door de straten van P\u00e9rigueux wandelt.<\/li>\n<li>Parc Gamenson, meer dan een hectare, versierd met grote bomen. In deze ruimte vinden regelmatig culturele evenementen plaats.<\/li>\n<\/ul>\n<\/div><\/div><div class=\"element colonne fancybox-multi\"><div class=\"element fancybox-container\"><a class=\"fancybox\" href=\"https:\/\/camping-lestaubiere.fr\/wp-content\/uploads\/2021\/09\/camping-tourisme-perigueux-cathedrale-saint-front.jpg\"><img decoding=\"async\" src=\"https:\/\/camping-lestaubiere.fr\/wp-content\/uploads\/2021\/09\/camping-tourisme-perigueux-cathedrale-saint-front-100x67.jpg\" data-src=\"https:\/\/camping-lestaubiere.fr\/wp-content\/uploads\/2021\/09\/camping-tourisme-perigueux-cathedrale-saint-front.jpg\" alt=\"camping perigueux cathedrale saint front\" class=\"images_image\" \/><\/a><a class=\"fancybox\" href=\"https:\/\/camping-lestaubiere.fr\/wp-content\/uploads\/2021\/09\/camping-tourisme-perigueux-architecture.jpg\"><img decoding=\"async\" src=\"https:\/\/camping-lestaubiere.fr\/wp-content\/uploads\/2021\/09\/camping-tourisme-perigueux-architecture-100x67.jpg\" data-src=\"https:\/\/camping-lestaubiere.fr\/wp-content\/uploads\/2021\/09\/camping-tourisme-perigueux-architecture.jpg\" alt=\"camping perigueux architecture\" class=\"images_image\" \/><\/a><a class=\"fancybox\" href=\"https:\/\/camping-lestaubiere.fr\/wp-content\/uploads\/2021\/09\/camping-perigueux-parc.jpg\"><img decoding=\"async\" src=\"https:\/\/camping-lestaubiere.fr\/wp-content\/uploads\/2021\/09\/camping-perigueux-parc-100x67.jpg\" data-src=\"https:\/\/camping-lestaubiere.fr\/wp-content\/uploads\/2021\/09\/camping-perigueux-parc.jpg\" alt=\"camping perigueux parc\" class=\"images_image\" \/><\/a><\/div><\/div><\/div><\/div><\/section>\n\n<section id=\"section-614841dd5de1f\"\" class=\"section bg-color5\" \/><div class=\"container extralarge\"><div class=\"colonnes-wrap valign-middle \"><div class=\"element colonne \"><div class=\"element fancybox-container\"><a class=\"fancybox\" href=\"https:\/\/camping-lestaubiere.fr\/wp-content\/uploads\/2021\/09\/camping-perigueux-quais-de-l-isle-1.jpg\"><img decoding=\"async\" src=\"https:\/\/camping-lestaubiere.fr\/wp-content\/uploads\/2021\/09\/camping-perigueux-quais-de-l-isle-1-100x67.jpg\" data-src=\"https:\/\/camping-lestaubiere.fr\/wp-content\/uploads\/2021\/09\/camping-perigueux-quais-de-l-isle-1.jpg\" alt=\"camping perigueux quais de l isle\" class=\"images_image\" \/><\/a><\/div><\/div><div class=\"element colonne p-l-5\"><h2 class=\"element section-title left color1\">Dingen om te doen in P\u00e9rigueux<\/h2><div class=\"element bloc-text justify \">\n\t<p>P\u00e9rigueux ligt op 30 km van de camping. Dit is onze top 5 van dingen die u kunt doen in P\u00e9rigueux:<\/p>\n<ul>\n<li>Voie verte des<strong class=\"bold color3\"> berges de l&#8217;Isle<\/strong>: wandelend of fietsend kunt u de stad P\u00e9rigueux doorkruisen, van de ene oever naar de andere, dankzij de voetgangersbruggen.<\/li>\n<li><strong class=\"bold color3\">Klein toeristentreintje<\/strong> van P\u00e9rigueux. In minder dan een uur ziet u de belangrijkste bezienswaardigheden.<\/li>\n<li>De <strong class=\"bold color3\">markten van P\u00e9rigueux<\/strong>: traditionele markten, truffelmarkt&#8230;vraag naar de dagen van de markten, ze zijn de omwegen waard.<\/li>\n<li>Voor een uitgebreid bezoek aan P\u00e9rigueux kunt u bij het Office du Tourisme een rondleiding boeken.<\/li>\n<li>Voor de nachtbrakers zijn er nachtmarkten en activiteiten om <strong class=\"bold color3\">P\u00e9rigueux bij nacht te ontdekken<\/strong>.<\/li>\n<\/ul>\n<\/div><\/div><\/div><\/div><\/section>\n\n<section id=\"section-614841dd5df4d\"\" data-bg-opacite=\"0.2\"data-background=\"https:\/\/camping-lestaubiere.fr\/wp-content\/uploads\/2021\/09\/camping-tourisme-perigueux-musee-gallo-romain.jpg\"data-speed=\"0.8\"class=\"section parallax-section bg-white section--has-bg-img section_bg-parallax\" \/><div class=\"container full\"><\/div><\/section>\n\n<section id=\"section-614841dd5e1a6\"\" class=\"section bg-white\" \/><div class=\"container extralarge\"><div class=\"colonnes-wrap valign-middle \"><div class=\"element colonne p-r-5\"><h2 class=\"element section-title left color1\">Camping bij P\u00e9rigueux<\/h2><div class=\"element bloc-text left \">\n\t<p>Camping Lestaubi\u00e8re ligt in de buurt van P\u00e9rigueux, op 28 km afstand, ongeveer 30 minuten met de auto. De hoofdstad van de P\u00e9rigord ligt binnen handbereik van de camping, zodat u tegen een lage prijs in een<strong class=\"bold color3\"> groene omgeving kunt verblijven<\/strong>, terwijl u gemakkelijk kunt genieten van wat de stad P\u00e9rigueux te bieden heeft.<\/p>\n<p>De camping beschikt over een zwemparadijs: buitenzwembad, apart peuterbad en een <strong class=\"bold color3\">visvijver<\/strong> die te voet bereikbaar is. Accommodatie en staanplaatsen te huur tegen de beste prijzen in het departement Dordogne. De camping is ideaal gelegen, met een veelheid van dingen te doen en te zien en te bezoeken in de buurt, zoals Bergerac&#8230;<\/p>\n<\/div><\/div><div class=\"element colonne \"><div class=\"element fancybox-container\"><a class=\"fancybox\" href=\"https:\/\/camping-lestaubiere.fr\/wp-content\/uploads\/2021\/09\/camping-tourisme-perigueux-marches.jpg\"><img decoding=\"async\" src=\"https:\/\/camping-lestaubiere.fr\/wp-content\/uploads\/2021\/09\/camping-tourisme-perigueux-marches-100x67.jpg\" data-src=\"https:\/\/camping-lestaubiere.fr\/wp-content\/uploads\/2021\/09\/camping-tourisme-perigueux-marches.jpg\" alt=\"camping  perigueux marches\" class=\"images_image\" \/><\/a><\/div><\/div><\/div><\/div><\/section>\n\n<section id=\"section-614841dd5e422\"\" class=\"section bg-white\" \/><div class=\"container large\"><div class=\"element section-title center titre-cta\">Ontdek Bergerac en de Dordogne<\/div><ul class=\"liste-de-page\"><li class=\"element call-to-action carre call-to-action--style-1 call-to-action--big\"><a href=\"https:\/\/camping-lestaubiere.fr\/nl\/kamperen-bergerac\/\"  class=\"call-to-action_link\" title=\"Lees meer over bergerac\"><div class=\"call-to-action_image\"><img decoding=\"async\" src=\"https:\/\/camping-lestaubiere.fr\/wp-content\/uploads\/2021\/09\/camping-tourisme-bergerac-vieux-pont-100x57.jpg\" data-src=\"https:\/\/camping-lestaubiere.fr\/wp-content\/uploads\/2021\/09\/camping-tourisme-bergerac-vieux-pont.jpg\" alt=\"camping tourisme bergerac vieux pont\" class=\"big\" \/><\/div><div class=\"call-to-action_contenu\"><div class=\"call-to-action_titre\">Bergerac<\/div><\/div><\/a><\/li><li class=\"element call-to-action carre call-to-action--style-1 call-to-action--big call-to-action--style-1 call-to-action--big\"><a href=\"https:\/\/camping-lestaubiere.fr\/nl\/kamperen-animaties-douville\/\"  class=\"call-to-action_link\" title=\"Lees meer over animaties\"><div class=\"call-to-action_image\"><img decoding=\"async\" src=\"https:\/\/camping-lestaubiere.fr\/wp-content\/uploads\/2021\/09\/camping-terrain-de-jeux-douville-1-100x57.jpg\" data-src=\"https:\/\/camping-lestaubiere.fr\/wp-content\/uploads\/2021\/09\/camping-terrain-de-jeux-douville-1.jpg\" alt=\"camping terrain de jeux douville\" class=\"big\" \/><\/div><div class=\"call-to-action_contenu\"><div class=\"call-to-action_titre\">Animaties<\/div><\/div><\/a><\/li><li class=\"element call-to-action carre call-to-action--style-1 call-to-action--big call-to-action--style-1 call-to-action--big call-to-action--style-1 call-to-action--big\"><a href=\"https:\/\/camping-lestaubiere.fr\/nl\/toerisme-dordogne\/\"  class=\"call-to-action_link\" title=\"Lees meer over dordogne\"><div class=\"call-to-action_image\"><img decoding=\"async\" src=\"https:\/\/camping-lestaubiere.fr\/wp-content\/uploads\/2021\/09\/camping-tourisme-dordogne-pont-de-pierrel-100x57.jpg\" data-src=\"https:\/\/camping-lestaubiere.fr\/wp-content\/uploads\/2021\/09\/camping-tourisme-dordogne-pont-de-pierrel.jpg\" alt=\"camping dordogne pont de pierrel\" class=\"big\" \/><\/div><div class=\"call-to-action_contenu\"><div class=\"call-to-action_titre\">Dordogne<\/div><\/div><\/a><\/li><\/ul><\/div><\/section>","protected":false},"excerpt":{"rendered":"","protected":false},"author":1,"featured_media":1829,"parent":0,"menu_order":0,"comment_status":"closed","ping_status":"closed","template":"","meta":{"_acf_changed":false,"footnotes":""},"class_list":["post-2495","page","type-page","status-publish","has-post-thumbnail","hentry"],"acf":[],"yoast_head":"<!-- This site is optimized with the Yoast SEO plugin v25.2 - https:\/\/yoast.com\/wordpress\/plugins\/seo\/ -->\n<title>Kamperen in de buurt van P\u00e9rigueux | Dingen om te doen en te zien in P\u00e9rigueux<\/title>\n<meta name=\"robots\" content=\"index, follow, max-snippet:-1, max-image-preview:large, max-video-preview:-1\" \/>\n<link rel=\"canonical\" href=\"https:\/\/camping-lestaubiere.fr\/nl\/kamperen-perigueux\/\" \/>\n<meta property=\"og:locale\" content=\"nl_NL\" \/>\n<meta property=\"og:type\" content=\"article\" \/>\n<meta property=\"og:title\" content=\"Kamperen in de buurt van P\u00e9rigueux | Dingen om te doen en te zien in P\u00e9rigueux\" \/>\n<meta property=\"og:url\" content=\"https:\/\/camping-lestaubiere.fr\/nl\/kamperen-perigueux\/\" \/>\n<meta property=\"og:site_name\" content=\"Camping Lestaubi\u00e8re\" \/>\n<meta property=\"article:modified_time\" content=\"2021-12-16T10:46:35+00:00\" \/>\n<meta property=\"og:image\" content=\"https:\/\/camping-lestaubiere.fr\/wp-content\/uploads\/2021\/09\/camping-tourisme-perigueux-berges-de-l-isle.jpg\" \/>\n\t<meta property=\"og:image:width\" content=\"1900\" \/>\n\t<meta property=\"og:image:height\" content=\"700\" \/>\n\t<meta property=\"og:image:type\" content=\"image\/jpeg\" \/>\n<meta name=\"twitter:card\" content=\"summary_large_image\" \/>\n<script type=\"application\/ld+json\" class=\"yoast-schema-graph\">{\"@context\":\"https:\/\/schema.org\",\"@graph\":[{\"@type\":\"WebPage\",\"@id\":\"https:\/\/camping-lestaubiere.fr\/nl\/kamperen-perigueux\/\",\"url\":\"https:\/\/camping-lestaubiere.fr\/nl\/kamperen-perigueux\/\",\"name\":\"Kamperen in de buurt van P\u00e9rigueux | Dingen om te doen en te zien in P\u00e9rigueux\",\"isPartOf\":{\"@id\":\"https:\/\/camping-lestaubiere.fr\/nl\/#website\"},\"primaryImageOfPage\":{\"@id\":\"https:\/\/camping-lestaubiere.fr\/nl\/kamperen-perigueux\/#primaryimage\"},\"image\":{\"@id\":\"https:\/\/camping-lestaubiere.fr\/nl\/kamperen-perigueux\/#primaryimage\"},\"thumbnailUrl\":\"https:\/\/camping-lestaubiere.fr\/wp-content\/uploads\/2021\/09\/camping-tourisme-perigueux-berges-de-l-isle.jpg\",\"datePublished\":\"2021-09-27T12:29:02+00:00\",\"dateModified\":\"2021-12-16T10:46:35+00:00\",\"breadcrumb\":{\"@id\":\"https:\/\/camping-lestaubiere.fr\/nl\/kamperen-perigueux\/#breadcrumb\"},\"inLanguage\":\"nl-NL\",\"potentialAction\":[{\"@type\":\"ReadAction\",\"target\":[\"https:\/\/camping-lestaubiere.fr\/nl\/kamperen-perigueux\/\"]}]},{\"@type\":\"ImageObject\",\"inLanguage\":\"nl-NL\",\"@id\":\"https:\/\/camping-lestaubiere.fr\/nl\/kamperen-perigueux\/#primaryimage\",\"url\":\"https:\/\/camping-lestaubiere.fr\/wp-content\/uploads\/2021\/09\/camping-tourisme-perigueux-berges-de-l-isle.jpg\",\"contentUrl\":\"https:\/\/camping-lestaubiere.fr\/wp-content\/uploads\/2021\/09\/camping-tourisme-perigueux-berges-de-l-isle.jpg\",\"width\":1900,\"height\":700,\"caption\":\"camping tourisme perigueux berges de l isle\"},{\"@type\":\"BreadcrumbList\",\"@id\":\"https:\/\/camping-lestaubiere.fr\/nl\/kamperen-perigueux\/#breadcrumb\",\"itemListElement\":[{\"@type\":\"ListItem\",\"position\":1,\"name\":\"Kamperen Dordogne\",\"item\":\"https:\/\/camping-lestaubiere.fr\/nl\/\"},{\"@type\":\"ListItem\",\"position\":2,\"name\":\"Kamperen bij P\u00e9rigueux\"}]},{\"@type\":\"WebSite\",\"@id\":\"https:\/\/camping-lestaubiere.fr\/nl\/#website\",\"url\":\"https:\/\/camping-lestaubiere.fr\/nl\/\",\"name\":\"Camping Lestaubi\u00e8re\",\"description\":\"\",\"publisher\":{\"@id\":\"https:\/\/camping-lestaubiere.fr\/nl\/#organization\"},\"potentialAction\":[{\"@type\":\"SearchAction\",\"target\":{\"@type\":\"EntryPoint\",\"urlTemplate\":\"https:\/\/camping-lestaubiere.fr\/nl\/?s={search_term_string}\"},\"query-input\":{\"@type\":\"PropertyValueSpecification\",\"valueRequired\":true,\"valueName\":\"search_term_string\"}}],\"inLanguage\":\"nl-NL\"},{\"@type\":\"Organization\",\"@id\":\"https:\/\/camping-lestaubiere.fr\/nl\/#organization\",\"name\":\"Camping Lestaubiere\",\"url\":\"https:\/\/camping-lestaubiere.fr\/nl\/\",\"logo\":{\"@type\":\"ImageObject\",\"inLanguage\":\"nl-NL\",\"@id\":\"https:\/\/camping-lestaubiere.fr\/nl\/#\/schema\/logo\/image\/\",\"url\":\"https:\/\/camping-lestaubiere.fr\/wp-content\/uploads\/2021\/09\/logo-camping-lestaubiere.png\",\"contentUrl\":\"https:\/\/camping-lestaubiere.fr\/wp-content\/uploads\/2021\/09\/logo-camping-lestaubiere.png\",\"width\":259,\"height\":89,\"caption\":\"Camping Lestaubiere\"},\"image\":{\"@id\":\"https:\/\/camping-lestaubiere.fr\/nl\/#\/schema\/logo\/image\/\"}}]}<\/script>\n<!-- \/ Yoast SEO plugin. -->","yoast_head_json":{"title":"Kamperen in de buurt van P\u00e9rigueux | Dingen om te doen en te zien in P\u00e9rigueux","robots":{"index":"index","follow":"follow","max-snippet":"max-snippet:-1","max-image-preview":"max-image-preview:large","max-video-preview":"max-video-preview:-1"},"canonical":"https:\/\/camping-lestaubiere.fr\/nl\/kamperen-perigueux\/","og_locale":"nl_NL","og_type":"article","og_title":"Kamperen in de buurt van P\u00e9rigueux | Dingen om te doen en te zien in P\u00e9rigueux","og_url":"https:\/\/camping-lestaubiere.fr\/nl\/kamperen-perigueux\/","og_site_name":"Camping Lestaubi\u00e8re","article_modified_time":"2021-12-16T10:46:35+00:00","og_image":[{"width":1900,"height":700,"url":"https:\/\/camping-lestaubiere.fr\/wp-content\/uploads\/2021\/09\/camping-tourisme-perigueux-berges-de-l-isle.jpg","type":"image\/jpeg"}],"twitter_card":"summary_large_image","schema":{"@context":"https:\/\/schema.org","@graph":[{"@type":"WebPage","@id":"https:\/\/camping-lestaubiere.fr\/nl\/kamperen-perigueux\/","url":"https:\/\/camping-lestaubiere.fr\/nl\/kamperen-perigueux\/","name":"Kamperen in de buurt van P\u00e9rigueux | Dingen om te doen en te zien in P\u00e9rigueux","isPartOf":{"@id":"https:\/\/camping-lestaubiere.fr\/nl\/#website"},"primaryImageOfPage":{"@id":"https:\/\/camping-lestaubiere.fr\/nl\/kamperen-perigueux\/#primaryimage"},"image":{"@id":"https:\/\/camping-lestaubiere.fr\/nl\/kamperen-perigueux\/#primaryimage"},"thumbnailUrl":"https:\/\/camping-lestaubiere.fr\/wp-content\/uploads\/2021\/09\/camping-tourisme-perigueux-berges-de-l-isle.jpg","datePublished":"2021-09-27T12:29:02+00:00","dateModified":"2021-12-16T10:46:35+00:00","breadcrumb":{"@id":"https:\/\/camping-lestaubiere.fr\/nl\/kamperen-perigueux\/#breadcrumb"},"inLanguage":"nl-NL","potentialAction":[{"@type":"ReadAction","target":["https:\/\/camping-lestaubiere.fr\/nl\/kamperen-perigueux\/"]}]},{"@type":"ImageObject","inLanguage":"nl-NL","@id":"https:\/\/camping-lestaubiere.fr\/nl\/kamperen-perigueux\/#primaryimage","url":"https:\/\/camping-lestaubiere.fr\/wp-content\/uploads\/2021\/09\/camping-tourisme-perigueux-berges-de-l-isle.jpg","contentUrl":"https:\/\/camping-lestaubiere.fr\/wp-content\/uploads\/2021\/09\/camping-tourisme-perigueux-berges-de-l-isle.jpg","width":1900,"height":700,"caption":"camping tourisme perigueux berges de l isle"},{"@type":"BreadcrumbList","@id":"https:\/\/camping-lestaubiere.fr\/nl\/kamperen-perigueux\/#breadcrumb","itemListElement":[{"@type":"ListItem","position":1,"name":"Kamperen Dordogne","item":"https:\/\/camping-lestaubiere.fr\/nl\/"},{"@type":"ListItem","position":2,"name":"Kamperen bij P\u00e9rigueux"}]},{"@type":"WebSite","@id":"https:\/\/camping-lestaubiere.fr\/nl\/#website","url":"https:\/\/camping-lestaubiere.fr\/nl\/","name":"Camping Lestaubi\u00e8re","description":"","publisher":{"@id":"https:\/\/camping-lestaubiere.fr\/nl\/#organization"},"potentialAction":[{"@type":"SearchAction","target":{"@type":"EntryPoint","urlTemplate":"https:\/\/camping-lestaubiere.fr\/nl\/?s={search_term_string}"},"query-input":{"@type":"PropertyValueSpecification","valueRequired":true,"valueName":"search_term_string"}}],"inLanguage":"nl-NL"},{"@type":"Organization","@id":"https:\/\/camping-lestaubiere.fr\/nl\/#organization","name":"Camping Lestaubiere","url":"https:\/\/camping-lestaubiere.fr\/nl\/","logo":{"@type":"ImageObject","inLanguage":"nl-NL","@id":"https:\/\/camping-lestaubiere.fr\/nl\/#\/schema\/logo\/image\/","url":"https:\/\/camping-lestaubiere.fr\/wp-content\/uploads\/2021\/09\/logo-camping-lestaubiere.png","contentUrl":"https:\/\/camping-lestaubiere.fr\/wp-content\/uploads\/2021\/09\/logo-camping-lestaubiere.png","width":259,"height":89,"caption":"Camping Lestaubiere"},"image":{"@id":"https:\/\/camping-lestaubiere.fr\/nl\/#\/schema\/logo\/image\/"}}]}},"_links":{"self":[{"href":"https:\/\/camping-lestaubiere.fr\/nl\/wp-json\/wp\/v2\/pages\/2495","targetHints":{"allow":["GET"]}}],"collection":[{"href":"https:\/\/camping-lestaubiere.fr\/nl\/wp-json\/wp\/v2\/pages"}],"about":[{"href":"https:\/\/camping-lestaubiere.fr\/nl\/wp-json\/wp\/v2\/types\/page"}],"author":[{"embeddable":true,"href":"https:\/\/camping-lestaubiere.fr\/nl\/wp-json\/wp\/v2\/users\/1"}],"replies":[{"embeddable":true,"href":"https:\/\/camping-lestaubiere.fr\/nl\/wp-json\/wp\/v2\/comments?post=2495"}],"version-history":[{"count":4,"href":"https:\/\/camping-lestaubiere.fr\/nl\/wp-json\/wp\/v2\/pages\/2495\/revisions"}],"predecessor-version":[{"id":2955,"href":"https:\/\/camping-lestaubiere.fr\/nl\/wp-json\/wp\/v2\/pages\/2495\/revisions\/2955"}],"wp:featuredmedia":[{"embeddable":true,"href":"https:\/\/camping-lestaubiere.fr\/nl\/wp-json\/wp\/v2\/media\/1829"}],"wp:attachment":[{"href":"https:\/\/camping-lestaubiere.fr\/nl\/wp-json\/wp\/v2\/media?parent=2495"}],"curies":[{"name":"wp","href":"https:\/\/api.w.org\/{rel}","templated":true}]}}