{"id":2412,"date":"2021-09-27T15:23:00","date_gmt":"2021-09-27T13:23:00","guid":{"rendered":"https:\/\/camping-lestaubiere.fr\/camping-bergerac\/"},"modified":"2021-12-16T11:46:57","modified_gmt":"2021-12-16T10:46:57","slug":"kamperen-bergerac","status":"publish","type":"page","link":"https:\/\/camping-lestaubiere.fr\/nl\/kamperen-bergerac\/","title":{"rendered":"Bergerac"},"content":{"rendered":"<section id=\"section-614841dd5d83e\"\" class=\"section bg-white p-b-0\" \/><div class=\"container\"><h1 class=\"element section-title center color2\">Kamperen op 20 km van Bergerac<\/h1><\/div><\/section>\n\n<section id=\"section-614841dd5db9d\"\" class=\"section bg-white p-b-0\" \/><div class=\"container extralarge\"><div class=\"colonnes-wrap valign-middle \"><div class=\"element colonne p-r-5\"><h2 class=\"element section-title left color1\">Bezienswaardigheden in Bergerac<\/h2><div class=\"element bloc-text left \">\n\t<p>Top 5 dingen om te zien in Bergerac :<\/p>\n<ul>\n<li>De <strong class=\"bold color1\">oude stad<\/strong> van Bergerac<\/li>\n<li>Tabaksmuseum: Bergerac heeft een van de laatste tabaksplantages van Europa, een interessante geschiedenis van deze industrie om te ontdekken.<\/li>\n<li>Cyrano natuurlijk! Twee<strong class=\"bold color1\"> standbeelden van Cyrano<\/strong>: \u00e9\u00e9n op de Place P\u00e9lissi\u00e8re en het andere in de Rue de la Mirpe.<\/li>\n<li><strong class=\"bold color1\">Lac de Pombonne<\/strong> in een groot park, zwemmen onder toezicht in het zomerseizoen.<\/li>\n<li>Le Clo\u00eetre des R\u00e9collets: om veel te leren over de <strong class=\"bold color1\">oenologie<\/strong> en de wereldberoemde wijnbouw van de Bergerac streek.<\/li>\n<\/ul>\n<\/div><\/div><div class=\"element colonne fancybox-multi\"><div class=\"element fancybox-container\"><a class=\"fancybox\" href=\"https:\/\/camping-lestaubiere.fr\/wp-content\/uploads\/2021\/09\/camping-bergerac-eglise-notre-dame.jpg\"><img decoding=\"async\" src=\"https:\/\/camping-lestaubiere.fr\/wp-content\/uploads\/2021\/09\/camping-bergerac-eglise-notre-dame-100x67.jpg\" data-src=\"https:\/\/camping-lestaubiere.fr\/wp-content\/uploads\/2021\/09\/camping-bergerac-eglise-notre-dame.jpg\" alt=\"camping bergerac eglise notre dame\" class=\"images_image\" \/><\/a><a class=\"fancybox\" href=\"https:\/\/camping-lestaubiere.fr\/wp-content\/uploads\/2021\/09\/camping-bergerac-vieille-ville.jpg\"><img decoding=\"async\" src=\"https:\/\/camping-lestaubiere.fr\/wp-content\/uploads\/2021\/09\/camping-bergerac-vieille-ville-100x67.jpg\" data-src=\"https:\/\/camping-lestaubiere.fr\/wp-content\/uploads\/2021\/09\/camping-bergerac-vieille-ville.jpg\" alt=\"camping bergerac vieille ville\" class=\"images_image\" \/><\/a><a class=\"fancybox\" href=\"https:\/\/camping-lestaubiere.fr\/wp-content\/uploads\/2021\/09\/camping-bergerac-statue-cyrano.jpg\"><img decoding=\"async\" src=\"https:\/\/camping-lestaubiere.fr\/wp-content\/uploads\/2021\/09\/camping-bergerac-statue-cyrano-100x67.jpg\" data-src=\"https:\/\/camping-lestaubiere.fr\/wp-content\/uploads\/2021\/09\/camping-bergerac-statue-cyrano.jpg\" alt=\"camping bergerac statue cyrano\" class=\"images_image\" \/><\/a><\/div><\/div><\/div><\/div><\/section>\n\n<section id=\"section-614841dd5de1f\"\" class=\"section bg-color5\" \/><div class=\"container extralarge\"><div class=\"colonnes-wrap valign-middle \"><div class=\"element colonne \"><div class=\"element fancybox-container\"><a class=\"fancybox\" href=\"https:\/\/camping-lestaubiere.fr\/wp-content\/uploads\/2021\/09\/camping-bergerac-cloitre-des-recollets.jpg\"><img decoding=\"async\" src=\"https:\/\/camping-lestaubiere.fr\/wp-content\/uploads\/2021\/09\/camping-bergerac-cloitre-des-recollets-100x67.jpg\" data-src=\"https:\/\/camping-lestaubiere.fr\/wp-content\/uploads\/2021\/09\/camping-bergerac-cloitre-des-recollets.jpg\" alt=\"camping bergerac cloitre des recollets\" class=\"images_image\" \/><\/a><\/div><\/div><div class=\"element colonne p-l-5\"><h2 class=\"element section-title left color1\">Dingen om te doen in Bergerac<\/h2><div class=\"element bloc-text justify \">\n\t<p>Top 5 dingen om te doen in Bergerac:<\/p>\n<ul>\n<li>Bergerac, een belangrijk wijnproducerend gebied. Sommige kastelen, zoals <strong class=\"bold color1\">Court les M\u00fbts<\/strong> in Saussignac, bieden <strong class=\"bold color1\">wijnproeverijen<\/strong> aan en hebben hun eigen wijnmuseum.<\/li>\n<li>Het Ch\u00e2teau de Monbazillac, omgeven door een van Bergeracs beroemdste <strong class=\"bold color1\">wijngaarden<\/strong>.<\/li>\n<li>Kano\u00ebn en kajakken op de <strong class=\"bold color1\">rivieren<\/strong> bij Bergerac.<\/li>\n<li>Wandelroutes rond Bergerac om <strong class=\"bold color1\">de schoonheid van het omliggende landschap<\/strong> te ontdekken.<\/li>\n<li>Als u in de zomer in Bergerac bent, profiteer dan <strong class=\"bold color1\">van de culturele<\/strong>, muzikale en sportieve evenementen.<\/li>\n<\/ul>\n<\/div><\/div><\/div><\/div><\/section>\n\n<section id=\"section-614841dd5df4d\"\" data-bg-opacite=\"0.2\"data-background=\"https:\/\/camping-lestaubiere.fr\/wp-content\/uploads\/2021\/09\/camping-bergerac-vignoble.jpg\"data-speed=\"0.8\"class=\"section parallax-section bg-white section--has-bg-img section_bg-parallax\" \/><div class=\"container full\"><\/div><\/section>\n\n<section id=\"section-614841dd5e1a6\"\" class=\"section bg-white\" \/><div class=\"container extralarge\"><div class=\"colonnes-wrap valign-middle \"><div class=\"element colonne p-r-5\"><h2 class=\"element section-title left color1\">Camping bij Bergerac<\/h2><div class=\"element bloc-text left \">\n\t<p>Op slechts 20 km en minder dan een half uur rijden, ligt de camping dicht bij Bergerac. Hier vindt u een uitstekend compromis tussen de <strong class=\"bold color1\">nabijheid van Bergerac<\/strong> en het comfort van een camping met zwembad, visvijver, groenvoorziening en moderne voorzieningen. Bezoek P\u00e9rigueux en Bergerac, door het huren van uw accommodatie (stacaravans, tent lodges of standplaatsen) tegen een lage prijs en ideaal gelegen in de buurt van Bergerac.<\/p>\n<p>Er is geen gebrek aan dingen om te doen: met het gezin, met z&#8217;n twee\u00ebn of met vrienden. Geniet van de geneugten van de camping in Douville en van de culturele rijkdommen van een emblematische stad in de Dordogne, geklasseerd als <strong class=\"bold color1\">Stad van Kunst en Geschiedenis<\/strong>.<\/p>\n<\/div><\/div><div class=\"element colonne \"><div class=\"element fancybox-container\"><a class=\"fancybox\" href=\"https:\/\/camping-lestaubiere.fr\/wp-content\/uploads\/2021\/09\/camping-bergerac-chateau-montbazillac.jpg\"><img decoding=\"async\" src=\"https:\/\/camping-lestaubiere.fr\/wp-content\/uploads\/2021\/09\/camping-bergerac-chateau-montbazillac-100x67.jpg\" data-src=\"https:\/\/camping-lestaubiere.fr\/wp-content\/uploads\/2021\/09\/camping-bergerac-chateau-montbazillac.jpg\" alt=\"camping bergerac chateau montbazillac\" class=\"images_image\" \/><\/a><\/div><\/div><\/div><\/div><\/section>\n\n<section id=\"section-614841dd5e422\"\" class=\"section bg-white\" \/><div class=\"container large\"><div class=\"element section-title center titre-cta\">Ontdek de Dordogne en P\u00e9rigueux<\/div><ul class=\"liste-de-page\"><li class=\"element call-to-action carre call-to-action--style-1 call-to-action--big\"><a href=\"https:\/\/camping-lestaubiere.fr\/nl\/kamperen-animaties-douville\/\"  class=\"call-to-action_link\" title=\"Lees meer over animaties\"><div class=\"call-to-action_image\"><img decoding=\"async\" src=\"https:\/\/camping-lestaubiere.fr\/wp-content\/uploads\/2021\/09\/camping-terrain-de-jeux-douville-1-100x57.jpg\" data-src=\"https:\/\/camping-lestaubiere.fr\/wp-content\/uploads\/2021\/09\/camping-terrain-de-jeux-douville-1.jpg\" alt=\"camping terrain de jeux douville\" class=\"big\" \/><\/div><div class=\"call-to-action_contenu\"><div class=\"call-to-action_titre\">Animaties<\/div><\/div><\/a><\/li><li class=\"element call-to-action carre call-to-action--style-1 call-to-action--big call-to-action--style-1 call-to-action--big\"><a href=\"https:\/\/camping-lestaubiere.fr\/nl\/toerisme-dordogne\/\"  class=\"call-to-action_link\" title=\"Lees meer over dordogne\"><div class=\"call-to-action_image\"><img decoding=\"async\" src=\"https:\/\/camping-lestaubiere.fr\/wp-content\/uploads\/2021\/09\/camping-tourisme-dordogne-pont-de-pierrel-100x57.jpg\" data-src=\"https:\/\/camping-lestaubiere.fr\/wp-content\/uploads\/2021\/09\/camping-tourisme-dordogne-pont-de-pierrel.jpg\" alt=\"camping dordogne pont de pierrel\" class=\"big\" \/><\/div><div class=\"call-to-action_contenu\"><div class=\"call-to-action_titre\">Dordogne<\/div><\/div><\/a><\/li><li class=\"element call-to-action carre call-to-action--style-1 call-to-action--big call-to-action--style-1 call-to-action--big call-to-action--style-1 call-to-action--big\"><a href=\"https:\/\/camping-lestaubiere.fr\/nl\/kamperen-perigueux\/\"  class=\"call-to-action_link\" title=\"Lees meer over p\u00e9rigueux\"><div class=\"call-to-action_image\"><img decoding=\"async\" src=\"https:\/\/camping-lestaubiere.fr\/wp-content\/uploads\/2021\/09\/camping-perigueux-berges-de-l-isle-100x57.jpg\" data-src=\"https:\/\/camping-lestaubiere.fr\/wp-content\/uploads\/2021\/09\/camping-perigueux-berges-de-l-isle.jpg\" alt=\"camping perigueux berges de l isle\" class=\"big\" \/><\/div><div class=\"call-to-action_contenu\"><div class=\"call-to-action_titre\">P\u00e9rigueux<\/div><\/div><\/a><\/li><\/ul><\/div><\/section>","protected":false},"excerpt":{"rendered":"","protected":false},"author":1,"featured_media":1875,"parent":0,"menu_order":0,"comment_status":"closed","ping_status":"closed","template":"","meta":{"_acf_changed":false,"footnotes":""},"class_list":["post-2412","page","type-page","status-publish","has-post-thumbnail","hentry"],"acf":[],"yoast_head":"<!-- This site is optimized with the Yoast SEO plugin v25.2 - https:\/\/yoast.com\/wordpress\/plugins\/seo\/ -->\n<title>Kamperen in de buurt van Bergerac | Dingen om te doen en te zien in Bergerac<\/title>\n<meta name=\"robots\" content=\"index, follow, max-snippet:-1, max-image-preview:large, max-video-preview:-1\" \/>\n<link rel=\"canonical\" href=\"https:\/\/camping-lestaubiere.fr\/nl\/kamperen-bergerac\/\" \/>\n<meta property=\"og:locale\" content=\"nl_NL\" \/>\n<meta property=\"og:type\" content=\"article\" \/>\n<meta property=\"og:title\" content=\"Kamperen in de buurt van Bergerac | Dingen om te doen en te zien in Bergerac\" \/>\n<meta property=\"og:url\" content=\"https:\/\/camping-lestaubiere.fr\/nl\/kamperen-bergerac\/\" \/>\n<meta property=\"og:site_name\" content=\"Camping Lestaubi\u00e8re\" \/>\n<meta property=\"article:modified_time\" content=\"2021-12-16T10:46:57+00:00\" \/>\n<meta property=\"og:image\" content=\"https:\/\/camping-lestaubiere.fr\/wp-content\/uploads\/2021\/09\/camping-bergerac-vieux-pont.jpg\" \/>\n\t<meta property=\"og:image:width\" content=\"1900\" \/>\n\t<meta property=\"og:image:height\" content=\"700\" \/>\n\t<meta property=\"og:image:type\" content=\"image\/jpeg\" \/>\n<meta name=\"twitter:card\" content=\"summary_large_image\" \/>\n<script type=\"application\/ld+json\" class=\"yoast-schema-graph\">{\"@context\":\"https:\/\/schema.org\",\"@graph\":[{\"@type\":\"WebPage\",\"@id\":\"https:\/\/camping-lestaubiere.fr\/nl\/kamperen-bergerac\/\",\"url\":\"https:\/\/camping-lestaubiere.fr\/nl\/kamperen-bergerac\/\",\"name\":\"Kamperen in de buurt van Bergerac | Dingen om te doen en te zien in Bergerac\",\"isPartOf\":{\"@id\":\"https:\/\/camping-lestaubiere.fr\/nl\/#website\"},\"primaryImageOfPage\":{\"@id\":\"https:\/\/camping-lestaubiere.fr\/nl\/kamperen-bergerac\/#primaryimage\"},\"image\":{\"@id\":\"https:\/\/camping-lestaubiere.fr\/nl\/kamperen-bergerac\/#primaryimage\"},\"thumbnailUrl\":\"https:\/\/camping-lestaubiere.fr\/wp-content\/uploads\/2021\/09\/camping-bergerac-vieux-pont.jpg\",\"datePublished\":\"2021-09-27T13:23:00+00:00\",\"dateModified\":\"2021-12-16T10:46:57+00:00\",\"breadcrumb\":{\"@id\":\"https:\/\/camping-lestaubiere.fr\/nl\/kamperen-bergerac\/#breadcrumb\"},\"inLanguage\":\"nl-NL\",\"potentialAction\":[{\"@type\":\"ReadAction\",\"target\":[\"https:\/\/camping-lestaubiere.fr\/nl\/kamperen-bergerac\/\"]}]},{\"@type\":\"ImageObject\",\"inLanguage\":\"nl-NL\",\"@id\":\"https:\/\/camping-lestaubiere.fr\/nl\/kamperen-bergerac\/#primaryimage\",\"url\":\"https:\/\/camping-lestaubiere.fr\/wp-content\/uploads\/2021\/09\/camping-bergerac-vieux-pont.jpg\",\"contentUrl\":\"https:\/\/camping-lestaubiere.fr\/wp-content\/uploads\/2021\/09\/camping-bergerac-vieux-pont.jpg\",\"width\":1900,\"height\":700,\"caption\":\"camping bergerac vieux pont\"},{\"@type\":\"BreadcrumbList\",\"@id\":\"https:\/\/camping-lestaubiere.fr\/nl\/kamperen-bergerac\/#breadcrumb\",\"itemListElement\":[{\"@type\":\"ListItem\",\"position\":1,\"name\":\"Kamperen Dordogne\",\"item\":\"https:\/\/camping-lestaubiere.fr\/nl\/\"},{\"@type\":\"ListItem\",\"position\":2,\"name\":\"Kamperen bij P\u00e9rigueux\"}]},{\"@type\":\"WebSite\",\"@id\":\"https:\/\/camping-lestaubiere.fr\/nl\/#website\",\"url\":\"https:\/\/camping-lestaubiere.fr\/nl\/\",\"name\":\"Camping Lestaubi\u00e8re\",\"description\":\"\",\"publisher\":{\"@id\":\"https:\/\/camping-lestaubiere.fr\/nl\/#organization\"},\"potentialAction\":[{\"@type\":\"SearchAction\",\"target\":{\"@type\":\"EntryPoint\",\"urlTemplate\":\"https:\/\/camping-lestaubiere.fr\/nl\/?s={search_term_string}\"},\"query-input\":{\"@type\":\"PropertyValueSpecification\",\"valueRequired\":true,\"valueName\":\"search_term_string\"}}],\"inLanguage\":\"nl-NL\"},{\"@type\":\"Organization\",\"@id\":\"https:\/\/camping-lestaubiere.fr\/nl\/#organization\",\"name\":\"Camping Lestaubiere\",\"url\":\"https:\/\/camping-lestaubiere.fr\/nl\/\",\"logo\":{\"@type\":\"ImageObject\",\"inLanguage\":\"nl-NL\",\"@id\":\"https:\/\/camping-lestaubiere.fr\/nl\/#\/schema\/logo\/image\/\",\"url\":\"https:\/\/camping-lestaubiere.fr\/wp-content\/uploads\/2021\/09\/logo-camping-lestaubiere.png\",\"contentUrl\":\"https:\/\/camping-lestaubiere.fr\/wp-content\/uploads\/2021\/09\/logo-camping-lestaubiere.png\",\"width\":259,\"height\":89,\"caption\":\"Camping Lestaubiere\"},\"image\":{\"@id\":\"https:\/\/camping-lestaubiere.fr\/nl\/#\/schema\/logo\/image\/\"}}]}<\/script>\n<!-- \/ Yoast SEO plugin. -->","yoast_head_json":{"title":"Kamperen in de buurt van Bergerac | Dingen om te doen en te zien in Bergerac","robots":{"index":"index","follow":"follow","max-snippet":"max-snippet:-1","max-image-preview":"max-image-preview:large","max-video-preview":"max-video-preview:-1"},"canonical":"https:\/\/camping-lestaubiere.fr\/nl\/kamperen-bergerac\/","og_locale":"nl_NL","og_type":"article","og_title":"Kamperen in de buurt van Bergerac | Dingen om te doen en te zien in Bergerac","og_url":"https:\/\/camping-lestaubiere.fr\/nl\/kamperen-bergerac\/","og_site_name":"Camping Lestaubi\u00e8re","article_modified_time":"2021-12-16T10:46:57+00:00","og_image":[{"width":1900,"height":700,"url":"https:\/\/camping-lestaubiere.fr\/wp-content\/uploads\/2021\/09\/camping-bergerac-vieux-pont.jpg","type":"image\/jpeg"}],"twitter_card":"summary_large_image","schema":{"@context":"https:\/\/schema.org","@graph":[{"@type":"WebPage","@id":"https:\/\/camping-lestaubiere.fr\/nl\/kamperen-bergerac\/","url":"https:\/\/camping-lestaubiere.fr\/nl\/kamperen-bergerac\/","name":"Kamperen in de buurt van Bergerac | Dingen om te doen en te zien in Bergerac","isPartOf":{"@id":"https:\/\/camping-lestaubiere.fr\/nl\/#website"},"primaryImageOfPage":{"@id":"https:\/\/camping-lestaubiere.fr\/nl\/kamperen-bergerac\/#primaryimage"},"image":{"@id":"https:\/\/camping-lestaubiere.fr\/nl\/kamperen-bergerac\/#primaryimage"},"thumbnailUrl":"https:\/\/camping-lestaubiere.fr\/wp-content\/uploads\/2021\/09\/camping-bergerac-vieux-pont.jpg","datePublished":"2021-09-27T13:23:00+00:00","dateModified":"2021-12-16T10:46:57+00:00","breadcrumb":{"@id":"https:\/\/camping-lestaubiere.fr\/nl\/kamperen-bergerac\/#breadcrumb"},"inLanguage":"nl-NL","potentialAction":[{"@type":"ReadAction","target":["https:\/\/camping-lestaubiere.fr\/nl\/kamperen-bergerac\/"]}]},{"@type":"ImageObject","inLanguage":"nl-NL","@id":"https:\/\/camping-lestaubiere.fr\/nl\/kamperen-bergerac\/#primaryimage","url":"https:\/\/camping-lestaubiere.fr\/wp-content\/uploads\/2021\/09\/camping-bergerac-vieux-pont.jpg","contentUrl":"https:\/\/camping-lestaubiere.fr\/wp-content\/uploads\/2021\/09\/camping-bergerac-vieux-pont.jpg","width":1900,"height":700,"caption":"camping bergerac vieux pont"},{"@type":"BreadcrumbList","@id":"https:\/\/camping-lestaubiere.fr\/nl\/kamperen-bergerac\/#breadcrumb","itemListElement":[{"@type":"ListItem","position":1,"name":"Kamperen Dordogne","item":"https:\/\/camping-lestaubiere.fr\/nl\/"},{"@type":"ListItem","position":2,"name":"Kamperen bij P\u00e9rigueux"}]},{"@type":"WebSite","@id":"https:\/\/camping-lestaubiere.fr\/nl\/#website","url":"https:\/\/camping-lestaubiere.fr\/nl\/","name":"Camping Lestaubi\u00e8re","description":"","publisher":{"@id":"https:\/\/camping-lestaubiere.fr\/nl\/#organization"},"potentialAction":[{"@type":"SearchAction","target":{"@type":"EntryPoint","urlTemplate":"https:\/\/camping-lestaubiere.fr\/nl\/?s={search_term_string}"},"query-input":{"@type":"PropertyValueSpecification","valueRequired":true,"valueName":"search_term_string"}}],"inLanguage":"nl-NL"},{"@type":"Organization","@id":"https:\/\/camping-lestaubiere.fr\/nl\/#organization","name":"Camping Lestaubiere","url":"https:\/\/camping-lestaubiere.fr\/nl\/","logo":{"@type":"ImageObject","inLanguage":"nl-NL","@id":"https:\/\/camping-lestaubiere.fr\/nl\/#\/schema\/logo\/image\/","url":"https:\/\/camping-lestaubiere.fr\/wp-content\/uploads\/2021\/09\/logo-camping-lestaubiere.png","contentUrl":"https:\/\/camping-lestaubiere.fr\/wp-content\/uploads\/2021\/09\/logo-camping-lestaubiere.png","width":259,"height":89,"caption":"Camping Lestaubiere"},"image":{"@id":"https:\/\/camping-lestaubiere.fr\/nl\/#\/schema\/logo\/image\/"}}]}},"_links":{"self":[{"href":"https:\/\/camping-lestaubiere.fr\/nl\/wp-json\/wp\/v2\/pages\/2412","targetHints":{"allow":["GET"]}}],"collection":[{"href":"https:\/\/camping-lestaubiere.fr\/nl\/wp-json\/wp\/v2\/pages"}],"about":[{"href":"https:\/\/camping-lestaubiere.fr\/nl\/wp-json\/wp\/v2\/types\/page"}],"author":[{"embeddable":true,"href":"https:\/\/camping-lestaubiere.fr\/nl\/wp-json\/wp\/v2\/users\/1"}],"replies":[{"embeddable":true,"href":"https:\/\/camping-lestaubiere.fr\/nl\/wp-json\/wp\/v2\/comments?post=2412"}],"version-history":[{"count":4,"href":"https:\/\/camping-lestaubiere.fr\/nl\/wp-json\/wp\/v2\/pages\/2412\/revisions"}],"predecessor-version":[{"id":2959,"href":"https:\/\/camping-lestaubiere.fr\/nl\/wp-json\/wp\/v2\/pages\/2412\/revisions\/2959"}],"wp:featuredmedia":[{"embeddable":true,"href":"https:\/\/camping-lestaubiere.fr\/nl\/wp-json\/wp\/v2\/media\/1875"}],"wp:attachment":[{"href":"https:\/\/camping-lestaubiere.fr\/nl\/wp-json\/wp\/v2\/media?parent=2412"}],"curies":[{"name":"wp","href":"https:\/\/api.w.org\/{rel}","templated":true}]}}