{"id":843,"date":"2021-09-16T12:15:02","date_gmt":"2021-09-16T10:15:02","guid":{"rendered":"https:\/\/camping-lestaubiere.fr\/?page_id=843"},"modified":"2025-07-22T11:27:32","modified_gmt":"2025-07-22T09:27:32","slug":"camping-pas-cher-douville","status":"publish","type":"page","link":"https:\/\/camping-lestaubiere.fr\/fr\/camping-pas-cher-douville\/","title":{"rendered":"H\u00e9bergements : Tarifs"},"content":{"rendered":"<section id=\"section-614841dd5d83e\"\" class=\"section bg-white p-b-0\" \/><div class=\"container\"><h1 class=\"element section-title center color2\">Camping pas cher pr\u00e8s de P\u00e9rigueux<\/h1><\/div><\/section>\n\n<section id=\"section-61b097be847f5\"\" class=\"section bg-white\" \/><div class=\"container\"><a href=\"https:\/\/naxiresa.inaxel.com\/tarif-dispo.php?compte=lestaubiere&#038;lang=1\" title=\"Consulter nos tarifs\" target=\" target=\"_blank\" rel=\"noopener\" \" class=\"element bouton center\" ><span>Consulter nos tarifs<\/span><\/a><\/div><\/section>\n\n<section id=\"section-614841dd5db9d\"\" class=\"section bg-white p-b-0\" \/><div class=\"container extralarge\"><div class=\"colonnes-wrap valign-middle \"><div class=\"element colonne p-r-5\"><h2 class=\"element section-title left color1\">Camping au meilleur rapport qualit\u00e9\/prix proche de Bergerac<\/h2><div class=\"element bloc-text left \">\n\t<p>Vous cherchez un camping pas cher <span style=\"font-weight: 400;\">\u00e0 quelques minutes de P\u00e9rigueux<\/span> ? Le camping au meilleur rapport qualit\u00e9 \/ prix se trouve \u00e0 Douville.<\/p>\n<p>Camping avec espace aquatique (piscine ext\u00e9rieure et pataugeoire pour les plus petits). Le meilleur rapport qualit\u00e9 prix, pour des <strong class=\"bold color3\">\u00e9quipements modernes<\/strong>, des espaces pens\u00e9s pour la d\u00e9tente, et ou pour les jeux et autres activit\u00e9s sportives.<\/p>\n<p>Locations \u00e0 petit prix pour un <a href=\"\/fr\/location-mobil-home-douville\/\">mobil-home \u00e0 Douville<\/a> tout confort, des tentes lodges, des <a href=\"\/fr\/location-emplacement-douville\/\"><span style=\"font-weight: 400;\">emplacements \u00e0 louer <\/span><span style=\"font-weight: 400;\">pr\u00e8s de Bergerac<\/span><\/a> au meilleur prix, avec des surfaces sup\u00e9rieures \u00e0 120 m\u00e8tres carr\u00e9s. Les <strong class=\"bold color3\">petits prix<\/strong> de notre camping \u00e0 Douville en Dordogne ne sacrifient en rien les exigences de <strong class=\"bold color3\">qualit\u00e9<\/strong> et de <strong class=\"bold color3\">satisfaction<\/strong> de notre client\u00e8le.<\/p>\n<\/div><\/div><div class=\"element colonne fancybox-multi\"><div class=\"element fancybox-container\"><a class=\"fancybox\" href=\"https:\/\/camping-lestaubiere.fr\/wp-content\/uploads\/2022\/11\/Mobil-Home.jpeg\"><img decoding=\"async\" src=\"https:\/\/camping-lestaubiere.fr\/wp-content\/uploads\/2022\/11\/Mobil-Home-100x50.jpeg\" data-src=\"https:\/\/camping-lestaubiere.fr\/wp-content\/uploads\/2022\/11\/Mobil-Home.jpeg\" alt=\"camping meilleur prix dord ogne\" class=\"images_image\" \/><\/a><a class=\"fancybox\" href=\"https:\/\/camping-lestaubiere.fr\/wp-content\/uploads\/2021\/09\/camping-pas-cher-douville.jpg\"><img decoding=\"async\" src=\"https:\/\/camping-lestaubiere.fr\/wp-content\/uploads\/2021\/09\/camping-pas-cher-douville-100x67.jpg\" data-src=\"https:\/\/camping-lestaubiere.fr\/wp-content\/uploads\/2021\/09\/camping-pas-cher-douville.jpg\" alt=\"camping pas cher douville\" class=\"images_image\" \/><\/a><a class=\"fancybox\" href=\"https:\/\/camping-lestaubiere.fr\/wp-content\/uploads\/2021\/09\/camping-pas-cher-dordogne.jpg\"><img decoding=\"async\" src=\"https:\/\/camping-lestaubiere.fr\/wp-content\/uploads\/2021\/09\/camping-pas-cher-dordogne-100x67.jpg\" data-src=\"https:\/\/camping-lestaubiere.fr\/wp-content\/uploads\/2021\/09\/camping-pas-cher-dordogne.jpg\" alt=\"camping pas cher dordogne\" class=\"images_image\" \/><\/a><\/div><\/div><\/div><\/div><\/section>\n\n<section id=\"section-614841dd5de1f\"\" class=\"section bg-color5\" \/><div class=\"container extralarge\"><div class=\"colonnes-wrap valign-middle \"><div class=\"element colonne \"><div class=\"element fancybox-container\"><a class=\"fancybox\" href=\"https:\/\/camping-lestaubiere.fr\/wp-content\/uploads\/2025\/06\/emplacements-plateau-haut-scaled.jpeg\"><img decoding=\"async\" src=\"https:\/\/camping-lestaubiere.fr\/wp-content\/uploads\/2025\/06\/emplacements-plateau-haut-100x75.jpeg\" data-src=\"https:\/\/camping-lestaubiere.fr\/wp-content\/uploads\/2025\/06\/emplacements-plateau-haut-scaled.jpeg\" alt=\"camping offre speciale douville\" class=\"images_image\" \/><\/a><\/div><\/div><div class=\"element colonne p-l-5\"><h2 class=\"element section-title left color1\">Nos diff\u00e9rentes gammes de prix <\/h2><div class=\"element bloc-text left \">\n\t<p>Consultez nos diff\u00e9rentes gammes de prix de notre <a href=\"\/fr\/camping-bord-etang-douville\/\">camping avec \u00e9tang en Dordogne<\/a>, \u00e0 Douville et nos <strong class=\"bold color3\">offres sp\u00e9ciales<\/strong> :<\/p>\n<p><span style=\"font-weight: 400;\">Adh\u00e9rents de la carte ACSI : <\/span><span style=\"font-weight: 400;\">19\u20ac <\/span><span style=\"font-weight: 400;\">par nuit (emplacement, 2 personnes et \u00e9lectricit\u00e9 <\/span><span style=\"font-weight: 400;\">6 amp<\/span><span style=\"font-weight: 400;\">) <\/span><span style=\"font-weight: 400;\">selon les p\u00e9riodes valid\u00e9es<\/span><span style=\"font-weight: 400;\">. Ne manquez pas l\u2019offre sp\u00e9ciale de 7=6, 14=12, 21=18 etc\u2026 !\u00a0<\/span><\/p>\n<p>R\u00e9servez votre h\u00e9bergement au meilleur rapport qualit\u00e9 \/ prix \u00e0 Douville ; louez votre emplacement au meilleur prix en toute s\u00e9r\u00e9nit\u00e9, gr\u00e2ce \u00e0 l\u2019<strong class=\"bold color3\">assurance annulation<\/strong>.<br \/>\nMobil-homes et tentes Safari avec salle de bain : Offre sp\u00e9ciale en basse saison 7=5 nuits. Vous payez 5 nuits et vous restez 7 nuits.<\/p>\n<\/div><\/div><\/div><\/div><\/section>\n\n<section id=\"section-614841dd5df4d\"\" data-bg-opacite=\"0.2\"data-background=\"https:\/\/camping-lestaubiere.fr\/wp-content\/uploads\/2022\/11\/Emplacement-6A.jpg\"data-speed=\"0.8\"class=\"section parallax-section bg-white section--has-bg-img section_bg-parallax\" \/><div class=\"container full\"><\/div><\/section>\n\n<section id=\"section-614841dd5e1a6\"\" class=\"section bg-white\" \/><div class=\"container extralarge\"><div class=\"colonnes-wrap valign-middle \"><div class=\"element colonne p-r-5\"><h2 class=\"element section-title left color1\">R\u00e9servez en direct<\/h2><div class=\"element bloc-text left \">\n\t<p>Pensez \u00e0 la r\u00e9servation en direct pour b\u00e9n\u00e9ficier du meilleur prix pour vos h\u00e9bergements ou emplacements \u00e0 louer au <a href=\"\/fr\/\"><span style=\"font-weight: 400;\">entre P\u00e9rigueux et Bergerac<\/span><\/a>. Le meilleur rapport qualit\u00e9\/prix pour un camping se trouve \u00e0 Douville. Pour la location de mobil-homes ou d\u2019emplacements, r\u00e9servez en direct pour profiter des petits prix et conna\u00eetre nos offres sp\u00e9ciales.<\/p>\n<p>Ces offres pourront vous assurer des <strong class=\"bold color3\">vacances pas ch\u00e8res<\/strong> dans le beau d\u00e9partement de Dordogne, \u00e0 Douville. R\u00e9server en direct vous permet \u00e9galement de nous poser vos questions ou <strong class=\"bold color3\">demander conseil<\/strong> sur la meilleure formule pour votre s\u00e9jour en famille ou <span style=\"font-weight: 400;\">entre amis <\/span><span style=\"font-weight: 400;\">dans un camping pas cher pr\u00e8s de Bergerac<\/span><span style=\"font-weight: 400;\">.<\/span><\/p>\n<\/div><\/div><div class=\"element colonne \"><div class=\"element fancybox-container\"><a class=\"fancybox\" href=\"https:\/\/camping-lestaubiere.fr\/wp-content\/uploads\/2021\/12\/Empl-6amp.jpg\"><img decoding=\"async\" src=\"https:\/\/camping-lestaubiere.fr\/wp-content\/uploads\/2021\/12\/Empl-6amp-100x50.jpg\" data-src=\"https:\/\/camping-lestaubiere.fr\/wp-content\/uploads\/2021\/12\/Empl-6amp.jpg\" alt=\"camping basse saison dordogne\" class=\"images_image\" \/><\/a><\/div><\/div><\/div><\/div><\/section>\n\n<section id=\"section-614841dd5e422\"\" class=\"section bg-white\" \/><div class=\"container large\"><div class=\"element section-title center titre-cta\">D\u00e9couvrez nos locations et nos emplacements<\/div><ul class=\"liste-de-page\"><li class=\"element call-to-action carre call-to-action--style-1 call-to-action--big\"><a href=\"https:\/\/camping-lestaubiere.fr\/fr\/camping-familial-douville\/\"  class=\"call-to-action_link\" title=\"En savoir plus sur services\"><div class=\"call-to-action_image\"><img decoding=\"async\" src=\"https:\/\/camping-lestaubiere.fr\/wp-content\/uploads\/2021\/09\/camping-familial-douville-100x57.jpg\" data-src=\"https:\/\/camping-lestaubiere.fr\/wp-content\/uploads\/2021\/09\/camping-familial-douville.jpg\" alt=\"camping familial douville\" class=\"big\" \/><\/div><div class=\"call-to-action_contenu\"><div class=\"call-to-action_titre\">services<\/div><\/div><\/a><\/li><li class=\"element call-to-action carre call-to-action--style-1 call-to-action--big call-to-action--style-1 call-to-action--big\"><a href=\"https:\/\/camping-lestaubiere.fr\/fr\/location-mobil-home-douville\/\"  class=\"call-to-action_link\" title=\"En savoir plus sur mobil-homes\"><div class=\"call-to-action_image\"><img decoding=\"async\" src=\"https:\/\/camping-lestaubiere.fr\/wp-content\/uploads\/2022\/11\/Tentes-Safaris-100x50.jpg\" data-src=\"https:\/\/camping-lestaubiere.fr\/wp-content\/uploads\/2022\/11\/Tentes-Safaris.jpg\" alt=\"\" class=\"big\" \/><\/div><div class=\"call-to-action_contenu\"><div class=\"call-to-action_titre\">Mobil-homes<\/div><\/div><\/a><\/li><li class=\"element call-to-action carre call-to-action--style-1 call-to-action--big call-to-action--style-1 call-to-action--big call-to-action--style-1 call-to-action--big\"><a href=\"https:\/\/camping-lestaubiere.fr\/fr\/location-emplacement-douville\/\"  class=\"call-to-action_link\" title=\"En savoir plus sur emplacement\"><div class=\"call-to-action_image\"><img decoding=\"async\" src=\"https:\/\/camping-lestaubiere.fr\/wp-content\/uploads\/2021\/12\/Emplacement-6amp-100x50.jpg\" data-src=\"https:\/\/camping-lestaubiere.fr\/wp-content\/uploads\/2021\/12\/Emplacement-6amp.jpg\" alt=\"\" class=\"big\" \/><\/div><div class=\"call-to-action_contenu\"><div class=\"call-to-action_titre\">Emplacement<\/div><\/div><\/a><\/li><\/ul><\/div><\/section>","protected":false},"excerpt":{"rendered":"","protected":false},"author":1,"featured_media":3414,"parent":0,"menu_order":0,"comment_status":"closed","ping_status":"closed","template":"","meta":{"_acf_changed":false,"footnotes":""},"class_list":["post-843","page","type-page","status-publish","has-post-thumbnail","hentry"],"acf":[],"yoast_head":"<!-- This site is optimized with the Yoast SEO plugin v25.2 - https:\/\/yoast.com\/wordpress\/plugins\/seo\/ -->\n<title>Camping pas cher proche Bergerac et P\u00e9rigueux<\/title>\n<meta name=\"robots\" content=\"index, follow, max-snippet:-1, max-image-preview:large, max-video-preview:-1\" \/>\n<link rel=\"canonical\" href=\"https:\/\/camping-lestaubiere.fr\/fr\/camping-pas-cher-douville\/\" \/>\n<meta property=\"og:locale\" content=\"fr_FR\" \/>\n<meta property=\"og:type\" content=\"article\" \/>\n<meta property=\"og:title\" content=\"Camping pas cher proche Bergerac et P\u00e9rigueux\" \/>\n<meta property=\"og:url\" content=\"https:\/\/camping-lestaubiere.fr\/fr\/camping-pas-cher-douville\/\" \/>\n<meta property=\"og:site_name\" content=\"Camping Lestaubi\u00e8re\" \/>\n<meta property=\"article:modified_time\" content=\"2025-07-22T09:27:32+00:00\" \/>\n<meta property=\"og:image\" content=\"https:\/\/camping-lestaubiere.fr\/wp-content\/uploads\/2022\/11\/Tente-Safari-avec-salle-de-bain.jpg\" \/>\n\t<meta property=\"og:image:width\" content=\"1093\" \/>\n\t<meta property=\"og:image:height\" content=\"550\" \/>\n\t<meta property=\"og:image:type\" content=\"image\/jpeg\" \/>\n<meta name=\"twitter:card\" content=\"summary_large_image\" \/>\n<meta name=\"twitter:label1\" content=\"Dur\u00e9e de lecture estim\u00e9e\" \/>\n\t<meta name=\"twitter:data1\" content=\"1 minute\" \/>\n<script type=\"application\/ld+json\" class=\"yoast-schema-graph\">{\"@context\":\"https:\/\/schema.org\",\"@graph\":[{\"@type\":\"WebPage\",\"@id\":\"https:\/\/camping-lestaubiere.fr\/fr\/camping-pas-cher-douville\/\",\"url\":\"https:\/\/camping-lestaubiere.fr\/fr\/camping-pas-cher-douville\/\",\"name\":\"Camping pas cher proche Bergerac et P\u00e9rigueux\",\"isPartOf\":{\"@id\":\"https:\/\/camping-lestaubiere.fr\/fr\/#website\"},\"primaryImageOfPage\":{\"@id\":\"https:\/\/camping-lestaubiere.fr\/fr\/camping-pas-cher-douville\/#primaryimage\"},\"image\":{\"@id\":\"https:\/\/camping-lestaubiere.fr\/fr\/camping-pas-cher-douville\/#primaryimage\"},\"thumbnailUrl\":\"https:\/\/camping-lestaubiere.fr\/wp-content\/uploads\/2022\/11\/Tente-Safari-avec-salle-de-bain.jpg\",\"datePublished\":\"2021-09-16T10:15:02+00:00\",\"dateModified\":\"2025-07-22T09:27:32+00:00\",\"breadcrumb\":{\"@id\":\"https:\/\/camping-lestaubiere.fr\/fr\/camping-pas-cher-douville\/#breadcrumb\"},\"inLanguage\":\"fr-FR\",\"potentialAction\":[{\"@type\":\"ReadAction\",\"target\":[\"https:\/\/camping-lestaubiere.fr\/fr\/camping-pas-cher-douville\/\"]}]},{\"@type\":\"ImageObject\",\"inLanguage\":\"fr-FR\",\"@id\":\"https:\/\/camping-lestaubiere.fr\/fr\/camping-pas-cher-douville\/#primaryimage\",\"url\":\"https:\/\/camping-lestaubiere.fr\/wp-content\/uploads\/2022\/11\/Tente-Safari-avec-salle-de-bain.jpg\",\"contentUrl\":\"https:\/\/camping-lestaubiere.fr\/wp-content\/uploads\/2022\/11\/Tente-Safari-avec-salle-de-bain.jpg\",\"width\":1093,\"height\":550},{\"@type\":\"BreadcrumbList\",\"@id\":\"https:\/\/camping-lestaubiere.fr\/fr\/camping-pas-cher-douville\/#breadcrumb\",\"itemListElement\":[{\"@type\":\"ListItem\",\"position\":1,\"name\":\"Camping Dordogne\",\"item\":\"https:\/\/camping-lestaubiere.fr\/fr\/\"},{\"@type\":\"ListItem\",\"position\":2,\"name\":\"Camping au meilleur prix pr\u00e8s de Bergerac\"}]},{\"@type\":\"WebSite\",\"@id\":\"https:\/\/camping-lestaubiere.fr\/fr\/#website\",\"url\":\"https:\/\/camping-lestaubiere.fr\/fr\/\",\"name\":\"Camping Lestaubi\u00e8re\",\"description\":\"\",\"publisher\":{\"@id\":\"https:\/\/camping-lestaubiere.fr\/fr\/#organization\"},\"potentialAction\":[{\"@type\":\"SearchAction\",\"target\":{\"@type\":\"EntryPoint\",\"urlTemplate\":\"https:\/\/camping-lestaubiere.fr\/fr\/?s={search_term_string}\"},\"query-input\":{\"@type\":\"PropertyValueSpecification\",\"valueRequired\":true,\"valueName\":\"search_term_string\"}}],\"inLanguage\":\"fr-FR\"},{\"@type\":\"Organization\",\"@id\":\"https:\/\/camping-lestaubiere.fr\/fr\/#organization\",\"name\":\"Camping Lestaubiere\",\"url\":\"https:\/\/camping-lestaubiere.fr\/fr\/\",\"logo\":{\"@type\":\"ImageObject\",\"inLanguage\":\"fr-FR\",\"@id\":\"https:\/\/camping-lestaubiere.fr\/fr\/#\/schema\/logo\/image\/\",\"url\":\"https:\/\/camping-lestaubiere.fr\/wp-content\/uploads\/2021\/09\/logo-camping-lestaubiere.png\",\"contentUrl\":\"https:\/\/camping-lestaubiere.fr\/wp-content\/uploads\/2021\/09\/logo-camping-lestaubiere.png\",\"width\":259,\"height\":89,\"caption\":\"Camping Lestaubiere\"},\"image\":{\"@id\":\"https:\/\/camping-lestaubiere.fr\/fr\/#\/schema\/logo\/image\/\"}}]}<\/script>\n<!-- \/ Yoast SEO plugin. -->","yoast_head_json":{"title":"Camping pas cher proche Bergerac et P\u00e9rigueux","robots":{"index":"index","follow":"follow","max-snippet":"max-snippet:-1","max-image-preview":"max-image-preview:large","max-video-preview":"max-video-preview:-1"},"canonical":"https:\/\/camping-lestaubiere.fr\/fr\/camping-pas-cher-douville\/","og_locale":"fr_FR","og_type":"article","og_title":"Camping pas cher proche Bergerac et P\u00e9rigueux","og_url":"https:\/\/camping-lestaubiere.fr\/fr\/camping-pas-cher-douville\/","og_site_name":"Camping Lestaubi\u00e8re","article_modified_time":"2025-07-22T09:27:32+00:00","og_image":[{"width":1093,"height":550,"url":"https:\/\/camping-lestaubiere.fr\/wp-content\/uploads\/2022\/11\/Tente-Safari-avec-salle-de-bain.jpg","type":"image\/jpeg"}],"twitter_card":"summary_large_image","twitter_misc":{"Dur\u00e9e de lecture estim\u00e9e":"1 minute"},"schema":{"@context":"https:\/\/schema.org","@graph":[{"@type":"WebPage","@id":"https:\/\/camping-lestaubiere.fr\/fr\/camping-pas-cher-douville\/","url":"https:\/\/camping-lestaubiere.fr\/fr\/camping-pas-cher-douville\/","name":"Camping pas cher proche Bergerac et P\u00e9rigueux","isPartOf":{"@id":"https:\/\/camping-lestaubiere.fr\/fr\/#website"},"primaryImageOfPage":{"@id":"https:\/\/camping-lestaubiere.fr\/fr\/camping-pas-cher-douville\/#primaryimage"},"image":{"@id":"https:\/\/camping-lestaubiere.fr\/fr\/camping-pas-cher-douville\/#primaryimage"},"thumbnailUrl":"https:\/\/camping-lestaubiere.fr\/wp-content\/uploads\/2022\/11\/Tente-Safari-avec-salle-de-bain.jpg","datePublished":"2021-09-16T10:15:02+00:00","dateModified":"2025-07-22T09:27:32+00:00","breadcrumb":{"@id":"https:\/\/camping-lestaubiere.fr\/fr\/camping-pas-cher-douville\/#breadcrumb"},"inLanguage":"fr-FR","potentialAction":[{"@type":"ReadAction","target":["https:\/\/camping-lestaubiere.fr\/fr\/camping-pas-cher-douville\/"]}]},{"@type":"ImageObject","inLanguage":"fr-FR","@id":"https:\/\/camping-lestaubiere.fr\/fr\/camping-pas-cher-douville\/#primaryimage","url":"https:\/\/camping-lestaubiere.fr\/wp-content\/uploads\/2022\/11\/Tente-Safari-avec-salle-de-bain.jpg","contentUrl":"https:\/\/camping-lestaubiere.fr\/wp-content\/uploads\/2022\/11\/Tente-Safari-avec-salle-de-bain.jpg","width":1093,"height":550},{"@type":"BreadcrumbList","@id":"https:\/\/camping-lestaubiere.fr\/fr\/camping-pas-cher-douville\/#breadcrumb","itemListElement":[{"@type":"ListItem","position":1,"name":"Camping Dordogne","item":"https:\/\/camping-lestaubiere.fr\/fr\/"},{"@type":"ListItem","position":2,"name":"Camping au meilleur prix pr\u00e8s de Bergerac"}]},{"@type":"WebSite","@id":"https:\/\/camping-lestaubiere.fr\/fr\/#website","url":"https:\/\/camping-lestaubiere.fr\/fr\/","name":"Camping Lestaubi\u00e8re","description":"","publisher":{"@id":"https:\/\/camping-lestaubiere.fr\/fr\/#organization"},"potentialAction":[{"@type":"SearchAction","target":{"@type":"EntryPoint","urlTemplate":"https:\/\/camping-lestaubiere.fr\/fr\/?s={search_term_string}"},"query-input":{"@type":"PropertyValueSpecification","valueRequired":true,"valueName":"search_term_string"}}],"inLanguage":"fr-FR"},{"@type":"Organization","@id":"https:\/\/camping-lestaubiere.fr\/fr\/#organization","name":"Camping Lestaubiere","url":"https:\/\/camping-lestaubiere.fr\/fr\/","logo":{"@type":"ImageObject","inLanguage":"fr-FR","@id":"https:\/\/camping-lestaubiere.fr\/fr\/#\/schema\/logo\/image\/","url":"https:\/\/camping-lestaubiere.fr\/wp-content\/uploads\/2021\/09\/logo-camping-lestaubiere.png","contentUrl":"https:\/\/camping-lestaubiere.fr\/wp-content\/uploads\/2021\/09\/logo-camping-lestaubiere.png","width":259,"height":89,"caption":"Camping Lestaubiere"},"image":{"@id":"https:\/\/camping-lestaubiere.fr\/fr\/#\/schema\/logo\/image\/"}}]}},"_links":{"self":[{"href":"https:\/\/camping-lestaubiere.fr\/fr\/wp-json\/wp\/v2\/pages\/843","targetHints":{"allow":["GET"]}}],"collection":[{"href":"https:\/\/camping-lestaubiere.fr\/fr\/wp-json\/wp\/v2\/pages"}],"about":[{"href":"https:\/\/camping-lestaubiere.fr\/fr\/wp-json\/wp\/v2\/types\/page"}],"author":[{"embeddable":true,"href":"https:\/\/camping-lestaubiere.fr\/fr\/wp-json\/wp\/v2\/users\/1"}],"replies":[{"embeddable":true,"href":"https:\/\/camping-lestaubiere.fr\/fr\/wp-json\/wp\/v2\/comments?post=843"}],"version-history":[{"count":87,"href":"https:\/\/camping-lestaubiere.fr\/fr\/wp-json\/wp\/v2\/pages\/843\/revisions"}],"predecessor-version":[{"id":4014,"href":"https:\/\/camping-lestaubiere.fr\/fr\/wp-json\/wp\/v2\/pages\/843\/revisions\/4014"}],"wp:featuredmedia":[{"embeddable":true,"href":"https:\/\/camping-lestaubiere.fr\/fr\/wp-json\/wp\/v2\/media\/3414"}],"wp:attachment":[{"href":"https:\/\/camping-lestaubiere.fr\/fr\/wp-json\/wp\/v2\/media?parent=843"}],"curies":[{"name":"wp","href":"https:\/\/api.w.org\/{rel}","templated":true}]}}