{"id":841,"date":"2021-09-16T12:14:46","date_gmt":"2021-09-16T10:14:46","guid":{"rendered":"https:\/\/camping-lestaubiere.fr\/?page_id=841"},"modified":"2025-07-22T11:42:02","modified_gmt":"2025-07-22T09:42:02","slug":"location-emplacement-douville","status":"publish","type":"page","link":"https:\/\/camping-lestaubiere.fr\/fr\/location-emplacement-douville\/","title":{"rendered":"H\u00e9bergements : Nos emplacements"},"content":{"rendered":"<section id=\"section-61517c214d1b2\"\" class=\"section bg-white\" \/><div class=\"container\"><h1 class=\"element section-title center color1\">Louez un emplacement pr\u00e8s de P\u00e9rigueux<\/h1><\/div><\/section>\n\n<section id=\"section-61517c214d3b8\"\" class=\"section bg-white p-t-0\" \/><div class=\"container extralarge\"><ul class=\"liste-de-page hebergements\"><div class=\"row\"><li class=\"element hebergement call-to-action call-to-action--style-2  nombre-de-personnes-6 superficie-120\"><div class=\"hebergement_link\" id=\"2780\"><div class=\"call-to-action_image\"><img decoding=\"async\" src=\"https:\/\/camping-lestaubiere.fr\/wp-content\/uploads\/2021\/12\/Emplacement-6amp.jpg\" data-src=\"https:\/\/camping-lestaubiere.fr\/wp-content\/uploads\/2021\/12\/Emplacement-6amp.jpg\" alt=\"\" class=\"\" \/><\/div><div class=\"call-to-action_contenu\"><div class=\"call-to-action_titre\">Emplacement 6A<\/div><\/div><div class=\"hebergement-attributs\"><span class=\"attribut nombre-de-personnes\">6 <\/span><span class=\"attribut superficie\">120m\u00b2<\/span><\/div><\/div><\/li><li class=\"element hebergement call-to-action call-to-action--style-2  nombre-de-personnes-6 superficie-120\"><div class=\"hebergement_link\" id=\"2789\"><div class=\"call-to-action_image\"><img decoding=\"async\" src=\"https:\/\/camping-lestaubiere.fr\/wp-content\/uploads\/2021\/12\/Emplacement-10A.jpg\" data-src=\"https:\/\/camping-lestaubiere.fr\/wp-content\/uploads\/2021\/12\/Emplacement-10A.jpg\" alt=\"\" class=\"\" \/><\/div><div class=\"call-to-action_contenu\"><div class=\"call-to-action_titre\">Emplacement 10A<\/div><\/div><div class=\"hebergement-attributs\"><span class=\"attribut nombre-de-personnes\">6 <\/span><span class=\"attribut superficie\">120m\u00b2<\/span><\/div><\/div><\/li><li class=\"element hebergement call-to-action call-to-action--style-2  nombre-de-personnes-6 superficie-120\"><div class=\"hebergement_link\" id=\"3112\"><div class=\"call-to-action_image\"><img decoding=\"async\" src=\"https:\/\/camping-lestaubiere.fr\/wp-content\/uploads\/2021\/12\/Premium.jpeg\" data-src=\"https:\/\/camping-lestaubiere.fr\/wp-content\/uploads\/2021\/12\/Premium.jpeg\" alt=\"\" class=\"\" \/><\/div><div class=\"call-to-action_contenu\"><div class=\"call-to-action_titre\">Emplacement Premium<\/div><\/div><div class=\"hebergement-attributs\"><span class=\"attribut nombre-de-personnes\">6 <\/span><span class=\"attribut superficie\">120m\u00b2<\/span><\/div><\/div><\/li><\/div><\/ul><\/div><\/section>\n\n<section id=\"section-65b7b7ff2b591\"\" class=\"section bg-white p-b-0\" \/><div class=\"container\"><h2 class=\"element section-title center\">Ce que vous pensez du camping<\/h2><div class=\"element bloc-text\">\n\t<div class=\"slider-avis-pages\"><div class=\"slide\"><div class=\"slide_note\">\n                         <span class=\"dashicons dashicons-star-filled\"><\/span>\n                        <span class=\"dashicons dashicons-star-filled\"><\/span>\n                        <span class=\"dashicons dashicons-star-filled\"><\/span>\n                        <span class=\"dashicons dashicons-star-filled\"><\/span>\n                        <span class=\"dashicons dashicons-star-filled\"><\/span>\n                    <\/div><div class=\"slide_contenu\"><p>Nous avons appr\u00e9ci\u00e9 ce bel endroit. Les emplacements sont grands. Les animations ap\u00e9ros, karaoke et bingo sont top, surtout les soir\u00e9es \u00e0 th\u00e8me ou l&rsquo;ambiance \u00e9tait g\u00e9niale.<br \/>\nL&rsquo;\u00e9quipe est dynamique<br \/>\nMerci aux g\u00e9rants de ce camping pour leurs hospitalit\u00e9.<\/p>\n<\/div><img decoding=\"async\" src=\"https:\/\/camping-lestaubiere.fr\/wp-content\/uploads\/2024\/01\/unnamed-47.png\" class=\"slide_photo\" \/><div class=\"slide_titre\">Avis de Sebastien Androuet<\/div><\/div><div class=\"slide\"><div class=\"slide_note\">\n                         <span class=\"dashicons dashicons-star-filled\"><\/span>\n                        <span class=\"dashicons dashicons-star-filled\"><\/span>\n                        <span class=\"dashicons dashicons-star-filled\"><\/span>\n                        <span class=\"dashicons dashicons-star-filled\"><\/span>\n                        <span class=\"dashicons dashicons-star-filled\"><\/span>\n                    <\/div><div class=\"slide_contenu\"><p>Et bien Nous devions rester deux voir trois nuits et se d\u00e9placer en visite de la Dordogne \ud83d\ude09 r\u00e9sultats nous y sommes rest\u00e9s 14 jours \ud83e\udd23\ud83e\udd23terrain de camping g\u00e9nial \ud83d\udc4d emplacement vaste et ombrag\u00e9 \ud83d\udc4dsuper bien situ\u00e9 pour les visites \ud83d\udc4daccueil top top \ud83d\udc4d et piscine tr\u00e8s bien entretenue\ud83d\udc4d<\/p>\n<\/div><img decoding=\"async\" src=\"https:\/\/camping-lestaubiere.fr\/wp-content\/uploads\/2024\/01\/unnamed-48.png\" class=\"slide_photo\" \/><div class=\"slide_titre\">Avis de Christelle Robinet<\/div><\/div><div class=\"slide\"><div class=\"slide_note\">\n                         <span class=\"dashicons dashicons-star-filled\"><\/span>\n                        <span class=\"dashicons dashicons-star-filled\"><\/span>\n                        <span class=\"dashicons dashicons-star-filled\"><\/span>\n                        <span class=\"dashicons dashicons-star-filled\"><\/span>\n                        <span class=\"dashicons dashicons-star-filled\"><\/span>\n                    <\/div><div class=\"slide_contenu\"><p>Camping toujours aussi agr\u00e9able<br \/>\nUn cadre magnifique<br \/>\nDes propri\u00e9taires toujours pr\u00e9sents et souriant<br \/>\nDes animations tr\u00e8s agr\u00e9ables et diverses<\/p>\n<\/div><img decoding=\"async\" src=\"https:\/\/camping-lestaubiere.fr\/wp-content\/uploads\/2024\/01\/unnamed-49.png\" class=\"slide_photo\" \/><div class=\"slide_titre\">Avis de  Nicolas cesbron<\/div><\/div><div class=\"slide\"><div class=\"slide_note\">\n                         <span class=\"dashicons dashicons-star-filled\"><\/span>\n                        <span class=\"dashicons dashicons-star-filled\"><\/span>\n                        <span class=\"dashicons dashicons-star-filled\"><\/span>\n                        <span class=\"dashicons dashicons-star-filled\"><\/span>\n                        <span class=\"dashicons dashicons-star-filled\"><\/span>\n                    <\/div><div class=\"slide_contenu\"><p>C&rsquo;est une premi\u00e8re d\u00e9couverte et nous recommandons chaleureusement ce camping. Les g\u00e9rants sont d&rsquo;une gentillesse extr\u00eame et \u00e0 l&rsquo;\u00e9coute. Le camping est magnifique dans un \u00e9crin de verdure. Les sanitaires et laverie d&rsquo;une propret\u00e9 irr\u00e9prochable. Les snacks, glaces delicieux. Nous y reviendrons avec plaisir.<\/p>\n<\/div><img decoding=\"async\" src=\"https:\/\/camping-lestaubiere.fr\/wp-content\/uploads\/2024\/01\/unnamed-50.png\" class=\"slide_photo\" \/><div class=\"slide_titre\">Avis de  Beatrice Dresen<\/div><\/div><\/div><\/div><\/div><\/section>\n\n<section id=\"section-61517c214d711\"\" class=\"section bg-white\" \/><div class=\"container full\"><div class=\"colonnes-wrap valign-top p-l-5 p-r-5\"><div class=\"element colonne \"><h2 class=\"element section-title left color2\">Nos emplacements pour tente et caravane pr\u00e8s de Bergerac<\/h2><div class=\"element bloc-text left \">\n\t<p>Louez<span style=\"font-weight: 400;\">\u00a0un emplacement \u00e0<\/span> <a href=\"\/fr\/camping-pas-cher-douville\/\"><span style=\"font-weight: 400;\">petit prix <\/span><span style=\"font-weight: 400;\">pour votre s\u00e9jour p\u00e9rigourdin<\/span><\/a>\u00a0dans le beau d\u00e9partement de Dordogne, \u00e0 Douville, pour les adeptes des <strong class=\"bold color3\">tentes<\/strong>, du <strong class=\"bold color3\">caravaning<\/strong> ou les propri\u00e9taires de <strong class=\"bold color3\">camping-car<\/strong>. <strong class=\"bold color3\">88 emplacements<\/strong> en location : arbor\u00e9s, ombrag\u00e9s, semi ombrag\u00e9s ou encore en plein soleil et d\u00e9limit\u00e9s par des haies. Ces diff\u00e9rents emplacements <span style=\"font-weight: 400;\">nus<\/span><span style=\"font-weight: 400;\"> \u00e0 louer pr\u00e8s de Bergerac<\/span>\u00a0ont des superficies allant de <strong class=\"bold color3\">120 \u00e0 200 m\u00e8tres carr\u00e9s<\/strong>. Nos emplacements en location \u00e0 Douville peuvent accueillir des tentes, des caravanes, ou des camping-cars.<\/p>\n<p>Pour un confort maximum, pensez \u00e0 r\u00e9server la <strong class=\"bold color3\">gamme premium<\/strong> avec frigo, plaque de cuisson et salon de jardin. Ou encore l\u2019emplacement nu avec \u00e9lectricit\u00e9. 12 tentes safari sont ouvertes \u00e0 la r\u00e9servation, par le biais de 2 tours op\u00e9rateurs. Nous vous proposons \u00e9galement des <a href=\"\/fr\/location-mobil-home-douville\/\"><span style=\"font-weight: 400;\">mobil-homes en location entre P\u00e9rigueux et Bergerac<\/span><\/a>\u00a0id\u00e9aux pour des vacances tout confort.<\/p>\n<\/div><h2 class=\"element section-title left color2 m-t-5\">Mat\u00e9riel en suppl\u00e9ment pour votre emplacement nu pr\u00e8s de P\u00e9rigueux<\/h2><div class=\"element bloc-text left \">\n\t<p>Consultez notre \u00e9quipe pour conna\u00eetre le mat\u00e9riel en location dont nous disposons, pour les locations des emplacements r\u00e9serv\u00e9s aux tentes, caravanes, camping-car :<\/p>\n<ul>\n<li>Location de <strong class=\"bold color3\">r\u00e9frig\u00e9rateurs<\/strong> : 5\u20ac par nuit.<\/li>\n<li>Location de chaises hautes et lits parapluies<\/li>\n<\/ul>\n<\/div><\/div><div class=\"element colonne \"><h2 class=\"element section-title left color2\">Des sanitaires de qualit\u00e9<\/h2><div class=\"element bloc-text left \">\n\t<p>Des sanitaires de qualit\u00e9 sont \u00e0 disposition des locataires d\u2019emplacements <span style=\"font-weight: 400;\">nus pr\u00e8s de P\u00e9rigueux au camping avec p\u00eache en \u00e9tang \u00e0 Douville<\/span>. Ils sont facilement accessibles \u00e0 partir des emplacements en location pour les caravanes, tentes, camping-car. Il y a <strong class=\"bold color3\">3 b\u00e2timents sanitaires<\/strong> et <strong class=\"bold color3\">2 d\u00e9charges de toilettes chimiques<\/strong>.<\/p>\n<p>Les blocs sanitaires \u00e9quip\u00e9s d\u2019\u00e9viers, de toilettes, de douches modernes sont proches des emplacements en location <span style=\"font-weight: 400;\">\u00e0 deux pas de Bergerac <\/span> et sont pourvus d\u2019espaces adapt\u00e9s pour les enfants et les b\u00e9b\u00e9s. L\u2019eau chaude est gratuite, et le papier toilette \u00e0 disposition ainsi que 2 d\u00e9charges de toilettes chimiques. Le <a href=\"\/fr\/\">camping <span style=\"font-weight: 400;\">pr\u00e8s de P\u00e9rigueux<\/span><\/a>\u00a0dispose d&rsquo;un bloc sanitaire <strong class=\"bold color3\">adapt\u00e9 aux personnes \u00e0 mobilit\u00e9 r\u00e9duite<\/strong> -PMR-. Vous aurez \u00e0 disposition 2 laves linges et 1 s\u00e8che-linge professionnel.<\/p>\n<\/div><div class=\"element images\"><div class=\"image\"><img decoding=\"async\" src=\"https:\/\/camping-lestaubiere.fr\/wp-content\/uploads\/2025\/06\/camping-lestaubiere-emplacements-de-qualite-100x55.jpeg\" data-src=\"https:\/\/camping-lestaubiere.fr\/wp-content\/uploads\/2025\/06\/camping-lestaubiere-emplacements-de-qualite-scaled.jpeg\" alt=\"\" class=\"images_image\" \/><\/div><\/div><\/div><\/div><\/div><\/section>\n\n<section id=\"section-61517c214da63\"\" class=\"section bg-white\" \/><div class=\"container large\"><div class=\"element section-title center titre-cta\">D\u00e9couvrez nos h\u00e9bergements et nos tarifs<\/div><ul class=\"liste-de-page\"><li class=\"element call-to-action carre call-to-action--style-1 call-to-action--big\"><a href=\"https:\/\/camping-lestaubiere.fr\/fr\/camping-animations-douville\/\"  class=\"call-to-action_link\" title=\"En savoir plus sur animations\"><div class=\"call-to-action_image\"><img decoding=\"async\" src=\"https:\/\/camping-lestaubiere.fr\/wp-content\/uploads\/2022\/11\/Balancoire-100x75.jpg\" data-src=\"https:\/\/camping-lestaubiere.fr\/wp-content\/uploads\/2022\/11\/Balancoire.jpg\" alt=\"\" class=\"big\" \/><\/div><div class=\"call-to-action_contenu\"><div class=\"call-to-action_titre\">Animations<\/div><\/div><\/a><\/li><li class=\"element call-to-action carre call-to-action--style-1 call-to-action--big call-to-action--style-1 call-to-action--big\"><a href=\"https:\/\/camping-lestaubiere.fr\/fr\/location-mobil-home-douville\/\"  class=\"call-to-action_link\" title=\"En savoir plus sur mobil-homes\"><div class=\"call-to-action_image\"><img decoding=\"async\" src=\"https:\/\/camping-lestaubiere.fr\/wp-content\/uploads\/2022\/11\/Tentes-Safaris-100x50.jpg\" data-src=\"https:\/\/camping-lestaubiere.fr\/wp-content\/uploads\/2022\/11\/Tentes-Safaris.jpg\" alt=\"\" class=\"big\" \/><\/div><div class=\"call-to-action_contenu\"><div class=\"call-to-action_titre\">Mobil-homes<\/div><\/div><\/a><\/li><li class=\"element call-to-action carre call-to-action--style-1 call-to-action--big call-to-action--style-1 call-to-action--big call-to-action--style-1 call-to-action--big\"><a href=\"https:\/\/camping-lestaubiere.fr\/fr\/camping-pas-cher-douville\/\"  class=\"call-to-action_link\" title=\"En savoir plus sur tarifs\"><div class=\"call-to-action_image\"><img decoding=\"async\" src=\"https:\/\/camping-lestaubiere.fr\/wp-content\/uploads\/2021\/09\/camping-offre-speciale-dordogne-100x57.jpg\" data-src=\"https:\/\/camping-lestaubiere.fr\/wp-content\/uploads\/2021\/09\/camping-offre-speciale-dordogne.jpg\" alt=\"camping offre speciale dordogne\" class=\"big\" \/><\/div><div class=\"call-to-action_contenu\"><div class=\"call-to-action_titre\">Tarifs<\/div><\/div><\/a><\/li><\/ul><\/div><\/section>","protected":false},"excerpt":{"rendered":"","protected":false},"author":1,"featured_media":3376,"parent":0,"menu_order":0,"comment_status":"closed","ping_status":"closed","template":"","meta":{"_acf_changed":false,"footnotes":""},"class_list":["post-841","page","type-page","status-publish","has-post-thumbnail","hentry"],"acf":[],"yoast_head":"<!-- This site is optimized with the Yoast SEO plugin v25.2 - https:\/\/yoast.com\/wordpress\/plugins\/seo\/ -->\n<title>Louer emplacement tente et caravane entre Bergerac et P\u00e9rigueux<\/title>\n<meta name=\"robots\" content=\"index, follow, max-snippet:-1, max-image-preview:large, max-video-preview:-1\" \/>\n<link rel=\"canonical\" href=\"https:\/\/camping-lestaubiere.fr\/fr\/location-emplacement-douville\/\" \/>\n<meta property=\"og:locale\" content=\"fr_FR\" \/>\n<meta property=\"og:type\" content=\"article\" \/>\n<meta property=\"og:title\" content=\"Louer emplacement tente et caravane entre Bergerac et P\u00e9rigueux\" \/>\n<meta property=\"og:url\" content=\"https:\/\/camping-lestaubiere.fr\/fr\/location-emplacement-douville\/\" \/>\n<meta property=\"og:site_name\" content=\"Camping Lestaubi\u00e8re\" \/>\n<meta property=\"article:modified_time\" content=\"2025-07-22T09:42:02+00:00\" \/>\n<meta property=\"og:image\" content=\"https:\/\/camping-lestaubiere.fr\/wp-content\/uploads\/2022\/11\/Emplacement.jpg\" \/>\n\t<meta property=\"og:image:width\" content=\"1093\" \/>\n\t<meta property=\"og:image:height\" content=\"550\" \/>\n\t<meta property=\"og:image:type\" content=\"image\/jpeg\" \/>\n<meta name=\"twitter:card\" content=\"summary_large_image\" \/>\n<meta name=\"twitter:label1\" content=\"Dur\u00e9e de lecture estim\u00e9e\" \/>\n\t<meta name=\"twitter:data1\" content=\"1 minute\" \/>\n<script type=\"application\/ld+json\" class=\"yoast-schema-graph\">{\"@context\":\"https:\/\/schema.org\",\"@graph\":[{\"@type\":\"WebPage\",\"@id\":\"https:\/\/camping-lestaubiere.fr\/fr\/location-emplacement-douville\/\",\"url\":\"https:\/\/camping-lestaubiere.fr\/fr\/location-emplacement-douville\/\",\"name\":\"Louer emplacement tente et caravane entre Bergerac et P\u00e9rigueux\",\"isPartOf\":{\"@id\":\"https:\/\/camping-lestaubiere.fr\/fr\/#website\"},\"primaryImageOfPage\":{\"@id\":\"https:\/\/camping-lestaubiere.fr\/fr\/location-emplacement-douville\/#primaryimage\"},\"image\":{\"@id\":\"https:\/\/camping-lestaubiere.fr\/fr\/location-emplacement-douville\/#primaryimage\"},\"thumbnailUrl\":\"https:\/\/camping-lestaubiere.fr\/wp-content\/uploads\/2022\/11\/Emplacement.jpg\",\"datePublished\":\"2021-09-16T10:14:46+00:00\",\"dateModified\":\"2025-07-22T09:42:02+00:00\",\"breadcrumb\":{\"@id\":\"https:\/\/camping-lestaubiere.fr\/fr\/location-emplacement-douville\/#breadcrumb\"},\"inLanguage\":\"fr-FR\",\"potentialAction\":[{\"@type\":\"ReadAction\",\"target\":[\"https:\/\/camping-lestaubiere.fr\/fr\/location-emplacement-douville\/\"]}]},{\"@type\":\"ImageObject\",\"inLanguage\":\"fr-FR\",\"@id\":\"https:\/\/camping-lestaubiere.fr\/fr\/location-emplacement-douville\/#primaryimage\",\"url\":\"https:\/\/camping-lestaubiere.fr\/wp-content\/uploads\/2022\/11\/Emplacement.jpg\",\"contentUrl\":\"https:\/\/camping-lestaubiere.fr\/wp-content\/uploads\/2022\/11\/Emplacement.jpg\",\"width\":1093,\"height\":550},{\"@type\":\"BreadcrumbList\",\"@id\":\"https:\/\/camping-lestaubiere.fr\/fr\/location-emplacement-douville\/#breadcrumb\",\"itemListElement\":[{\"@type\":\"ListItem\",\"position\":1,\"name\":\"Camping Dordogne\",\"item\":\"https:\/\/camping-lestaubiere.fr\/fr\/\"},{\"@type\":\"ListItem\",\"position\":2,\"name\":\"Location emplacement pr\u00e8s de Bergerac\"}]},{\"@type\":\"WebSite\",\"@id\":\"https:\/\/camping-lestaubiere.fr\/fr\/#website\",\"url\":\"https:\/\/camping-lestaubiere.fr\/fr\/\",\"name\":\"Camping Lestaubi\u00e8re\",\"description\":\"\",\"publisher\":{\"@id\":\"https:\/\/camping-lestaubiere.fr\/fr\/#organization\"},\"potentialAction\":[{\"@type\":\"SearchAction\",\"target\":{\"@type\":\"EntryPoint\",\"urlTemplate\":\"https:\/\/camping-lestaubiere.fr\/fr\/?s={search_term_string}\"},\"query-input\":{\"@type\":\"PropertyValueSpecification\",\"valueRequired\":true,\"valueName\":\"search_term_string\"}}],\"inLanguage\":\"fr-FR\"},{\"@type\":\"Organization\",\"@id\":\"https:\/\/camping-lestaubiere.fr\/fr\/#organization\",\"name\":\"Camping Lestaubiere\",\"url\":\"https:\/\/camping-lestaubiere.fr\/fr\/\",\"logo\":{\"@type\":\"ImageObject\",\"inLanguage\":\"fr-FR\",\"@id\":\"https:\/\/camping-lestaubiere.fr\/fr\/#\/schema\/logo\/image\/\",\"url\":\"https:\/\/camping-lestaubiere.fr\/wp-content\/uploads\/2021\/09\/logo-camping-lestaubiere.png\",\"contentUrl\":\"https:\/\/camping-lestaubiere.fr\/wp-content\/uploads\/2021\/09\/logo-camping-lestaubiere.png\",\"width\":259,\"height\":89,\"caption\":\"Camping Lestaubiere\"},\"image\":{\"@id\":\"https:\/\/camping-lestaubiere.fr\/fr\/#\/schema\/logo\/image\/\"}}]}<\/script>\n<!-- \/ Yoast SEO plugin. -->","yoast_head_json":{"title":"Louer emplacement tente et caravane entre Bergerac et P\u00e9rigueux","robots":{"index":"index","follow":"follow","max-snippet":"max-snippet:-1","max-image-preview":"max-image-preview:large","max-video-preview":"max-video-preview:-1"},"canonical":"https:\/\/camping-lestaubiere.fr\/fr\/location-emplacement-douville\/","og_locale":"fr_FR","og_type":"article","og_title":"Louer emplacement tente et caravane entre Bergerac et P\u00e9rigueux","og_url":"https:\/\/camping-lestaubiere.fr\/fr\/location-emplacement-douville\/","og_site_name":"Camping Lestaubi\u00e8re","article_modified_time":"2025-07-22T09:42:02+00:00","og_image":[{"width":1093,"height":550,"url":"https:\/\/camping-lestaubiere.fr\/wp-content\/uploads\/2022\/11\/Emplacement.jpg","type":"image\/jpeg"}],"twitter_card":"summary_large_image","twitter_misc":{"Dur\u00e9e de lecture estim\u00e9e":"1 minute"},"schema":{"@context":"https:\/\/schema.org","@graph":[{"@type":"WebPage","@id":"https:\/\/camping-lestaubiere.fr\/fr\/location-emplacement-douville\/","url":"https:\/\/camping-lestaubiere.fr\/fr\/location-emplacement-douville\/","name":"Louer emplacement tente et caravane entre Bergerac et P\u00e9rigueux","isPartOf":{"@id":"https:\/\/camping-lestaubiere.fr\/fr\/#website"},"primaryImageOfPage":{"@id":"https:\/\/camping-lestaubiere.fr\/fr\/location-emplacement-douville\/#primaryimage"},"image":{"@id":"https:\/\/camping-lestaubiere.fr\/fr\/location-emplacement-douville\/#primaryimage"},"thumbnailUrl":"https:\/\/camping-lestaubiere.fr\/wp-content\/uploads\/2022\/11\/Emplacement.jpg","datePublished":"2021-09-16T10:14:46+00:00","dateModified":"2025-07-22T09:42:02+00:00","breadcrumb":{"@id":"https:\/\/camping-lestaubiere.fr\/fr\/location-emplacement-douville\/#breadcrumb"},"inLanguage":"fr-FR","potentialAction":[{"@type":"ReadAction","target":["https:\/\/camping-lestaubiere.fr\/fr\/location-emplacement-douville\/"]}]},{"@type":"ImageObject","inLanguage":"fr-FR","@id":"https:\/\/camping-lestaubiere.fr\/fr\/location-emplacement-douville\/#primaryimage","url":"https:\/\/camping-lestaubiere.fr\/wp-content\/uploads\/2022\/11\/Emplacement.jpg","contentUrl":"https:\/\/camping-lestaubiere.fr\/wp-content\/uploads\/2022\/11\/Emplacement.jpg","width":1093,"height":550},{"@type":"BreadcrumbList","@id":"https:\/\/camping-lestaubiere.fr\/fr\/location-emplacement-douville\/#breadcrumb","itemListElement":[{"@type":"ListItem","position":1,"name":"Camping Dordogne","item":"https:\/\/camping-lestaubiere.fr\/fr\/"},{"@type":"ListItem","position":2,"name":"Location emplacement pr\u00e8s de Bergerac"}]},{"@type":"WebSite","@id":"https:\/\/camping-lestaubiere.fr\/fr\/#website","url":"https:\/\/camping-lestaubiere.fr\/fr\/","name":"Camping Lestaubi\u00e8re","description":"","publisher":{"@id":"https:\/\/camping-lestaubiere.fr\/fr\/#organization"},"potentialAction":[{"@type":"SearchAction","target":{"@type":"EntryPoint","urlTemplate":"https:\/\/camping-lestaubiere.fr\/fr\/?s={search_term_string}"},"query-input":{"@type":"PropertyValueSpecification","valueRequired":true,"valueName":"search_term_string"}}],"inLanguage":"fr-FR"},{"@type":"Organization","@id":"https:\/\/camping-lestaubiere.fr\/fr\/#organization","name":"Camping Lestaubiere","url":"https:\/\/camping-lestaubiere.fr\/fr\/","logo":{"@type":"ImageObject","inLanguage":"fr-FR","@id":"https:\/\/camping-lestaubiere.fr\/fr\/#\/schema\/logo\/image\/","url":"https:\/\/camping-lestaubiere.fr\/wp-content\/uploads\/2021\/09\/logo-camping-lestaubiere.png","contentUrl":"https:\/\/camping-lestaubiere.fr\/wp-content\/uploads\/2021\/09\/logo-camping-lestaubiere.png","width":259,"height":89,"caption":"Camping Lestaubiere"},"image":{"@id":"https:\/\/camping-lestaubiere.fr\/fr\/#\/schema\/logo\/image\/"}}]}},"_links":{"self":[{"href":"https:\/\/camping-lestaubiere.fr\/fr\/wp-json\/wp\/v2\/pages\/841","targetHints":{"allow":["GET"]}}],"collection":[{"href":"https:\/\/camping-lestaubiere.fr\/fr\/wp-json\/wp\/v2\/pages"}],"about":[{"href":"https:\/\/camping-lestaubiere.fr\/fr\/wp-json\/wp\/v2\/types\/page"}],"author":[{"embeddable":true,"href":"https:\/\/camping-lestaubiere.fr\/fr\/wp-json\/wp\/v2\/users\/1"}],"replies":[{"embeddable":true,"href":"https:\/\/camping-lestaubiere.fr\/fr\/wp-json\/wp\/v2\/comments?post=841"}],"version-history":[{"count":55,"href":"https:\/\/camping-lestaubiere.fr\/fr\/wp-json\/wp\/v2\/pages\/841\/revisions"}],"predecessor-version":[{"id":4010,"href":"https:\/\/camping-lestaubiere.fr\/fr\/wp-json\/wp\/v2\/pages\/841\/revisions\/4010"}],"wp:featuredmedia":[{"embeddable":true,"href":"https:\/\/camping-lestaubiere.fr\/fr\/wp-json\/wp\/v2\/media\/3376"}],"wp:attachment":[{"href":"https:\/\/camping-lestaubiere.fr\/fr\/wp-json\/wp\/v2\/media?parent=841"}],"curies":[{"name":"wp","href":"https:\/\/api.w.org\/{rel}","templated":true}]}}