{"id":839,"date":"2021-09-16T12:14:29","date_gmt":"2021-09-16T10:14:29","guid":{"rendered":"https:\/\/camping-lestaubiere.fr\/?page_id=839"},"modified":"2025-07-22T11:41:54","modified_gmt":"2025-07-22T09:41:54","slug":"location-mobil-home-douville","status":"publish","type":"page","link":"https:\/\/camping-lestaubiere.fr\/fr\/location-mobil-home-douville\/","title":{"rendered":"H\u00e9bergements : Nos mobil-homes et tentes Safaris"},"content":{"rendered":"<section id=\"section-61517c214d1b2\"\" class=\"section bg-white p-b-0\" \/><div class=\"container\"><h1 class=\"element section-title center color1\">Louez un mobil-home entre P\u00e9rigueux et Bergerac<\/h1><\/div><\/section>\n\n<section id=\"section-61517c214d3b8\"\" class=\"section bg-white\" \/><div class=\"container extralarge\"><div class=\"filtres\"><div class=\"button-group\" data-filter-group=\".nombre-de-chambres\"><div class=\"button-group-title\">Nombre de chambres<\/div><button data-filter=\"\" class=\"button active group-all\">Tous<\/button><button data-filter=\".nombre-de-chambres-2\" class=\"button\">2 <\/button><\/div><div class=\"button-group\" data-filter-group=\".nombre-de-personnes\"><div class=\"button-group-title\">Nombre de personnes<\/div><button data-filter=\"\" class=\"button active group-all\">Tous<\/button><button data-filter=\".nombre-de-personnes-5\" class=\"button\">5 <\/button><button data-filter=\".nombre-de-personnes-6\" class=\"button\">6 <\/button><\/div><\/div><ul class=\"liste-de-page hebergements\"><div class=\"row\"><li class=\"element hebergement call-to-action call-to-action--style-2  nombre-de-chambres-2 nombre-de-personnes-5 superficie-32\"><div class=\"hebergement_link\" id=\"2242\"><div class=\"call-to-action_image\"><img decoding=\"async\" src=\"https:\/\/camping-lestaubiere.fr\/wp-content\/uploads\/2022\/11\/Mobil-Home.jpeg\" data-src=\"https:\/\/camping-lestaubiere.fr\/wp-content\/uploads\/2022\/11\/Mobil-Home.jpeg\" alt=\"\" class=\"\" \/><\/div><div class=\"call-to-action_contenu\"><div class=\"call-to-action_titre\">Mobil-home<\/div><\/div><div class=\"hebergement-attributs\"><span class=\"attribut nombre-de-chambres\">2 <\/span><span class=\"attribut nombre-de-personnes\">5 <\/span><span class=\"attribut superficie\">32m\u00b2<\/span><\/div><\/div><\/li><li class=\"element hebergement call-to-action call-to-action--style-2  nombre-de-chambres-2 nombre-de-personnes-6 superficie-35\"><div class=\"hebergement_link\" id=\"2249\"><div class=\"call-to-action_image\"><img decoding=\"async\" src=\"https:\/\/camping-lestaubiere.fr\/wp-content\/uploads\/2022\/11\/Tente-Safari-avec-salle-de-bain.jpg\" data-src=\"https:\/\/camping-lestaubiere.fr\/wp-content\/uploads\/2022\/11\/Tente-Safari-avec-salle-de-bain.jpg\" alt=\"\" class=\"\" \/><\/div><div class=\"call-to-action_contenu\"><div class=\"call-to-action_titre\">Tente Safari avec salle de bain<\/div><\/div><div class=\"hebergement-attributs\"><span class=\"attribut nombre-de-chambres\">2 <\/span><span class=\"attribut nombre-de-personnes\">6 <\/span><span class=\"attribut superficie\">35m\u00b2<\/span><\/div><\/div><\/li><\/div><\/ul><\/div><\/section>\n\n<section id=\"section-61517c214d711\"\" class=\"section bg-white\" \/><div class=\"container full\"><div class=\"colonnes-wrap valign-top p-l-5 p-r-5\"><div class=\"element colonne \"><h2 class=\"element section-title left color2\">Nos mobil-homes en location<\/h2><div class=\"element bloc-text left \">\n\t<p>Les <strong class=\"bold color3\">mobil-homes en location<\/strong> <span style=\"font-weight: 400;\">pr\u00e8s de Bergerac<\/span> sont parfaits pour accueillir une famille dans un <strong class=\"bold color3\">environnement confortable<\/strong>.<\/p>\n<p>Les h\u00e9bergements en location comptent <strong class=\"bold color3\">4 mobil-homes tout confort<\/strong>, de 32 m\u00e8tres carr\u00e9s chacun avec 2 chambres, cuisine enti\u00e8rement \u00e9quip\u00e9e avec table, chaises et canap\u00e9. La salle de bain comporte une douche et lavabo, et les toilettes sont s\u00e9par\u00e9es. La premi\u00e8re chambre est \u00e9quip\u00e9e d\u2019un lit Queen size de 2.00\u00d71.60 m\u00e8tres. La seconde chambre est pourvue <span style=\"font-weight: 400;\">de <\/span><span style=\"font-weight: 400;\">2 <\/span><span style=\"font-weight: 400;\">lits simples 1.90\u00d70.<\/span><span style=\"font-weight: 400;\">8<\/span><span style=\"font-weight: 400;\">0 m\u00e8tres <\/span><span style=\"font-weight: 400;\">et d\u2019un lit mezzanine 1.90\u00d70,70 m\u00e8tres (adapt\u00e9 pour un enfant \/ adolescent<\/span>). Profitez de l\u2019espace ext\u00e9rieur (250 m\u00e8tres carr\u00e9s) avec une terrasse \u00e9quip\u00e9e de tables, de chaises, de transats, et d\u2019un barbecue.<\/p>\n<p>Ces h\u00e9bergements locatifs au <a href=\"\/fr\/\">camping Douville<\/a> offrent tout le n\u00e9cessaire. Vous n\u2019aurez qu\u2019\u00e0 garer votre voiture sur la place de parking r\u00e9serv\u00e9e \u00e0 l\u2019arri\u00e8re et poser vos valises.<br \/>\n(Nb : les animaux ne sont pas autoris\u00e9s sur ce type d\u2019h\u00e9bergement)<\/p>\n<\/div><h2 class=\"element section-title left color2 m-t-5\">Location de mobil-home pr\u00e8s de Bergerac<\/h2><div class=\"element bloc-text left \">\n\t<p>Pour vos <a href=\"\/fr\/camping-bord-etang-douville\/\">vacances p\u00eache en Dordogne<\/a>, nos options locatives \u00e0 Douville sont vari\u00e9es : En location vous aurez le choix entre h\u00e9bergement en mobil-home, tente lodge, tente sur pilotis, tente\u2026 Autant d\u2019options qui font de nos locatifs, les solutions id\u00e9ales pour loger des familles avec enfants, des couples, des groupes d\u2019amis au <a href=\"\/fr\/camping-pas-cher-douville\/\">meilleur prix pour <span style=\"font-weight: 400;\">vacances pr\u00e8s de P\u00e9rigueux<\/span><\/a>.<\/p>\n<p><span style=\"font-weight: 400;\">Les mobil-home<\/span><span style=\"font-weight: 400;\">s<\/span><span style=\"font-weight: 400;\"> en location <\/span><span style=\"font-weight: 400;\">pr\u00e8s de Bergerac <\/span><span style=\"font-weight: 400;\">peuvent accueillir confortablement<strong> 5 personnes<\/strong>, avec la possibilit\u00e9 d\u2019ajouter des personnes \u00e0 un tarif suppl\u00e9mentaire. Les tentes lodges <\/span><span style=\"font-weight: 400;\">et<\/span><span style=\"font-weight: 400;\"> les tentes sur pilotis<\/span> <span style=\"font-weight: 400;\">offrent \u00e9galement des espaces confortables pouvant accueillir <strong>des groupes d\u2019amis<\/strong> ou encore<strong> des familles<\/strong> avec plusieurs enfants ou adolescents.<\/span><\/p>\n<\/div><\/div><div class=\"element colonne \"><h2 class=\"element section-title left color2\">Nos h\u00e9bergements en location pr\u00e8s de P\u00e9rigueux <\/h2><div class=\"element bloc-text left \">\n\t<p>Diff\u00e9rents <a href=\"\/fr\/location-emplacement-douville\/\">emplacements en locations <span style=\"font-weight: 400;\">entre P\u00e9rigueux et Bergerac<\/span><\/a> et h\u00e9bergements en Dordogne, \u00e0 Douville sont propos\u00e9s : tentes lodges, tentes sur pilotis, tentes classiques. Selon vos envies, de l\u2019<strong class=\"bold color3\">insolite<\/strong> au <strong class=\"bold color3\">classique<\/strong>, trouvez votre h\u00e9bergement locatif \u00e0 Douville.<\/p>\n<p>Les tentes lodges \u00e0 louer, combinent judicieusement le confort d\u2019une maison, avec les <strong class=\"bold color3\">sensations du camping<\/strong>. Les tentes sur pilotis rappelleront des souvenirs aux adeptes du scoutisme.<\/p>\n<p>Les tentes classiques demeurent les incontournables pour retrouver les vraies sensations du camping. Cette vari\u00e9t\u00e9 d\u2019h\u00e9bergements\u00a0<span style=\"font-weight: 400;\">mobil-homes \u00e0 louer proches de P\u00e9rigueux<\/span> offre des espaces adapt\u00e9s pour les familles avec ou sans enfants, les couples, ou encore les petits groupes d\u2019amis.<\/p>\n<\/div><h2 class=\"element section-title left color2\">Nos tentes \u201cSafari\u201d<\/h2><div class=\"element bloc-text justify \">\n\t<p><span style=\"font-weight: 400;\">Vous recherchez un d\u00e9paysement total ? S\u00e9journez dans une de nos <strong>tentes Safari<\/strong> avec salle de bain nouvellement install\u00e9es en 2022 !<\/span><\/p>\n<p><span style=\"font-weight: 400;\">Nos tentes font 35 m\u00e8tres carr\u00e9s chacune. La premi\u00e8re chambre est \u00e9quip\u00e9e d\u2019un lit Queen size de 2.00\u00d71.60 m\u00e8tres et la seconde chambre de 2\u00d72 lits superpos\u00e9s de 2.00\u00d70.80. Les <strong>tentes Safari<\/strong> ont une cuisine enti\u00e8rement \u00e9quip\u00e9e. La salle de bain comporte une douche, un lavabo et les toilettes. Profitez de la terrasse et du barbecue.<\/span><\/p>\n<p><span style=\"font-weight: 400;\">Un chauffage est disponible pour pouvoir profiter pleinement de la tente d\u00e8s les premiers beaux jours.<\/span><\/p>\n<p><span style=\"font-weight: 400;\">Vous pr\u00e9f\u00e9rez s\u00e9journer dans une des tentes Safari sans salle de bain? Alors n\u2019h\u00e9sitez pas \u00e0 nous contacter via le formulaire de contact du site ou par t\u00e9l\u00e9phone pour conna\u00eetre les disponibilit\u00e9s.<\/span><\/p>\n<\/div><\/div><\/div><\/div><\/section>\n\n<section id=\"section-65b7b749d6d9b\"\" class=\"section bg-white\" \/><div class=\"container\"><h2 class=\"element section-title center\">Ce que vous pensez du camping<\/h2><div class=\"element bloc-text\">\n\t<div class=\"slider-avis-pages\"><div class=\"slide\"><div class=\"slide_note\">\n                         <span class=\"dashicons dashicons-star-filled\"><\/span>\n                        <span class=\"dashicons dashicons-star-filled\"><\/span>\n                        <span class=\"dashicons dashicons-star-filled\"><\/span>\n                        <span class=\"dashicons dashicons-star-filled\"><\/span>\n                        <span class=\"dashicons dashicons-star-filled\"><\/span>\n                    <\/div><div class=\"slide_contenu\"><p>Nous avons appr\u00e9ci\u00e9 ce bel endroit. Les emplacements sont grands. Les animations ap\u00e9ros, karaoke et bingo sont top, surtout les soir\u00e9es \u00e0 th\u00e8me ou l&rsquo;ambiance \u00e9tait g\u00e9niale.<br \/>\nL&rsquo;\u00e9quipe est dynamique<br \/>\nMerci aux g\u00e9rants de ce camping pour leurs hospitalit\u00e9.<\/p>\n<\/div><img decoding=\"async\" src=\"https:\/\/camping-lestaubiere.fr\/wp-content\/uploads\/2024\/01\/unnamed-47.png\" class=\"slide_photo\" \/><div class=\"slide_titre\">Avis de Sebastien Androuet<\/div><\/div><div class=\"slide\"><div class=\"slide_note\">\n                         <span class=\"dashicons dashicons-star-filled\"><\/span>\n                        <span class=\"dashicons dashicons-star-filled\"><\/span>\n                        <span class=\"dashicons dashicons-star-filled\"><\/span>\n                        <span class=\"dashicons dashicons-star-filled\"><\/span>\n                        <span class=\"dashicons dashicons-star-filled\"><\/span>\n                    <\/div><div class=\"slide_contenu\"><p>Et bien Nous devions rester deux voir trois nuits et se d\u00e9placer en visite de la Dordogne \ud83d\ude09 r\u00e9sultats nous y sommes rest\u00e9s 14 jours \ud83e\udd23\ud83e\udd23terrain de camping g\u00e9nial \ud83d\udc4d emplacement vaste et ombrag\u00e9 \ud83d\udc4dsuper bien situ\u00e9 pour les visites \ud83d\udc4daccueil top top \ud83d\udc4d et piscine tr\u00e8s bien entretenue\ud83d\udc4d<\/p>\n<\/div><img decoding=\"async\" src=\"https:\/\/camping-lestaubiere.fr\/wp-content\/uploads\/2024\/01\/unnamed-48.png\" class=\"slide_photo\" \/><div class=\"slide_titre\">Avis de Christelle Robinet<\/div><\/div><div class=\"slide\"><div class=\"slide_note\">\n                         <span class=\"dashicons dashicons-star-filled\"><\/span>\n                        <span class=\"dashicons dashicons-star-filled\"><\/span>\n                        <span class=\"dashicons dashicons-star-filled\"><\/span>\n                        <span class=\"dashicons dashicons-star-filled\"><\/span>\n                        <span class=\"dashicons dashicons-star-filled\"><\/span>\n                    <\/div><div class=\"slide_contenu\"><p>Camping toujours aussi agr\u00e9able<br \/>\nUn cadre magnifique<br \/>\nDes propri\u00e9taires toujours pr\u00e9sents et souriant<br \/>\nDes animations tr\u00e8s agr\u00e9ables et diverses<\/p>\n<\/div><img decoding=\"async\" src=\"https:\/\/camping-lestaubiere.fr\/wp-content\/uploads\/2024\/01\/unnamed-49.png\" class=\"slide_photo\" \/><div class=\"slide_titre\">Avis de  Nicolas cesbron<\/div><\/div><div class=\"slide\"><div class=\"slide_note\">\n                         <span class=\"dashicons dashicons-star-filled\"><\/span>\n                        <span class=\"dashicons dashicons-star-filled\"><\/span>\n                        <span class=\"dashicons dashicons-star-filled\"><\/span>\n                        <span class=\"dashicons dashicons-star-filled\"><\/span>\n                        <span class=\"dashicons dashicons-star-filled\"><\/span>\n                    <\/div><div class=\"slide_contenu\"><p>C&rsquo;est une premi\u00e8re d\u00e9couverte et nous recommandons chaleureusement ce camping. Les g\u00e9rants sont d&rsquo;une gentillesse extr\u00eame et \u00e0 l&rsquo;\u00e9coute. Le camping est magnifique dans un \u00e9crin de verdure. Les sanitaires et laverie d&rsquo;une propret\u00e9 irr\u00e9prochable. Les snacks, glaces delicieux. Nous y reviendrons avec plaisir.<\/p>\n<\/div><img decoding=\"async\" src=\"https:\/\/camping-lestaubiere.fr\/wp-content\/uploads\/2024\/01\/unnamed-50.png\" class=\"slide_photo\" \/><div class=\"slide_titre\">Avis de  Beatrice Dresen<\/div><\/div><\/div><\/div><\/div><\/section>\n\n<section id=\"section-61517c214da63\"\" class=\"section bg-white\" \/><div class=\"container large\"><div class=\"element section-title center titre-cta\">D\u00e9couvrez nos emplacements et nos tarifs<\/div><ul class=\"liste-de-page\"><li class=\"element call-to-action carre call-to-action--style-1 call-to-action--big\"><a href=\"https:\/\/camping-lestaubiere.fr\/fr\/camping-familial-douville\/\"  class=\"call-to-action_link\" title=\"En savoir plus sur services\"><div class=\"call-to-action_image\"><img decoding=\"async\" src=\"https:\/\/camping-lestaubiere.fr\/wp-content\/uploads\/2021\/09\/camping-familial-douville-100x57.jpg\" data-src=\"https:\/\/camping-lestaubiere.fr\/wp-content\/uploads\/2021\/09\/camping-familial-douville.jpg\" alt=\"camping familial douville\" class=\"big\" \/><\/div><div class=\"call-to-action_contenu\"><div class=\"call-to-action_titre\">services<\/div><\/div><\/a><\/li><li class=\"element call-to-action carre call-to-action--style-1 call-to-action--big call-to-action--style-1 call-to-action--big\"><a href=\"https:\/\/camping-lestaubiere.fr\/fr\/location-emplacement-douville\/\"  class=\"call-to-action_link\" title=\"En savoir plus sur emplacement\"><div class=\"call-to-action_image\"><img decoding=\"async\" src=\"https:\/\/camping-lestaubiere.fr\/wp-content\/uploads\/2021\/12\/Emplacement-6amp-100x50.jpg\" data-src=\"https:\/\/camping-lestaubiere.fr\/wp-content\/uploads\/2021\/12\/Emplacement-6amp.jpg\" alt=\"\" class=\"big\" \/><\/div><div class=\"call-to-action_contenu\"><div class=\"call-to-action_titre\">Emplacement<\/div><\/div><\/a><\/li><li class=\"element call-to-action carre call-to-action--style-1 call-to-action--big call-to-action--style-1 call-to-action--big call-to-action--style-1 call-to-action--big\"><a href=\"https:\/\/camping-lestaubiere.fr\/fr\/camping-pas-cher-douville\/\"  class=\"call-to-action_link\" title=\"En savoir plus sur tarifs\"><div class=\"call-to-action_image\"><img decoding=\"async\" src=\"https:\/\/camping-lestaubiere.fr\/wp-content\/uploads\/2021\/09\/camping-offre-speciale-dordogne-100x57.jpg\" data-src=\"https:\/\/camping-lestaubiere.fr\/wp-content\/uploads\/2021\/09\/camping-offre-speciale-dordogne.jpg\" alt=\"camping offre speciale dordogne\" class=\"big\" \/><\/div><div class=\"call-to-action_contenu\"><div class=\"call-to-action_titre\">Tarifs<\/div><\/div><\/a><\/li><\/ul><\/div><\/section>","protected":false},"excerpt":{"rendered":"","protected":false},"author":1,"featured_media":3417,"parent":0,"menu_order":0,"comment_status":"closed","ping_status":"closed","template":"","meta":{"_acf_changed":false,"footnotes":""},"class_list":["post-839","page","type-page","status-publish","has-post-thumbnail","hentry"],"acf":[],"yoast_head":"<!-- This site is optimized with the Yoast SEO plugin v25.2 - https:\/\/yoast.com\/wordpress\/plugins\/seo\/ -->\n<title>Location mobil-home pr\u00e8s de P\u00e9rigueux | Louer mobil-home pr\u00e8s de Bergerac<\/title>\n<meta name=\"robots\" content=\"index, follow, max-snippet:-1, max-image-preview:large, max-video-preview:-1\" \/>\n<link rel=\"canonical\" href=\"https:\/\/camping-lestaubiere.fr\/fr\/location-mobil-home-douville\/\" \/>\n<meta property=\"og:locale\" content=\"fr_FR\" \/>\n<meta property=\"og:type\" content=\"article\" \/>\n<meta property=\"og:title\" content=\"Location mobil-home pr\u00e8s de P\u00e9rigueux | Louer mobil-home pr\u00e8s de Bergerac\" \/>\n<meta property=\"og:url\" content=\"https:\/\/camping-lestaubiere.fr\/fr\/location-mobil-home-douville\/\" \/>\n<meta property=\"og:site_name\" content=\"Camping Lestaubi\u00e8re\" \/>\n<meta property=\"article:modified_time\" content=\"2025-07-22T09:41:54+00:00\" \/>\n<meta property=\"og:image\" content=\"https:\/\/camping-lestaubiere.fr\/wp-content\/uploads\/2022\/11\/Tentes-Safaris.jpg\" \/>\n\t<meta property=\"og:image:width\" content=\"1093\" \/>\n\t<meta property=\"og:image:height\" content=\"550\" \/>\n\t<meta property=\"og:image:type\" content=\"image\/jpeg\" \/>\n<meta name=\"twitter:card\" content=\"summary_large_image\" \/>\n<meta name=\"twitter:label1\" content=\"Dur\u00e9e de lecture estim\u00e9e\" \/>\n\t<meta name=\"twitter:data1\" content=\"1 minute\" \/>\n<script type=\"application\/ld+json\" class=\"yoast-schema-graph\">{\"@context\":\"https:\/\/schema.org\",\"@graph\":[{\"@type\":\"WebPage\",\"@id\":\"https:\/\/camping-lestaubiere.fr\/fr\/location-mobil-home-douville\/\",\"url\":\"https:\/\/camping-lestaubiere.fr\/fr\/location-mobil-home-douville\/\",\"name\":\"Location mobil-home pr\u00e8s de P\u00e9rigueux | Louer mobil-home pr\u00e8s de Bergerac\",\"isPartOf\":{\"@id\":\"https:\/\/camping-lestaubiere.fr\/fr\/#website\"},\"primaryImageOfPage\":{\"@id\":\"https:\/\/camping-lestaubiere.fr\/fr\/location-mobil-home-douville\/#primaryimage\"},\"image\":{\"@id\":\"https:\/\/camping-lestaubiere.fr\/fr\/location-mobil-home-douville\/#primaryimage\"},\"thumbnailUrl\":\"https:\/\/camping-lestaubiere.fr\/wp-content\/uploads\/2022\/11\/Tentes-Safaris.jpg\",\"datePublished\":\"2021-09-16T10:14:29+00:00\",\"dateModified\":\"2025-07-22T09:41:54+00:00\",\"breadcrumb\":{\"@id\":\"https:\/\/camping-lestaubiere.fr\/fr\/location-mobil-home-douville\/#breadcrumb\"},\"inLanguage\":\"fr-FR\",\"potentialAction\":[{\"@type\":\"ReadAction\",\"target\":[\"https:\/\/camping-lestaubiere.fr\/fr\/location-mobil-home-douville\/\"]}]},{\"@type\":\"ImageObject\",\"inLanguage\":\"fr-FR\",\"@id\":\"https:\/\/camping-lestaubiere.fr\/fr\/location-mobil-home-douville\/#primaryimage\",\"url\":\"https:\/\/camping-lestaubiere.fr\/wp-content\/uploads\/2022\/11\/Tentes-Safaris.jpg\",\"contentUrl\":\"https:\/\/camping-lestaubiere.fr\/wp-content\/uploads\/2022\/11\/Tentes-Safaris.jpg\",\"width\":1093,\"height\":550},{\"@type\":\"BreadcrumbList\",\"@id\":\"https:\/\/camping-lestaubiere.fr\/fr\/location-mobil-home-douville\/#breadcrumb\",\"itemListElement\":[{\"@type\":\"ListItem\",\"position\":1,\"name\":\"Camping Dordogne\",\"item\":\"https:\/\/camping-lestaubiere.fr\/fr\/\"},{\"@type\":\"ListItem\",\"position\":2,\"name\":\"Location mobil-home \u00e0 mi-chemin entre P\u00e9rigueux et Bergerac\"}]},{\"@type\":\"WebSite\",\"@id\":\"https:\/\/camping-lestaubiere.fr\/fr\/#website\",\"url\":\"https:\/\/camping-lestaubiere.fr\/fr\/\",\"name\":\"Camping Lestaubi\u00e8re\",\"description\":\"\",\"publisher\":{\"@id\":\"https:\/\/camping-lestaubiere.fr\/fr\/#organization\"},\"potentialAction\":[{\"@type\":\"SearchAction\",\"target\":{\"@type\":\"EntryPoint\",\"urlTemplate\":\"https:\/\/camping-lestaubiere.fr\/fr\/?s={search_term_string}\"},\"query-input\":{\"@type\":\"PropertyValueSpecification\",\"valueRequired\":true,\"valueName\":\"search_term_string\"}}],\"inLanguage\":\"fr-FR\"},{\"@type\":\"Organization\",\"@id\":\"https:\/\/camping-lestaubiere.fr\/fr\/#organization\",\"name\":\"Camping Lestaubiere\",\"url\":\"https:\/\/camping-lestaubiere.fr\/fr\/\",\"logo\":{\"@type\":\"ImageObject\",\"inLanguage\":\"fr-FR\",\"@id\":\"https:\/\/camping-lestaubiere.fr\/fr\/#\/schema\/logo\/image\/\",\"url\":\"https:\/\/camping-lestaubiere.fr\/wp-content\/uploads\/2021\/09\/logo-camping-lestaubiere.png\",\"contentUrl\":\"https:\/\/camping-lestaubiere.fr\/wp-content\/uploads\/2021\/09\/logo-camping-lestaubiere.png\",\"width\":259,\"height\":89,\"caption\":\"Camping Lestaubiere\"},\"image\":{\"@id\":\"https:\/\/camping-lestaubiere.fr\/fr\/#\/schema\/logo\/image\/\"}}]}<\/script>\n<!-- \/ Yoast SEO plugin. -->","yoast_head_json":{"title":"Location mobil-home pr\u00e8s de P\u00e9rigueux | Louer mobil-home pr\u00e8s de Bergerac","robots":{"index":"index","follow":"follow","max-snippet":"max-snippet:-1","max-image-preview":"max-image-preview:large","max-video-preview":"max-video-preview:-1"},"canonical":"https:\/\/camping-lestaubiere.fr\/fr\/location-mobil-home-douville\/","og_locale":"fr_FR","og_type":"article","og_title":"Location mobil-home pr\u00e8s de P\u00e9rigueux | Louer mobil-home pr\u00e8s de Bergerac","og_url":"https:\/\/camping-lestaubiere.fr\/fr\/location-mobil-home-douville\/","og_site_name":"Camping Lestaubi\u00e8re","article_modified_time":"2025-07-22T09:41:54+00:00","og_image":[{"width":1093,"height":550,"url":"https:\/\/camping-lestaubiere.fr\/wp-content\/uploads\/2022\/11\/Tentes-Safaris.jpg","type":"image\/jpeg"}],"twitter_card":"summary_large_image","twitter_misc":{"Dur\u00e9e de lecture estim\u00e9e":"1 minute"},"schema":{"@context":"https:\/\/schema.org","@graph":[{"@type":"WebPage","@id":"https:\/\/camping-lestaubiere.fr\/fr\/location-mobil-home-douville\/","url":"https:\/\/camping-lestaubiere.fr\/fr\/location-mobil-home-douville\/","name":"Location mobil-home pr\u00e8s de P\u00e9rigueux | Louer mobil-home pr\u00e8s de Bergerac","isPartOf":{"@id":"https:\/\/camping-lestaubiere.fr\/fr\/#website"},"primaryImageOfPage":{"@id":"https:\/\/camping-lestaubiere.fr\/fr\/location-mobil-home-douville\/#primaryimage"},"image":{"@id":"https:\/\/camping-lestaubiere.fr\/fr\/location-mobil-home-douville\/#primaryimage"},"thumbnailUrl":"https:\/\/camping-lestaubiere.fr\/wp-content\/uploads\/2022\/11\/Tentes-Safaris.jpg","datePublished":"2021-09-16T10:14:29+00:00","dateModified":"2025-07-22T09:41:54+00:00","breadcrumb":{"@id":"https:\/\/camping-lestaubiere.fr\/fr\/location-mobil-home-douville\/#breadcrumb"},"inLanguage":"fr-FR","potentialAction":[{"@type":"ReadAction","target":["https:\/\/camping-lestaubiere.fr\/fr\/location-mobil-home-douville\/"]}]},{"@type":"ImageObject","inLanguage":"fr-FR","@id":"https:\/\/camping-lestaubiere.fr\/fr\/location-mobil-home-douville\/#primaryimage","url":"https:\/\/camping-lestaubiere.fr\/wp-content\/uploads\/2022\/11\/Tentes-Safaris.jpg","contentUrl":"https:\/\/camping-lestaubiere.fr\/wp-content\/uploads\/2022\/11\/Tentes-Safaris.jpg","width":1093,"height":550},{"@type":"BreadcrumbList","@id":"https:\/\/camping-lestaubiere.fr\/fr\/location-mobil-home-douville\/#breadcrumb","itemListElement":[{"@type":"ListItem","position":1,"name":"Camping Dordogne","item":"https:\/\/camping-lestaubiere.fr\/fr\/"},{"@type":"ListItem","position":2,"name":"Location mobil-home \u00e0 mi-chemin entre P\u00e9rigueux et Bergerac"}]},{"@type":"WebSite","@id":"https:\/\/camping-lestaubiere.fr\/fr\/#website","url":"https:\/\/camping-lestaubiere.fr\/fr\/","name":"Camping Lestaubi\u00e8re","description":"","publisher":{"@id":"https:\/\/camping-lestaubiere.fr\/fr\/#organization"},"potentialAction":[{"@type":"SearchAction","target":{"@type":"EntryPoint","urlTemplate":"https:\/\/camping-lestaubiere.fr\/fr\/?s={search_term_string}"},"query-input":{"@type":"PropertyValueSpecification","valueRequired":true,"valueName":"search_term_string"}}],"inLanguage":"fr-FR"},{"@type":"Organization","@id":"https:\/\/camping-lestaubiere.fr\/fr\/#organization","name":"Camping Lestaubiere","url":"https:\/\/camping-lestaubiere.fr\/fr\/","logo":{"@type":"ImageObject","inLanguage":"fr-FR","@id":"https:\/\/camping-lestaubiere.fr\/fr\/#\/schema\/logo\/image\/","url":"https:\/\/camping-lestaubiere.fr\/wp-content\/uploads\/2021\/09\/logo-camping-lestaubiere.png","contentUrl":"https:\/\/camping-lestaubiere.fr\/wp-content\/uploads\/2021\/09\/logo-camping-lestaubiere.png","width":259,"height":89,"caption":"Camping Lestaubiere"},"image":{"@id":"https:\/\/camping-lestaubiere.fr\/fr\/#\/schema\/logo\/image\/"}}]}},"_links":{"self":[{"href":"https:\/\/camping-lestaubiere.fr\/fr\/wp-json\/wp\/v2\/pages\/839","targetHints":{"allow":["GET"]}}],"collection":[{"href":"https:\/\/camping-lestaubiere.fr\/fr\/wp-json\/wp\/v2\/pages"}],"about":[{"href":"https:\/\/camping-lestaubiere.fr\/fr\/wp-json\/wp\/v2\/types\/page"}],"author":[{"embeddable":true,"href":"https:\/\/camping-lestaubiere.fr\/fr\/wp-json\/wp\/v2\/users\/1"}],"replies":[{"embeddable":true,"href":"https:\/\/camping-lestaubiere.fr\/fr\/wp-json\/wp\/v2\/comments?post=839"}],"version-history":[{"count":74,"href":"https:\/\/camping-lestaubiere.fr\/fr\/wp-json\/wp\/v2\/pages\/839\/revisions"}],"predecessor-version":[{"id":4023,"href":"https:\/\/camping-lestaubiere.fr\/fr\/wp-json\/wp\/v2\/pages\/839\/revisions\/4023"}],"wp:featuredmedia":[{"embeddable":true,"href":"https:\/\/camping-lestaubiere.fr\/fr\/wp-json\/wp\/v2\/media\/3417"}],"wp:attachment":[{"href":"https:\/\/camping-lestaubiere.fr\/fr\/wp-json\/wp\/v2\/media?parent=839"}],"curies":[{"name":"wp","href":"https:\/\/api.w.org\/{rel}","templated":true}]}}