{"id":837,"date":"2021-09-16T12:14:04","date_gmt":"2021-09-16T10:14:04","guid":{"rendered":"https:\/\/camping-lestaubiere.fr\/?page_id=837"},"modified":"2025-07-23T12:03:00","modified_gmt":"2025-07-23T10:03:00","slug":"camping-bord-etang-douville","status":"publish","type":"page","link":"https:\/\/camping-lestaubiere.fr\/fr\/camping-bord-etang-douville\/","title":{"rendered":"Autour de l&rsquo;eau : L&rsquo;\u00e9tang"},"content":{"rendered":"<section id=\"section-614841dd5d83e\"\" class=\"section bg-white p-b-0\" \/><div class=\"container\"><h1 class=\"element section-title center color2\">Camping avec \u00e9tang de p\u00eache \u00e0 Douville en Dordogne<\/h1><\/div><\/section>\n\n<section id=\"section-group1\"\" class=\"section bg-white\" \/><div class=\"container extralarge\"><div class=\"colonnes-wrap valign-middle \"><div class=\"element colonne p-r-5\"><h2 class=\"element section-title left color1\">Acc\u00e8s direct \u00e0 l\u2019\u00e9tang depuis le camping<\/h2><div class=\"element bloc-text left \">\n\t<p data-pm-slice=\"1 1 []\">Les \u00e9tangs, lacs et plans d&rsquo;eau sont embl\u00e9matiques de la Dordogne, offrant un cadre paisible et pr\u00e9serv\u00e9. Le <a href=\"\/\"><strong>Camping entre P\u00e9rigueux et Bergerac <\/strong><\/a>\u00a0b\u00e9n\u00e9ficie d&rsquo;une situation exceptionnelle \u00e0 <strong>Douville<\/strong>, directement en bordure d&rsquo;un \u00e9tang priv\u00e9. Situ\u00e9 \u00e0 seulement <strong>100 m\u00e8tres de <a href=\"https:\/\/camping-lestaubiere.fr\/fr\/camping-espace-aquatique-douville\/\">la piscine \u00e0 Douville<\/a><\/strong>,<\/p>\n<p><span style=\"font-weight: 400;\">la proximit\u00e9 imm\u00e9diate du lac au sein du camping offre un terrain de jeux naturel \u00e0 port\u00e9e de main. Vous pouvez vous reposer en famille ou entre amis, dans un cadre tranquille et bucolique. Les amateurs de p\u00eache seront combl\u00e9s par des tournois de p\u00eache sur le lac, <\/span><span style=\"font-weight: 400;\">r\u00e9guli\u00e8rement organis\u00e9s par l\u2019\u00e9quipe du camping en bord d\u2019\u00e9tang \u00e0 deux pas de Bergerac<\/span><span style=\"font-weight: 400;\">.<\/span><\/p>\n<p><span style=\"font-weight: 400;\">Situ\u00e9 \u00e0 <\/span><span style=\"font-weight: 400;\">quelques pas <\/span><span style=\"font-weight: 400;\">de la piscine du camping, l\u2019\u00e9tang constitue un v\u00e9ritable havre de paix et un espace privil\u00e9gi\u00e9 pour des vacances reposantes en famille ou entre amis.<\/span><\/p>\n<p data-pm-slice=\"1 1 []\">\n<\/div><\/div><div class=\"element colonne fancybox-multi\"><div class=\"element fancybox-container\"><a class=\"fancybox\" href=\"https:\/\/camping-lestaubiere.fr\/wp-content\/uploads\/2022\/11\/Etang1.jpg\"><img decoding=\"async\" src=\"https:\/\/camping-lestaubiere.fr\/wp-content\/uploads\/2022\/11\/Etang1-100x37.jpg\" data-src=\"https:\/\/camping-lestaubiere.fr\/wp-content\/uploads\/2022\/11\/Etang1.jpg\" alt=\"camping dordogne peche etang\" class=\"images_image\" \/><\/a><a class=\"fancybox\" href=\"https:\/\/camping-lestaubiere.fr\/wp-content\/uploads\/2021\/09\/camping-etang-peche-mouche-douville.jpg\"><img decoding=\"async\" src=\"https:\/\/camping-lestaubiere.fr\/wp-content\/uploads\/2021\/09\/camping-etang-peche-mouche-douville-100x67.jpg\" data-src=\"https:\/\/camping-lestaubiere.fr\/wp-content\/uploads\/2021\/09\/camping-etang-peche-mouche-douville.jpg\" alt=\"camping etang peche mouche douville\" class=\"images_image\" \/><\/a><a class=\"fancybox\" href=\"https:\/\/camping-lestaubiere.fr\/wp-content\/uploads\/2021\/09\/camping-peche-etang-famille-dordogne.jpg\"><img decoding=\"async\" src=\"https:\/\/camping-lestaubiere.fr\/wp-content\/uploads\/2021\/09\/camping-peche-etang-famille-dordogne-100x67.jpg\" data-src=\"https:\/\/camping-lestaubiere.fr\/wp-content\/uploads\/2021\/09\/camping-peche-etang-famille-dordogne.jpg\" alt=\"camping peche etang famille dordogne\" class=\"images_image\" \/><\/a><\/div><\/div><\/div><\/div><\/section>\n\n<section id=\"section-group4\"\" class=\"section bg-white\" \/><div class=\"container extralarge\"><div class=\"colonnes-wrap valign-top \"><div class=\"element colonne \"><div class=\"element fancybox-container\"><a class=\"fancybox\" href=\"https:\/\/camping-lestaubiere.fr\/wp-content\/uploads\/2021\/12\/peche-etang-douville-1.jpg\"><img decoding=\"async\" src=\"https:\/\/camping-lestaubiere.fr\/wp-content\/uploads\/2021\/12\/peche-etang-douville-1-100x67.jpg\" data-src=\"https:\/\/camping-lestaubiere.fr\/wp-content\/uploads\/2021\/12\/peche-etang-douville-1.jpg\" alt=\"peche etang douville\" class=\"images_image\" \/><\/a><\/div><\/div><div class=\"element colonne \"><h2 class=\"element section-title left color1\">Baignade rafra\u00eechissante dans une eau naturelle <\/h2><div class=\"element bloc-text justify \">\n\t<p data-pm-slice=\"1 1 []\"><span style=\"font-weight: 400;\">Et si vos vacances prenaient des airs de plage, en pleine nature ? Gr\u00e2ce \u00e0 son acc\u00e8s direct \u00e0 l\u2019\u00e9tang, le camping vous offre un v\u00e9ritable <\/span><b>coin de fra\u00eecheur<\/b><span style=\"font-weight: 400;\">. Plongez dans une eau naturelle, au c\u0153ur d\u2019un cadre verdoyant, id\u00e9al pour se d\u00e9tendre ou jouer en famille. Que vous aimiez barboter au bord, nager en toute tranquillit\u00e9 ou simplement vous poser sur la berge, chacun y trouve son bonheur. Une alternative parfaite pour <\/span><b>se reconnecter \u00e0 la nature <\/b><span style=\"font-weight: 400;\">tout en profitant des plaisirs de l\u2019eau. Les enfants s\u2019y amusent en toute simplicit\u00e9, pendant que les plus grands savourent un moment de d\u00e9tente bien m\u00e9rit\u00e9. Et pour les amateurs de farniente, les abords de l\u2019\u00e9tang invitent au <\/span><b>pique-nique<\/b><span style=\"font-weight: 400;\"> ou \u00e0 la <\/span><b>sieste \u00e0 l\u2019ombre <\/b><span style=\"font-weight: 400;\">des arbres. Un vrai luxe, accessible \u00e0 pied depuis votre emplacement ou votre h\u00e9bergement au camping en bord d\u2019\u00e9tang entre P\u00e9rigueux et Bergerac. <\/span><\/p>\n<\/div><\/div><\/div><\/div><\/section>\n\n<section id=\"section-group3\"\" data-bg-opacite=\"0.2\"data-background=\"https:\/\/camping-lestaubiere.fr\/wp-content\/uploads\/2021\/12\/etang-peche-1.jpg\"data-speed=\"0.8\"class=\"section parallax-section bg-white section--has-bg-img section_bg-parallax\" \/><div class=\"container full\"><\/div><\/section>\n\n<section id=\"section-group5\"\" class=\"section bg-white\" \/><div class=\"container extralarge\"><div class=\"colonnes-wrap valign-middle \"><div class=\"element colonne p-r-5\"><h2 class=\"element section-title left color1\">P\u00eacher dans l\u2019\u00e9tang \u00e0 deux pas de Bergerac <\/h2><div class=\"element bloc-text justify \">\n\t<p><span style=\"font-weight: 400;\">La p\u00eache est une activit\u00e9 incontournable en Dordogne, particuli\u00e8rement appr\u00e9ci\u00e9e dans les \u00e9tangs de la r\u00e9gion. Le Camping Lestaubi\u00e8re dispose d\u2019un \u00e9tang priv\u00e9 id\u00e9al pour pratiquer votre passion en toute tranquillit\u00e9. R\u00e9guli\u00e8rement, l\u2019\u00e9quipe du camping organise des tournois de p\u00eache, offrant ainsi des moments de convivialit\u00e9 et d\u2019\u00e9changes entre passionn\u00e9s et amateurs.<\/span><\/p>\n<p><span style=\"font-weight: 400;\">Facile d\u2019acc\u00e8s et situ\u00e9 \u00e0 seulement quelques pas de votre emplacement, de votre h\u00e9bergement <\/span><span style=\"font-weight: 400;\">ou de la piscine<\/span><span style=\"font-weight: 400;\">, l\u2019\u00e9tang est id\u00e9al pour toutes les techniques de p\u00eache. P\u00eache, bronzage, ou les deux ? \u00c0 vous de choisir <\/span><span style=\"font-weight: 400;\">au camping en bord d\u2019\u00e9tang proche de P\u00e9rigueux<\/span><span style=\"font-weight: 400;\">.<\/span><\/p>\n<p>&nbsp;<\/p>\n<\/div><\/div><div class=\"element colonne \"><div class=\"element fancybox-container\"><a class=\"fancybox\" href=\"https:\/\/camping-lestaubiere.fr\/wp-content\/uploads\/2024\/10\/pecheurs-scaled.jpeg\"><img decoding=\"async\" src=\"https:\/\/camping-lestaubiere.fr\/wp-content\/uploads\/2024\/10\/pecheurs-100x75.jpeg\" data-src=\"https:\/\/camping-lestaubiere.fr\/wp-content\/uploads\/2024\/10\/pecheurs-scaled.jpeg\" alt=\"\" class=\"images_image\" \/><\/a><\/div><\/div><\/div><\/div><\/section>\n\n<section id=\"section-group6\"\" class=\"section bg-white\" \/><div class=\"container extralarge\"><div class=\"colonnes-wrap valign-middle \"><div class=\"element colonne \"><div class=\"element fancybox-container\"><a class=\"fancybox\" href=\"https:\/\/camping-lestaubiere.fr\/wp-content\/uploads\/2024\/10\/etang-scaled.jpeg\"><img decoding=\"async\" src=\"https:\/\/camping-lestaubiere.fr\/wp-content\/uploads\/2024\/10\/etang-100x71.jpeg\" data-src=\"https:\/\/camping-lestaubiere.fr\/wp-content\/uploads\/2024\/10\/etang-scaled.jpeg\" alt=\"\" class=\"images_image\" \/><\/a><\/div><\/div><div class=\"element colonne \"><h2 class=\"element section-title left color1\">Pourquoi choisir notre camping en bord d\u2019\u00e9tang pr\u00e8s de P\u00e9rigueux et Bergerac ?<\/h2><div class=\"element bloc-text left \">\n\t<p data-pm-slice=\"1 3 []\">Choisir le <strong>Camping Lestaubi\u00e8re \u00e0 Douville<\/strong>, c\u2019est b\u00e9n\u00e9ficier d\u2019un cadre naturel exceptionnel \u00e0 mi-chemin entre <strong>P\u00e9rigueux et Bergerac<\/strong>. Profitez de vacances au calme, tout en \u00e9tant id\u00e9alement situ\u00e9 pour d\u00e9couvrir les tr\u00e9sors touristiques et culturels de la Dordogne.<\/p>\n<ul data-spread=\"false\">\n<li><strong>\u00c9tang priv\u00e9 \u00e0 100 m\u00e8tres de la piscine<\/strong><\/li>\n<li>Organisation l\u2019\u00e9t\u00e9 de quelques <strong>concours de p\u00eache\u00a0<\/strong><\/li>\n<li><strong>H\u00e9bergements tout confort<\/strong> \u00e0 proximit\u00e9 imm\u00e9diate de l\u2019\u00e9tang<\/li>\n<li><strong>Emplacements spacieux et arbor\u00e9s<\/strong><\/li>\n<\/ul>\n<\/div><\/div><\/div><\/div><\/section>\n\n<section id=\"section-614841dd5e422\"\" class=\"section bg-white\" \/><div class=\"container large\"><h2 class=\"element section-title center titre-cta\">R\u00e9servez d\u00e8s maintenant votre s\u00e9jour p\u00eache en Dordogne au Camping Lestaubi\u00e8re<\/h2><ul class=\"liste-de-page\"><li class=\"element call-to-action carre call-to-action--style-1 call-to-action--big\"><a href=\"https:\/\/camping-lestaubiere.fr\/fr\/camping-espace-aquatique-douville\/\"  class=\"call-to-action_link\" title=\"En savoir plus sur piscine\"><div class=\"call-to-action_image\"><img decoding=\"async\" src=\"https:\/\/camping-lestaubiere.fr\/wp-content\/uploads\/2021\/10\/camping-piscine-nuit-100x56.jpg\" data-src=\"https:\/\/camping-lestaubiere.fr\/wp-content\/uploads\/2021\/10\/camping-piscine-nuit.jpg\" alt=\"camping-piscine-nuit\" class=\"big\" \/><\/div><div class=\"call-to-action_contenu\"><div class=\"call-to-action_titre\">Piscine<\/div><\/div><\/a><\/li><li class=\"element call-to-action carre call-to-action--style-1 call-to-action--big call-to-action--style-1 call-to-action--big\"><a href=\"https:\/\/camping-lestaubiere.fr\/fr\/location-mobil-home-douville\/\"  class=\"call-to-action_link\" title=\"En savoir plus sur mobil-homes\"><div class=\"call-to-action_image\"><img decoding=\"async\" src=\"https:\/\/camping-lestaubiere.fr\/wp-content\/uploads\/2022\/11\/Tentes-Safaris-100x50.jpg\" data-src=\"https:\/\/camping-lestaubiere.fr\/wp-content\/uploads\/2022\/11\/Tentes-Safaris.jpg\" alt=\"\" class=\"big\" \/><\/div><div class=\"call-to-action_contenu\"><div class=\"call-to-action_titre\">Mobil-homes<\/div><\/div><\/a><\/li><li class=\"element call-to-action carre call-to-action--style-1 call-to-action--big call-to-action--style-1 call-to-action--big call-to-action--style-1 call-to-action--big\"><a href=\"https:\/\/camping-lestaubiere.fr\/fr\/location-emplacement-douville\/\"  class=\"call-to-action_link\" title=\"En savoir plus sur emplacement\"><div class=\"call-to-action_image\"><img decoding=\"async\" src=\"https:\/\/camping-lestaubiere.fr\/wp-content\/uploads\/2021\/12\/Emplacement-6amp-100x50.jpg\" data-src=\"https:\/\/camping-lestaubiere.fr\/wp-content\/uploads\/2021\/12\/Emplacement-6amp.jpg\" alt=\"\" class=\"big\" \/><\/div><div class=\"call-to-action_contenu\"><div class=\"call-to-action_titre\">Emplacement<\/div><\/div><\/a><\/li><\/ul><\/div><\/section>","protected":false},"excerpt":{"rendered":"","protected":false},"author":1,"featured_media":2316,"parent":0,"menu_order":0,"comment_status":"closed","ping_status":"closed","template":"","meta":{"_acf_changed":false,"footnotes":""},"class_list":["post-837","page","type-page","status-publish","has-post-thumbnail","hentry"],"acf":[],"yoast_head":"<!-- This site is optimized with the Yoast SEO plugin v25.2 - https:\/\/yoast.com\/wordpress\/plugins\/seo\/ -->\n<title>Camping bord en bord d&#039;\u00e9tang pr\u00e8s de Bergerac | P\u00eache pr\u00e8s de P\u00e9rigueux<\/title>\n<meta name=\"description\" content=\"D\u00e9couvrez le Camping Lestaubi\u00e8re \u00e0 Douville, id\u00e9al pour vos vacances p\u00eache en Dordogne. Profitez d&#039;un \u00e9tang priv\u00e9, calme et naturel, pour des vacances d\u00e9tente en bord d&#039;\u00e9tang\" \/>\n<meta name=\"robots\" content=\"index, follow, max-snippet:-1, max-image-preview:large, max-video-preview:-1\" \/>\n<link rel=\"canonical\" href=\"https:\/\/camping-lestaubiere.fr\/fr\/camping-bord-etang-douville\/\" \/>\n<meta property=\"og:locale\" content=\"fr_FR\" \/>\n<meta property=\"og:type\" content=\"article\" \/>\n<meta property=\"og:title\" content=\"Camping bord en bord d&#039;\u00e9tang pr\u00e8s de Bergerac | P\u00eache pr\u00e8s de P\u00e9rigueux\" \/>\n<meta property=\"og:description\" content=\"D\u00e9couvrez le Camping Lestaubi\u00e8re \u00e0 Douville, id\u00e9al pour vos vacances p\u00eache en Dordogne. Profitez d&#039;un \u00e9tang priv\u00e9, calme et naturel, pour des vacances d\u00e9tente en bord d&#039;\u00e9tang\" \/>\n<meta property=\"og:url\" content=\"https:\/\/camping-lestaubiere.fr\/fr\/camping-bord-etang-douville\/\" \/>\n<meta property=\"og:site_name\" content=\"Camping Lestaubi\u00e8re\" \/>\n<meta property=\"article:modified_time\" content=\"2025-07-23T10:03:00+00:00\" \/>\n<meta property=\"og:image\" content=\"https:\/\/camping-lestaubiere.fr\/wp-content\/uploads\/2021\/10\/caming-peche-etang-dordogne.jpg\" \/>\n\t<meta property=\"og:image:width\" content=\"1898\" \/>\n\t<meta property=\"og:image:height\" content=\"700\" \/>\n\t<meta property=\"og:image:type\" content=\"image\/jpeg\" \/>\n<meta name=\"twitter:card\" content=\"summary_large_image\" \/>\n<meta name=\"twitter:label1\" content=\"Dur\u00e9e de lecture estim\u00e9e\" \/>\n\t<meta name=\"twitter:data1\" content=\"1 minute\" \/>\n<script type=\"application\/ld+json\" class=\"yoast-schema-graph\">{\"@context\":\"https:\/\/schema.org\",\"@graph\":[{\"@type\":\"WebPage\",\"@id\":\"https:\/\/camping-lestaubiere.fr\/fr\/camping-bord-etang-douville\/\",\"url\":\"https:\/\/camping-lestaubiere.fr\/fr\/camping-bord-etang-douville\/\",\"name\":\"Camping bord en bord d'\u00e9tang pr\u00e8s de Bergerac | P\u00eache pr\u00e8s de P\u00e9rigueux\",\"isPartOf\":{\"@id\":\"https:\/\/camping-lestaubiere.fr\/fr\/#website\"},\"primaryImageOfPage\":{\"@id\":\"https:\/\/camping-lestaubiere.fr\/fr\/camping-bord-etang-douville\/#primaryimage\"},\"image\":{\"@id\":\"https:\/\/camping-lestaubiere.fr\/fr\/camping-bord-etang-douville\/#primaryimage\"},\"thumbnailUrl\":\"https:\/\/camping-lestaubiere.fr\/wp-content\/uploads\/2021\/10\/caming-peche-etang-dordogne.jpg\",\"datePublished\":\"2021-09-16T10:14:04+00:00\",\"dateModified\":\"2025-07-23T10:03:00+00:00\",\"description\":\"D\u00e9couvrez le Camping Lestaubi\u00e8re \u00e0 Douville, id\u00e9al pour vos vacances p\u00eache en Dordogne. Profitez d'un \u00e9tang priv\u00e9, calme et naturel, pour des vacances d\u00e9tente en bord d'\u00e9tang\",\"breadcrumb\":{\"@id\":\"https:\/\/camping-lestaubiere.fr\/fr\/camping-bord-etang-douville\/#breadcrumb\"},\"inLanguage\":\"fr-FR\",\"potentialAction\":[{\"@type\":\"ReadAction\",\"target\":[\"https:\/\/camping-lestaubiere.fr\/fr\/camping-bord-etang-douville\/\"]}]},{\"@type\":\"ImageObject\",\"inLanguage\":\"fr-FR\",\"@id\":\"https:\/\/camping-lestaubiere.fr\/fr\/camping-bord-etang-douville\/#primaryimage\",\"url\":\"https:\/\/camping-lestaubiere.fr\/wp-content\/uploads\/2021\/10\/caming-peche-etang-dordogne.jpg\",\"contentUrl\":\"https:\/\/camping-lestaubiere.fr\/wp-content\/uploads\/2021\/10\/caming-peche-etang-dordogne.jpg\",\"width\":1898,\"height\":700,\"caption\":\"camping peche etang dordogne\"},{\"@type\":\"BreadcrumbList\",\"@id\":\"https:\/\/camping-lestaubiere.fr\/fr\/camping-bord-etang-douville\/#breadcrumb\",\"itemListElement\":[{\"@type\":\"ListItem\",\"position\":1,\"name\":\"Camping Dordogne\",\"item\":\"https:\/\/camping-lestaubiere.fr\/fr\/\"},{\"@type\":\"ListItem\",\"position\":2,\"name\":\"Camping en bord d\u2019\u00e9tang pr\u00e8s de Bergerac\"}]},{\"@type\":\"WebSite\",\"@id\":\"https:\/\/camping-lestaubiere.fr\/fr\/#website\",\"url\":\"https:\/\/camping-lestaubiere.fr\/fr\/\",\"name\":\"Camping Lestaubi\u00e8re\",\"description\":\"\",\"publisher\":{\"@id\":\"https:\/\/camping-lestaubiere.fr\/fr\/#organization\"},\"potentialAction\":[{\"@type\":\"SearchAction\",\"target\":{\"@type\":\"EntryPoint\",\"urlTemplate\":\"https:\/\/camping-lestaubiere.fr\/fr\/?s={search_term_string}\"},\"query-input\":{\"@type\":\"PropertyValueSpecification\",\"valueRequired\":true,\"valueName\":\"search_term_string\"}}],\"inLanguage\":\"fr-FR\"},{\"@type\":\"Organization\",\"@id\":\"https:\/\/camping-lestaubiere.fr\/fr\/#organization\",\"name\":\"Camping Lestaubiere\",\"url\":\"https:\/\/camping-lestaubiere.fr\/fr\/\",\"logo\":{\"@type\":\"ImageObject\",\"inLanguage\":\"fr-FR\",\"@id\":\"https:\/\/camping-lestaubiere.fr\/fr\/#\/schema\/logo\/image\/\",\"url\":\"https:\/\/camping-lestaubiere.fr\/wp-content\/uploads\/2021\/09\/logo-camping-lestaubiere.png\",\"contentUrl\":\"https:\/\/camping-lestaubiere.fr\/wp-content\/uploads\/2021\/09\/logo-camping-lestaubiere.png\",\"width\":259,\"height\":89,\"caption\":\"Camping Lestaubiere\"},\"image\":{\"@id\":\"https:\/\/camping-lestaubiere.fr\/fr\/#\/schema\/logo\/image\/\"}}]}<\/script>\n<!-- \/ Yoast SEO plugin. -->","yoast_head_json":{"title":"Camping bord en bord d'\u00e9tang pr\u00e8s de Bergerac | P\u00eache pr\u00e8s de P\u00e9rigueux","description":"D\u00e9couvrez le Camping Lestaubi\u00e8re \u00e0 Douville, id\u00e9al pour vos vacances p\u00eache en Dordogne. Profitez d'un \u00e9tang priv\u00e9, calme et naturel, pour des vacances d\u00e9tente en bord d'\u00e9tang","robots":{"index":"index","follow":"follow","max-snippet":"max-snippet:-1","max-image-preview":"max-image-preview:large","max-video-preview":"max-video-preview:-1"},"canonical":"https:\/\/camping-lestaubiere.fr\/fr\/camping-bord-etang-douville\/","og_locale":"fr_FR","og_type":"article","og_title":"Camping bord en bord d'\u00e9tang pr\u00e8s de Bergerac | P\u00eache pr\u00e8s de P\u00e9rigueux","og_description":"D\u00e9couvrez le Camping Lestaubi\u00e8re \u00e0 Douville, id\u00e9al pour vos vacances p\u00eache en Dordogne. Profitez d'un \u00e9tang priv\u00e9, calme et naturel, pour des vacances d\u00e9tente en bord d'\u00e9tang","og_url":"https:\/\/camping-lestaubiere.fr\/fr\/camping-bord-etang-douville\/","og_site_name":"Camping Lestaubi\u00e8re","article_modified_time":"2025-07-23T10:03:00+00:00","og_image":[{"width":1898,"height":700,"url":"https:\/\/camping-lestaubiere.fr\/wp-content\/uploads\/2021\/10\/caming-peche-etang-dordogne.jpg","type":"image\/jpeg"}],"twitter_card":"summary_large_image","twitter_misc":{"Dur\u00e9e de lecture estim\u00e9e":"1 minute"},"schema":{"@context":"https:\/\/schema.org","@graph":[{"@type":"WebPage","@id":"https:\/\/camping-lestaubiere.fr\/fr\/camping-bord-etang-douville\/","url":"https:\/\/camping-lestaubiere.fr\/fr\/camping-bord-etang-douville\/","name":"Camping bord en bord d'\u00e9tang pr\u00e8s de Bergerac | P\u00eache pr\u00e8s de P\u00e9rigueux","isPartOf":{"@id":"https:\/\/camping-lestaubiere.fr\/fr\/#website"},"primaryImageOfPage":{"@id":"https:\/\/camping-lestaubiere.fr\/fr\/camping-bord-etang-douville\/#primaryimage"},"image":{"@id":"https:\/\/camping-lestaubiere.fr\/fr\/camping-bord-etang-douville\/#primaryimage"},"thumbnailUrl":"https:\/\/camping-lestaubiere.fr\/wp-content\/uploads\/2021\/10\/caming-peche-etang-dordogne.jpg","datePublished":"2021-09-16T10:14:04+00:00","dateModified":"2025-07-23T10:03:00+00:00","description":"D\u00e9couvrez le Camping Lestaubi\u00e8re \u00e0 Douville, id\u00e9al pour vos vacances p\u00eache en Dordogne. Profitez d'un \u00e9tang priv\u00e9, calme et naturel, pour des vacances d\u00e9tente en bord d'\u00e9tang","breadcrumb":{"@id":"https:\/\/camping-lestaubiere.fr\/fr\/camping-bord-etang-douville\/#breadcrumb"},"inLanguage":"fr-FR","potentialAction":[{"@type":"ReadAction","target":["https:\/\/camping-lestaubiere.fr\/fr\/camping-bord-etang-douville\/"]}]},{"@type":"ImageObject","inLanguage":"fr-FR","@id":"https:\/\/camping-lestaubiere.fr\/fr\/camping-bord-etang-douville\/#primaryimage","url":"https:\/\/camping-lestaubiere.fr\/wp-content\/uploads\/2021\/10\/caming-peche-etang-dordogne.jpg","contentUrl":"https:\/\/camping-lestaubiere.fr\/wp-content\/uploads\/2021\/10\/caming-peche-etang-dordogne.jpg","width":1898,"height":700,"caption":"camping peche etang dordogne"},{"@type":"BreadcrumbList","@id":"https:\/\/camping-lestaubiere.fr\/fr\/camping-bord-etang-douville\/#breadcrumb","itemListElement":[{"@type":"ListItem","position":1,"name":"Camping Dordogne","item":"https:\/\/camping-lestaubiere.fr\/fr\/"},{"@type":"ListItem","position":2,"name":"Camping en bord d\u2019\u00e9tang pr\u00e8s de Bergerac"}]},{"@type":"WebSite","@id":"https:\/\/camping-lestaubiere.fr\/fr\/#website","url":"https:\/\/camping-lestaubiere.fr\/fr\/","name":"Camping Lestaubi\u00e8re","description":"","publisher":{"@id":"https:\/\/camping-lestaubiere.fr\/fr\/#organization"},"potentialAction":[{"@type":"SearchAction","target":{"@type":"EntryPoint","urlTemplate":"https:\/\/camping-lestaubiere.fr\/fr\/?s={search_term_string}"},"query-input":{"@type":"PropertyValueSpecification","valueRequired":true,"valueName":"search_term_string"}}],"inLanguage":"fr-FR"},{"@type":"Organization","@id":"https:\/\/camping-lestaubiere.fr\/fr\/#organization","name":"Camping Lestaubiere","url":"https:\/\/camping-lestaubiere.fr\/fr\/","logo":{"@type":"ImageObject","inLanguage":"fr-FR","@id":"https:\/\/camping-lestaubiere.fr\/fr\/#\/schema\/logo\/image\/","url":"https:\/\/camping-lestaubiere.fr\/wp-content\/uploads\/2021\/09\/logo-camping-lestaubiere.png","contentUrl":"https:\/\/camping-lestaubiere.fr\/wp-content\/uploads\/2021\/09\/logo-camping-lestaubiere.png","width":259,"height":89,"caption":"Camping Lestaubiere"},"image":{"@id":"https:\/\/camping-lestaubiere.fr\/fr\/#\/schema\/logo\/image\/"}}]}},"_links":{"self":[{"href":"https:\/\/camping-lestaubiere.fr\/fr\/wp-json\/wp\/v2\/pages\/837","targetHints":{"allow":["GET"]}}],"collection":[{"href":"https:\/\/camping-lestaubiere.fr\/fr\/wp-json\/wp\/v2\/pages"}],"about":[{"href":"https:\/\/camping-lestaubiere.fr\/fr\/wp-json\/wp\/v2\/types\/page"}],"author":[{"embeddable":true,"href":"https:\/\/camping-lestaubiere.fr\/fr\/wp-json\/wp\/v2\/users\/1"}],"replies":[{"embeddable":true,"href":"https:\/\/camping-lestaubiere.fr\/fr\/wp-json\/wp\/v2\/comments?post=837"}],"version-history":[{"count":68,"href":"https:\/\/camping-lestaubiere.fr\/fr\/wp-json\/wp\/v2\/pages\/837\/revisions"}],"predecessor-version":[{"id":4028,"href":"https:\/\/camping-lestaubiere.fr\/fr\/wp-json\/wp\/v2\/pages\/837\/revisions\/4028"}],"wp:featuredmedia":[{"embeddable":true,"href":"https:\/\/camping-lestaubiere.fr\/fr\/wp-json\/wp\/v2\/media\/2316"}],"wp:attachment":[{"href":"https:\/\/camping-lestaubiere.fr\/fr\/wp-json\/wp\/v2\/media?parent=837"}],"curies":[{"name":"wp","href":"https:\/\/api.w.org\/{rel}","templated":true}]}}