{"id":835,"date":"2021-09-16T12:13:48","date_gmt":"2021-09-16T10:13:48","guid":{"rendered":"https:\/\/camping-lestaubiere.fr\/?page_id=835"},"modified":"2025-07-23T12:01:36","modified_gmt":"2025-07-23T10:01:36","slug":"camping-espace-aquatique-douville","status":"publish","type":"page","link":"https:\/\/camping-lestaubiere.fr\/fr\/camping-espace-aquatique-douville\/","title":{"rendered":"Autour de l&rsquo;eau : La piscine"},"content":{"rendered":"<section id=\"section-614841dd5d83e\"\" class=\"section bg-white p-b-0\" \/><div class=\"container\"><h1 class=\"element section-title center color2\">Camping avec piscine entre P\u00e9rigueux et Bergerac<\/h1><\/div><\/section>\n\n<section id=\"section-614841dd5db9d\"\" class=\"section bg-white p-b-0\" \/><div class=\"container extralarge\"><div class=\"colonnes-wrap valign-middle \"><div class=\"element colonne p-r-5\"><h2 class=\"element section-title left color1\">Relaxez-vous dans la piscine du camping<\/h2><div class=\"element bloc-text left \">\n\t<p><span style=\"font-weight: 400;\">En s\u00e9journant dans notre camping avec piscine pr\u00e8s de P\u00e9rigueux, vous pouvez profiter<\/span><span style=\"font-weight: 400;\">\u00a0 des joies de la baignade, m\u00eame quand les temp\u00e9ratures sont un peu basses. La piscine vous offrira un bon moment de d\u00e9tente. Il n\u2019y a pas de jeux d\u2019eau ni de cours d\u2019aquagym, mais l\u2019espace aquatique avec sa piscine ext\u00e9rieure permet de belles perspectives de d\u00e9tente, de jeux et de partage.<\/span><\/p>\n<p><span style=\"font-weight: 400;\">Vous aurez le choix entre profiter de l\u2019eau de la piscine, peaufiner votre bronzage (bains de soleil, transats \u00e0 disposition sur le gazon autour de la piscine). Les plus petits pourront jouer dans la pataugeoire en toute s\u00e9curit\u00e9.<\/span><\/p>\n<\/div><\/div><div class=\"element colonne fancybox-multi\"><div class=\"element fancybox-container\"><a class=\"fancybox\" href=\"https:\/\/camping-lestaubiere.fr\/wp-content\/uploads\/2022\/11\/Piscine-.jpeg\"><img decoding=\"async\" src=\"https:\/\/camping-lestaubiere.fr\/wp-content\/uploads\/2022\/11\/Piscine--100x50.jpeg\" data-src=\"https:\/\/camping-lestaubiere.fr\/wp-content\/uploads\/2022\/11\/Piscine-.jpeg\" alt=\"\" class=\"images_image\" \/><\/a><a class=\"fancybox\" href=\"https:\/\/camping-lestaubiere.fr\/wp-content\/uploads\/2021\/09\/camping-piscine-a-douville.jpg\"><img decoding=\"async\" src=\"https:\/\/camping-lestaubiere.fr\/wp-content\/uploads\/2021\/09\/camping-piscine-a-douville-100x67.jpg\" data-src=\"https:\/\/camping-lestaubiere.fr\/wp-content\/uploads\/2021\/09\/camping-piscine-a-douville.jpg\" alt=\"camping piscine douville\" class=\"images_image\" \/><\/a><a class=\"fancybox\" href=\"https:\/\/camping-lestaubiere.fr\/wp-content\/uploads\/2021\/09\/camping-piscine-familial-douville.jpg\"><img decoding=\"async\" src=\"https:\/\/camping-lestaubiere.fr\/wp-content\/uploads\/2021\/09\/camping-piscine-familial-douville-100x67.jpg\" data-src=\"https:\/\/camping-lestaubiere.fr\/wp-content\/uploads\/2021\/09\/camping-piscine-familial-douville.jpg\" alt=\"camping piscine familial douville\" class=\"images_image\" \/><\/a><\/div><\/div><\/div><\/div><\/section>\n\n<section id=\"section-614841dd5de1f\"\" class=\"section bg-color5\" \/><div class=\"container extralarge\"><div class=\"colonnes-wrap valign-middle \"><div class=\"element colonne \"><div class=\"element fancybox-container\"><a class=\"fancybox\" href=\"https:\/\/camping-lestaubiere.fr\/wp-content\/uploads\/2021\/10\/camping-espace-aquatique-douville.jpg\"><img decoding=\"async\" src=\"https:\/\/camping-lestaubiere.fr\/wp-content\/uploads\/2021\/10\/camping-espace-aquatique-douville-100x67.jpg\" data-src=\"https:\/\/camping-lestaubiere.fr\/wp-content\/uploads\/2021\/10\/camping-espace-aquatique-douville.jpg\" alt=\"camping espace aquatique douville\" class=\"images_image\" \/><\/a><\/div><\/div><div class=\"element colonne p-l-5\"><h2 class=\"element section-title left color1\">Notre pataugeoire s\u00e9curis\u00e9e pour les petits <\/h2><div class=\"element bloc-text left \">\n\t<p><span style=\"font-weight: 400;\">Notre camping avec piscine pr\u00e8s de P\u00e9rigueux a \u00e9t\u00e9 pens\u00e9 pour que toute la famille profite des joies de la baignade et du bronzage pendant les vacances en Dordogne. <\/span><span style=\"font-weight: 400;\">L\u2019espace aquatique <\/span><span style=\"font-weight: 400;\">est \u00e9quip\u00e9 de <\/span><span style=\"font-weight: 400;\">transats et bains de soleil sans oublier la pataugeoire s\u00e9par\u00e9e <\/span><span style=\"font-weight: 400;\">et s\u00e9curis\u00e9e<\/span><span style=\"font-weight: 400;\">.\u00a0<\/span><\/p>\n<p>La <strong class=\"bold color3\">pataugeoire<\/strong>, de faible profondeur, r\u00e9chauff\u00e9e par le soleil de Dordogne est particuli\u00e8rement adapt\u00e9e aux enfants en bas \u00e2ge. Pas de jeux d\u2019eau, mais les plus petits pourront profiter de l\u2019espace s\u00e9curis\u00e9 de la pataugeoire. Les plus grands seront heureux de faire des longueurs en toute tranquillit\u00e9 gr\u00e2ce \u00e0 l&rsquo;absence de jeux aquatiques.<\/p>\n<p>L\u2019espace aquatique avec sa piscine, <strong class=\"bold color3\">transats et bains de soleil<\/strong> sans oublier la pataugeoire s\u00e9par\u00e9e, permet \u00e0 toute la famille de profiter des joies de la baignade et du bronzage pendant les <strong class=\"bold color3\">vacances en Dordogne<\/strong>.<\/p>\n<\/div><\/div><\/div><\/div><\/section>\n\n<section id=\"section-614841dd5df4d\"\" data-bg-opacite=\"0.2\"data-background=\"https:\/\/camping-lestaubiere.fr\/wp-content\/uploads\/2021\/09\/camping-avec-piscine-douville.jpg\"data-speed=\"0.8\"class=\"section parallax-section bg-white section--has-bg-img section_bg-parallax\" \/><div class=\"container full\"><\/div><\/section>\n\n<section id=\"section-614841dd5e1a6\"\" class=\"section bg-white\" \/><div class=\"container extralarge\"><div class=\"colonnes-wrap valign-middle \"><div class=\"element colonne p-r-5\"><h2 class=\"element section-title left color1\">Transats en bord de piscine sous le soleil p\u00e9rigourdin<\/h2><div class=\"element bloc-text left \">\n\t<p>Envie de profiter du soleil et des vacances en Dordogne ?<\/p>\n<p>L\u2019espace aquatique du <a href=\"\/fr\/\">camping <span style=\"font-weight: 400;\">proche de Bergerac <\/span><\/a><span style=\"font-weight: 400;\">est un espace privil\u00e9gi\u00e9 pour la d\u00e9tente et le bronzage. Un espace avec bains de soleil et transats sont \u00e0 disposition, sur une pelouse r\u00e9serv\u00e9e autour de la piscine chauff\u00e9e sans toboggan aquatique ou encore au bord de l\u2019\u00e9tang. Au c\u0153ur de notre camping,<\/span><a href=\"https:\/\/camping-lestaubiere.fr\/fr\/camping-bord-etang-douville\/\"><span style=\"font-weight: 400;\"> l\u2019<\/span><span style=\"font-weight: 400;\">\u00e9tang <\/span><\/a><span style=\"font-weight: 400;\">est l\u2019endroit id\u00e9al pour des vacances \u00e0 Douville en famille, en couple, ou entre amis.<\/span><\/p>\n<\/div><\/div><div class=\"element colonne \"><div class=\"element fancybox-container\"><a class=\"fancybox\" href=\"https:\/\/camping-lestaubiere.fr\/wp-content\/uploads\/2021\/10\/camping-bain-de-soleil-dordogne.jpg\"><img decoding=\"async\" src=\"https:\/\/camping-lestaubiere.fr\/wp-content\/uploads\/2021\/10\/camping-bain-de-soleil-dordogne-100x67.jpg\" data-src=\"https:\/\/camping-lestaubiere.fr\/wp-content\/uploads\/2021\/10\/camping-bain-de-soleil-dordogne.jpg\" alt=\"camping bain de soleil dordogne\" class=\"images_image\" \/><\/a><\/div><\/div><\/div><\/div><\/section>\n\n<section id=\"section-614841dd5e422\"\" class=\"section bg-white\" \/><div class=\"container large\"><div class=\"element section-title center titre-cta\">D\u00e9couvrez les services au camping<\/div><ul class=\"liste-de-page\"><li class=\"element call-to-action carre call-to-action--style-1 call-to-action--big\"><a href=\"https:\/\/camping-lestaubiere.fr\/fr\/camping-familial-douville\/\"  class=\"call-to-action_link\" title=\"En savoir plus sur services\"><div class=\"call-to-action_image\"><img decoding=\"async\" src=\"https:\/\/camping-lestaubiere.fr\/wp-content\/uploads\/2021\/09\/camping-familial-douville-100x57.jpg\" data-src=\"https:\/\/camping-lestaubiere.fr\/wp-content\/uploads\/2021\/09\/camping-familial-douville.jpg\" alt=\"camping familial douville\" class=\"big\" \/><\/div><div class=\"call-to-action_contenu\"><div class=\"call-to-action_titre\">services<\/div><\/div><\/a><\/li><li class=\"element call-to-action carre call-to-action--style-1 call-to-action--big call-to-action--style-1 call-to-action--big\"><a href=\"https:\/\/camping-lestaubiere.fr\/fr\/camping-animations-douville\/\"  class=\"call-to-action_link\" title=\"En savoir plus sur animations\"><div class=\"call-to-action_image\"><img decoding=\"async\" src=\"https:\/\/camping-lestaubiere.fr\/wp-content\/uploads\/2022\/11\/Balancoire-100x75.jpg\" data-src=\"https:\/\/camping-lestaubiere.fr\/wp-content\/uploads\/2022\/11\/Balancoire.jpg\" alt=\"\" class=\"big\" \/><\/div><div class=\"call-to-action_contenu\"><div class=\"call-to-action_titre\">Animations<\/div><\/div><\/a><\/li><li class=\"element call-to-action carre call-to-action--style-1 call-to-action--big call-to-action--style-1 call-to-action--big call-to-action--style-1 call-to-action--big\"><a href=\"https:\/\/camping-lestaubiere.fr\/fr\/camping-bord-etang-douville\/\"  class=\"call-to-action_link\" title=\"En savoir plus sur l'\u00e9tang\"><div class=\"call-to-action_image\"><img decoding=\"async\" src=\"https:\/\/camping-lestaubiere.fr\/wp-content\/uploads\/2022\/11\/Etang-1-100x46.jpg\" data-src=\"https:\/\/camping-lestaubiere.fr\/wp-content\/uploads\/2022\/11\/Etang-1.jpg\" alt=\"\" class=\"big\" \/><\/div><div class=\"call-to-action_contenu\"><div class=\"call-to-action_titre\">L&rsquo;\u00e9tang<\/div><\/div><\/a><\/li><\/ul><\/div><\/section>","protected":false},"excerpt":{"rendered":"","protected":false},"author":1,"featured_media":3385,"parent":0,"menu_order":0,"comment_status":"closed","ping_status":"closed","template":"","meta":{"_acf_changed":false,"footnotes":""},"class_list":["post-835","page","type-page","status-publish","has-post-thumbnail","hentry"],"acf":[],"yoast_head":"<!-- This site is optimized with the Yoast SEO plugin v25.2 - https:\/\/yoast.com\/wordpress\/plugins\/seo\/ -->\n<title>Camping avec piscine entre P\u00e9rigueux et Bergerac<\/title>\n<meta name=\"robots\" content=\"index, follow, max-snippet:-1, max-image-preview:large, max-video-preview:-1\" \/>\n<link rel=\"canonical\" href=\"https:\/\/camping-lestaubiere.fr\/fr\/camping-espace-aquatique-douville\/\" \/>\n<meta property=\"og:locale\" content=\"fr_FR\" \/>\n<meta property=\"og:type\" content=\"article\" \/>\n<meta property=\"og:title\" content=\"Camping avec piscine entre P\u00e9rigueux et Bergerac\" \/>\n<meta property=\"og:url\" content=\"https:\/\/camping-lestaubiere.fr\/fr\/camping-espace-aquatique-douville\/\" \/>\n<meta property=\"og:site_name\" content=\"Camping Lestaubi\u00e8re\" \/>\n<meta property=\"article:modified_time\" content=\"2025-07-23T10:01:36+00:00\" \/>\n<meta property=\"og:image\" content=\"https:\/\/camping-lestaubiere.fr\/wp-content\/uploads\/2022\/11\/Terrasse-pisicne.jpg\" \/>\n\t<meta property=\"og:image:width\" content=\"1280\" \/>\n\t<meta property=\"og:image:height\" content=\"580\" \/>\n\t<meta property=\"og:image:type\" content=\"image\/jpeg\" \/>\n<meta name=\"twitter:card\" content=\"summary_large_image\" \/>\n<meta name=\"twitter:label1\" content=\"Dur\u00e9e de lecture estim\u00e9e\" \/>\n\t<meta name=\"twitter:data1\" content=\"1 minute\" \/>\n<script type=\"application\/ld+json\" class=\"yoast-schema-graph\">{\"@context\":\"https:\/\/schema.org\",\"@graph\":[{\"@type\":\"WebPage\",\"@id\":\"https:\/\/camping-lestaubiere.fr\/fr\/camping-espace-aquatique-douville\/\",\"url\":\"https:\/\/camping-lestaubiere.fr\/fr\/camping-espace-aquatique-douville\/\",\"name\":\"Camping avec piscine entre P\u00e9rigueux et Bergerac\",\"isPartOf\":{\"@id\":\"https:\/\/camping-lestaubiere.fr\/fr\/#website\"},\"primaryImageOfPage\":{\"@id\":\"https:\/\/camping-lestaubiere.fr\/fr\/camping-espace-aquatique-douville\/#primaryimage\"},\"image\":{\"@id\":\"https:\/\/camping-lestaubiere.fr\/fr\/camping-espace-aquatique-douville\/#primaryimage\"},\"thumbnailUrl\":\"https:\/\/camping-lestaubiere.fr\/wp-content\/uploads\/2022\/11\/Terrasse-pisicne.jpg\",\"datePublished\":\"2021-09-16T10:13:48+00:00\",\"dateModified\":\"2025-07-23T10:01:36+00:00\",\"breadcrumb\":{\"@id\":\"https:\/\/camping-lestaubiere.fr\/fr\/camping-espace-aquatique-douville\/#breadcrumb\"},\"inLanguage\":\"fr-FR\",\"potentialAction\":[{\"@type\":\"ReadAction\",\"target\":[\"https:\/\/camping-lestaubiere.fr\/fr\/camping-espace-aquatique-douville\/\"]}]},{\"@type\":\"ImageObject\",\"inLanguage\":\"fr-FR\",\"@id\":\"https:\/\/camping-lestaubiere.fr\/fr\/camping-espace-aquatique-douville\/#primaryimage\",\"url\":\"https:\/\/camping-lestaubiere.fr\/wp-content\/uploads\/2022\/11\/Terrasse-pisicne.jpg\",\"contentUrl\":\"https:\/\/camping-lestaubiere.fr\/wp-content\/uploads\/2022\/11\/Terrasse-pisicne.jpg\",\"width\":1280,\"height\":580},{\"@type\":\"BreadcrumbList\",\"@id\":\"https:\/\/camping-lestaubiere.fr\/fr\/camping-espace-aquatique-douville\/#breadcrumb\",\"itemListElement\":[{\"@type\":\"ListItem\",\"position\":1,\"name\":\"Camping Dordogne\",\"item\":\"https:\/\/camping-lestaubiere.fr\/fr\/\"},{\"@type\":\"ListItem\",\"position\":2,\"name\":\"Espace aquatique pr\u00e8s de P\u00e9rigueux\"}]},{\"@type\":\"WebSite\",\"@id\":\"https:\/\/camping-lestaubiere.fr\/fr\/#website\",\"url\":\"https:\/\/camping-lestaubiere.fr\/fr\/\",\"name\":\"Camping Lestaubi\u00e8re\",\"description\":\"\",\"publisher\":{\"@id\":\"https:\/\/camping-lestaubiere.fr\/fr\/#organization\"},\"potentialAction\":[{\"@type\":\"SearchAction\",\"target\":{\"@type\":\"EntryPoint\",\"urlTemplate\":\"https:\/\/camping-lestaubiere.fr\/fr\/?s={search_term_string}\"},\"query-input\":{\"@type\":\"PropertyValueSpecification\",\"valueRequired\":true,\"valueName\":\"search_term_string\"}}],\"inLanguage\":\"fr-FR\"},{\"@type\":\"Organization\",\"@id\":\"https:\/\/camping-lestaubiere.fr\/fr\/#organization\",\"name\":\"Camping Lestaubiere\",\"url\":\"https:\/\/camping-lestaubiere.fr\/fr\/\",\"logo\":{\"@type\":\"ImageObject\",\"inLanguage\":\"fr-FR\",\"@id\":\"https:\/\/camping-lestaubiere.fr\/fr\/#\/schema\/logo\/image\/\",\"url\":\"https:\/\/camping-lestaubiere.fr\/wp-content\/uploads\/2021\/09\/logo-camping-lestaubiere.png\",\"contentUrl\":\"https:\/\/camping-lestaubiere.fr\/wp-content\/uploads\/2021\/09\/logo-camping-lestaubiere.png\",\"width\":259,\"height\":89,\"caption\":\"Camping Lestaubiere\"},\"image\":{\"@id\":\"https:\/\/camping-lestaubiere.fr\/fr\/#\/schema\/logo\/image\/\"}}]}<\/script>\n<!-- \/ Yoast SEO plugin. -->","yoast_head_json":{"title":"Camping avec piscine entre P\u00e9rigueux et Bergerac","robots":{"index":"index","follow":"follow","max-snippet":"max-snippet:-1","max-image-preview":"max-image-preview:large","max-video-preview":"max-video-preview:-1"},"canonical":"https:\/\/camping-lestaubiere.fr\/fr\/camping-espace-aquatique-douville\/","og_locale":"fr_FR","og_type":"article","og_title":"Camping avec piscine entre P\u00e9rigueux et Bergerac","og_url":"https:\/\/camping-lestaubiere.fr\/fr\/camping-espace-aquatique-douville\/","og_site_name":"Camping Lestaubi\u00e8re","article_modified_time":"2025-07-23T10:01:36+00:00","og_image":[{"width":1280,"height":580,"url":"https:\/\/camping-lestaubiere.fr\/wp-content\/uploads\/2022\/11\/Terrasse-pisicne.jpg","type":"image\/jpeg"}],"twitter_card":"summary_large_image","twitter_misc":{"Dur\u00e9e de lecture estim\u00e9e":"1 minute"},"schema":{"@context":"https:\/\/schema.org","@graph":[{"@type":"WebPage","@id":"https:\/\/camping-lestaubiere.fr\/fr\/camping-espace-aquatique-douville\/","url":"https:\/\/camping-lestaubiere.fr\/fr\/camping-espace-aquatique-douville\/","name":"Camping avec piscine entre P\u00e9rigueux et Bergerac","isPartOf":{"@id":"https:\/\/camping-lestaubiere.fr\/fr\/#website"},"primaryImageOfPage":{"@id":"https:\/\/camping-lestaubiere.fr\/fr\/camping-espace-aquatique-douville\/#primaryimage"},"image":{"@id":"https:\/\/camping-lestaubiere.fr\/fr\/camping-espace-aquatique-douville\/#primaryimage"},"thumbnailUrl":"https:\/\/camping-lestaubiere.fr\/wp-content\/uploads\/2022\/11\/Terrasse-pisicne.jpg","datePublished":"2021-09-16T10:13:48+00:00","dateModified":"2025-07-23T10:01:36+00:00","breadcrumb":{"@id":"https:\/\/camping-lestaubiere.fr\/fr\/camping-espace-aquatique-douville\/#breadcrumb"},"inLanguage":"fr-FR","potentialAction":[{"@type":"ReadAction","target":["https:\/\/camping-lestaubiere.fr\/fr\/camping-espace-aquatique-douville\/"]}]},{"@type":"ImageObject","inLanguage":"fr-FR","@id":"https:\/\/camping-lestaubiere.fr\/fr\/camping-espace-aquatique-douville\/#primaryimage","url":"https:\/\/camping-lestaubiere.fr\/wp-content\/uploads\/2022\/11\/Terrasse-pisicne.jpg","contentUrl":"https:\/\/camping-lestaubiere.fr\/wp-content\/uploads\/2022\/11\/Terrasse-pisicne.jpg","width":1280,"height":580},{"@type":"BreadcrumbList","@id":"https:\/\/camping-lestaubiere.fr\/fr\/camping-espace-aquatique-douville\/#breadcrumb","itemListElement":[{"@type":"ListItem","position":1,"name":"Camping Dordogne","item":"https:\/\/camping-lestaubiere.fr\/fr\/"},{"@type":"ListItem","position":2,"name":"Espace aquatique pr\u00e8s de P\u00e9rigueux"}]},{"@type":"WebSite","@id":"https:\/\/camping-lestaubiere.fr\/fr\/#website","url":"https:\/\/camping-lestaubiere.fr\/fr\/","name":"Camping Lestaubi\u00e8re","description":"","publisher":{"@id":"https:\/\/camping-lestaubiere.fr\/fr\/#organization"},"potentialAction":[{"@type":"SearchAction","target":{"@type":"EntryPoint","urlTemplate":"https:\/\/camping-lestaubiere.fr\/fr\/?s={search_term_string}"},"query-input":{"@type":"PropertyValueSpecification","valueRequired":true,"valueName":"search_term_string"}}],"inLanguage":"fr-FR"},{"@type":"Organization","@id":"https:\/\/camping-lestaubiere.fr\/fr\/#organization","name":"Camping Lestaubiere","url":"https:\/\/camping-lestaubiere.fr\/fr\/","logo":{"@type":"ImageObject","inLanguage":"fr-FR","@id":"https:\/\/camping-lestaubiere.fr\/fr\/#\/schema\/logo\/image\/","url":"https:\/\/camping-lestaubiere.fr\/wp-content\/uploads\/2021\/09\/logo-camping-lestaubiere.png","contentUrl":"https:\/\/camping-lestaubiere.fr\/wp-content\/uploads\/2021\/09\/logo-camping-lestaubiere.png","width":259,"height":89,"caption":"Camping Lestaubiere"},"image":{"@id":"https:\/\/camping-lestaubiere.fr\/fr\/#\/schema\/logo\/image\/"}}]}},"_links":{"self":[{"href":"https:\/\/camping-lestaubiere.fr\/fr\/wp-json\/wp\/v2\/pages\/835","targetHints":{"allow":["GET"]}}],"collection":[{"href":"https:\/\/camping-lestaubiere.fr\/fr\/wp-json\/wp\/v2\/pages"}],"about":[{"href":"https:\/\/camping-lestaubiere.fr\/fr\/wp-json\/wp\/v2\/types\/page"}],"author":[{"embeddable":true,"href":"https:\/\/camping-lestaubiere.fr\/fr\/wp-json\/wp\/v2\/users\/1"}],"replies":[{"embeddable":true,"href":"https:\/\/camping-lestaubiere.fr\/fr\/wp-json\/wp\/v2\/comments?post=835"}],"version-history":[{"count":57,"href":"https:\/\/camping-lestaubiere.fr\/fr\/wp-json\/wp\/v2\/pages\/835\/revisions"}],"predecessor-version":[{"id":4003,"href":"https:\/\/camping-lestaubiere.fr\/fr\/wp-json\/wp\/v2\/pages\/835\/revisions\/4003"}],"wp:featuredmedia":[{"embeddable":true,"href":"https:\/\/camping-lestaubiere.fr\/fr\/wp-json\/wp\/v2\/media\/3385"}],"wp:attachment":[{"href":"https:\/\/camping-lestaubiere.fr\/fr\/wp-json\/wp\/v2\/media?parent=835"}],"curies":[{"name":"wp","href":"https:\/\/api.w.org\/{rel}","templated":true}]}}