{"id":833,"date":"2021-09-16T12:13:08","date_gmt":"2021-09-16T10:13:08","guid":{"rendered":"https:\/\/camping-lestaubiere.fr\/?page_id=833"},"modified":"2025-07-22T11:01:10","modified_gmt":"2025-07-22T09:01:10","slug":"camping-animations-douville","status":"publish","type":"page","link":"https:\/\/camping-lestaubiere.fr\/fr\/camping-animations-douville\/","title":{"rendered":"Le camping : Activit\u00e9s et animations"},"content":{"rendered":"<section id=\"section-614841dd5d83e\"\" class=\"section bg-white p-b-0\" \/><div class=\"container\"><h1 class=\"element section-title center color2\">Camping avec animations pr\u00e8s de P\u00e9rigueux<\/h1><\/div><\/section>\n\n<section id=\"section-group1\"\" class=\"section bg-white p-b-0\" \/><div class=\"container extralarge\"><div class=\"colonnes-wrap valign-middle \"><div class=\"element colonne p-r-5\"><h2 class=\"element section-title left color1\">Toutes les activit\u00e9s du camping<\/h2><div class=\"element bloc-text left \">\n\t<p>Notre camping avec <strong class=\"bold color3\">animations<\/strong> <span style=\"font-weight: 400;\">proche de Bergerac <\/span>vous propose <span style=\"font-weight: 400;\">en haute saison uniquement,<\/span> selon <strong class=\"bold color3\">planning des animations<\/strong> pour votre famille ou groupe d\u2019amis. Comme par exemple des activit\u00e9s manuelles, des animations sportives, des jeux en int\u00e9rieur et ext\u00e9rieur qui r\u00e9uniront tous les \u00e2ges pour un <strong class=\"bold color3\">moment de convivialit\u00e9<\/strong>.<\/p>\n<p>Tout au long de votre s\u00e9jour retrouvez-vous \u00e0 l\u2019<strong class=\"bold color3\">aire de jeu<\/strong> avec toboggan, faites une partie de foot ou de basketball sur le <strong class=\"bold color3\">terrain artificiel<\/strong> ou disputez une partie de tennis de table. Le camping avec animations <span style=\"font-weight: 400;\">pr\u00e8s de P\u00e9rigueux <\/span>dispose aussi d\u2019un terrain de p\u00e9tanque illumin\u00e9. Pour ceux qui le d\u00e9sirent une table de ping pong et un baby foot n\u2019attendent que les joueurs dans la <strong class=\"bold color3\">salle de jeux<\/strong>. Vous offrant ainsi un large choix d\u2019activit\u00e9s ; vous vivrez sans aucun doute des vacances inoubliables.<\/p>\n<p>En basse saison, quelques animations vous sont propos\u00e9es. Toutes les animations sont gratuites et le pr\u00eat de mat\u00e9riel possible.<\/p>\n<\/div><h2 class=\"element section-title left color2\">Camping avec mini-ferme pr\u00e8s de Bergerac<\/h2><div class=\"element bloc-text left \">\n\t<p>\u00c0 Douville, des vacances au vert s\u2019offrent \u00e0 vous. Apr\u00e8s une journ\u00e9e riche en visites, emmenez vos enfants rencontrer les animaux pr\u00e9sents \u00e0 la <strong class=\"bold color3\">mini-ferme du camping<\/strong>. Ils s\u2019\u00e9merveilleront devant Cookie et Dough\u00a0et demanderont \u00e0 revenir.<\/p>\n<p>Ouverte \u00e0 toute heure, la mini-ferme du <a href=\"\/fr\/\">camping Lestaubi\u00e8re <span style=\"font-weight: 400;\">proche de P\u00e9rigueux<\/span> <\/a> s\u00e9duira petits et grands.<\/p>\n<\/div><\/div><div class=\"element colonne fancybox-multi\"><div class=\"element fancybox-container\"><a class=\"fancybox\" href=\"https:\/\/camping-lestaubiere.fr\/wp-content\/uploads\/2024\/10\/Foot-basket-scaled.jpeg\"><img decoding=\"async\" src=\"https:\/\/camping-lestaubiere.fr\/wp-content\/uploads\/2024\/10\/Foot-basket-100x61.jpeg\" data-src=\"https:\/\/camping-lestaubiere.fr\/wp-content\/uploads\/2024\/10\/Foot-basket-scaled.jpeg\" alt=\"camping terrain de petanque dordogne\" class=\"images_image\" \/><\/a><a class=\"fancybox\" href=\"https:\/\/camping-lestaubiere.fr\/wp-content\/uploads\/2022\/11\/lestaubiere-20.jpg\"><img decoding=\"async\" src=\"https:\/\/camping-lestaubiere.fr\/wp-content\/uploads\/2022\/11\/lestaubiere-20-100x67.jpg\" data-src=\"https:\/\/camping-lestaubiere.fr\/wp-content\/uploads\/2022\/11\/lestaubiere-20.jpg\" alt=\"camping terrain de football dordogne\" class=\"images_image\" \/><\/a><a class=\"fancybox\" href=\"https:\/\/camping-lestaubiere.fr\/wp-content\/uploads\/2024\/10\/animations-enfants-scaled.jpeg\"><img decoding=\"async\" src=\"https:\/\/camping-lestaubiere.fr\/wp-content\/uploads\/2024\/10\/animations-enfants-75x100.jpeg\" data-src=\"https:\/\/camping-lestaubiere.fr\/wp-content\/uploads\/2024\/10\/animations-enfants-scaled.jpeg\" alt=\"camping terrain de voleyball dordogne\" class=\"images_image\" \/><\/a><\/div><\/div><\/div><\/div><\/section>\n\n<section id=\"section-group2\"\" class=\"section bg-color5\" \/><div class=\"container extralarge\"><div class=\"colonnes-wrap valign-middle \"><div class=\"element colonne \"><div class=\"element fancybox-container\"><a class=\"fancybox\" href=\"https:\/\/camping-lestaubiere.fr\/wp-content\/uploads\/2022\/06\/IMG_8396-rotated-e1655206093728.jpg\"><img decoding=\"async\" src=\"https:\/\/camping-lestaubiere.fr\/wp-content\/uploads\/2022\/06\/IMG_8396-rotated-e1655206093728-75x100.jpg\" data-src=\"https:\/\/camping-lestaubiere.fr\/wp-content\/uploads\/2022\/06\/IMG_8396-rotated-e1655206093728.jpg\" alt=\"camping mini ferme dordogne\" class=\"images_image\" \/><\/a><\/div><\/div><div class=\"element colonne p-l-5\"><h2 class=\"element section-title left color2\">\u00c9v\u00e9nements au camping<\/h2><div class=\"element bloc-text left \">\n\t<p>Participez \u00e0 l\u2019un des <strong class=\"bold color3\">nombreux \u00e9v\u00e9nements<\/strong> organis\u00e9s par nos animateurs dans notre <span style=\"font-weight: 400;\">camping avec animations entre P\u00e9rigueux et Bergerac<\/span><span style=\"font-weight: 400;\">.<\/span><\/p>\n<p><span style=\"font-weight: 400;\">Que vous souhaitiez vous affronter lors d\u2019un concours de playback, de p\u00e9tanque, de tennis, de water-polo, de p\u00eache (sur r\u00e9servation) ou encore de football. Tout au long de l&rsquo;\u00e9t\u00e9, d\u00e9fiez-vous et soyez le vainqueur !<\/span><\/p>\n<\/div><\/div><\/div><\/div><\/section>\n\n<section id=\"section-group3\"\" data-bg-opacite=\"0.2\"data-background=\"https:\/\/camping-lestaubiere.fr\/wp-content\/uploads\/2021\/09\/camping-soiree-disco-dordogne.jpg\"data-speed=\"0.8\"class=\"section parallax-section bg-white section--has-bg-img section_bg-parallax\" \/><div class=\"container full\"><\/div><\/section>\n\n<section id=\"section-group4\"\" class=\"section bg-white\" \/><div class=\"container extralarge\"><div class=\"colonnes-wrap valign-middle \"><div class=\"element colonne p-r-5\"><h2 class=\"element section-title left color1\">Camping avec soir\u00e9es anim\u00e9es entre P\u00e9rigueux et Bergerac<\/h2><div class=\"element bloc-text left \">\n\t<p>Vos <strong class=\"bold color3\">enfants<\/strong> vivront l\u2019une de leurs <strong class=\"bold color3\">premi\u00e8res soir\u00e9es disco<\/strong> lors de vos vacances au camping avec soir\u00e9es.\u00a0<span style=\"font-weight: 400;\">1 soir\u00e9e <\/span>par semaine, ils s\u2019amuseront et danseront avec leurs nouveaux amis lors de la soir\u00e9e disco.<\/p>\n<p><span style=\"font-weight: 400;\">Nous vous r\u00e9servons des soir\u00e9es chaleureuses, conviviales autour d\u2019un bon repas et selon l\u2019animation de la semaine <\/span><span style=\"font-weight: 400;\">comme un karaok\u00e9 ou un bingo : rendez-vous \u00e0 notre <\/span><a href=\"https:\/\/camping-lestaubiere.fr\/fr\/camping-familial-douville\/\"><span style=\"font-weight: 400;\">Snack-bar proche de Bergerac<\/span><\/a><\/p>\n<\/div><\/div><div class=\"element colonne \"><div class=\"element fancybox-container\"><a class=\"fancybox\" href=\"https:\/\/camping-lestaubiere.fr\/wp-content\/uploads\/2025\/06\/animation-karaoke-scaled.jpeg\"><img decoding=\"async\" src=\"https:\/\/camping-lestaubiere.fr\/wp-content\/uploads\/2025\/06\/animation-karaoke-100x75.jpeg\" data-src=\"https:\/\/camping-lestaubiere.fr\/wp-content\/uploads\/2025\/06\/animation-karaoke-scaled.jpeg\" alt=\"camping soiree karaoke dordogne\" class=\"images_image\" \/><\/a><\/div><\/div><\/div><\/div><\/section>\n\n<section id=\"section-group5\"\" data-bg-opacite=\"0.2\"data-background=\"https:\/\/camping-lestaubiere.fr\/wp-content\/uploads\/2021\/09\/camping-terrain-golf-dordogne.jpg\"data-speed=\"0.8\"class=\"section parallax-section bg-white section--has-bg-img section_bg-parallax\" \/><div class=\"container full\"><\/div><\/section>\n\n<section id=\"section-group6\"\" class=\"section bg-color5\" \/><div class=\"container extralarge\"><div class=\"colonnes-wrap valign-middle \"><div class=\"element colonne \"><div class=\"element fancybox-container\"><a class=\"fancybox\" href=\"https:\/\/camping-lestaubiere.fr\/wp-content\/uploads\/2024\/10\/etang-scaled.jpeg\"><img decoding=\"async\" src=\"https:\/\/camping-lestaubiere.fr\/wp-content\/uploads\/2024\/10\/etang-100x71.jpeg\" data-src=\"https:\/\/camping-lestaubiere.fr\/wp-content\/uploads\/2024\/10\/etang-scaled.jpeg\" alt=\"camping concours peche dordogne\" class=\"images_image\" \/><\/a><\/div><\/div><div class=\"element colonne p-l-5\"><h2 class=\"element section-title left color1\">Camping id\u00e9al pour la famille<\/h2><div class=\"element bloc-text left \">\n\t<p>L\u2019ambiance conviviale est au rendez-vous au <a href=\"\/fr\/camping-bord-etang-douville\/\">camping avec plan d\u2019eau en Dordogne<\/a>. Notre \u00e9quipe d\u2019animateurs vous propose des animations les plus diverses possibles !<\/p>\n<p>Dynamiques et souriants, ils vous proposent des <strong class=\"bold color3\">activit\u00e9s familiales<\/strong> qui conviendront aux petits et grands. Des jeux sont organis\u00e9s quotidiennement en haute saison et une grande vari\u00e9t\u00e9 de loisirs pour toute la famille.<\/p>\n<\/div><\/div><\/div><\/div><\/section>\n\n<section id=\"section-group7\"\" class=\"section bg-white\" \/><div class=\"container extralarge\"><div class=\"colonnes-wrap valign-middle \"><div class=\"element colonne p-r-5\"><h2 class=\"element section-title left color1\">Animations pr\u00e8s du camping<\/h2><div class=\"element bloc-text left \">\n\t<p>\u00c0 proximit\u00e9 du camping avec animations <span style=\"font-weight: 400;\">pr\u00e8s de P\u00e9rigueux<\/span>, d\u00e9couvrez de multiples activit\u00e9s \u00e0 faire en famille ou entre amis. Vous vous cr\u00e9erez des souvenirs inoubliables \u00e0 travers des moments de rire et de complicit\u00e9 en participant \u00e0 :<\/p>\n<ul>\n<li>Un <strong class=\"bold color3\">court de tennis<\/strong> : dans le village \u00e0 500m du camping.<\/li>\n<li><strong class=\"bold color3\">6 terrains de golf<\/strong> dont \u201cla Marterie\u201d avec 18 trous \u00e0 seulement 20 minutes du camping.<\/li>\n<li><strong class=\"bold color3\">2 circuits de kart<\/strong> \u00e0 Bergerac et la Douze.<\/li>\n<li><strong class=\"bold color3\">Paintball<\/strong> \u00e0 P\u00e9rigueux.<\/li>\n<li><strong class=\"bold color3\"><a href=\"http:\/\/www.vergtaventures.fr\" target=\"_blank\" rel=\"noopener\">Accrobranche<\/a><\/strong> \u00e0 15min de Bergerac et P\u00e9rigueux.<\/li>\n<\/ul>\n<\/div><\/div><div class=\"element colonne \"><div class=\"element fancybox-container\"><a class=\"fancybox\" href=\"https:\/\/camping-lestaubiere.fr\/wp-content\/uploads\/2021\/09\/camping-circuit-karting-dordogne.jpg\"><img decoding=\"async\" src=\"https:\/\/camping-lestaubiere.fr\/wp-content\/uploads\/2021\/09\/camping-circuit-karting-dordogne-100x67.jpg\" data-src=\"https:\/\/camping-lestaubiere.fr\/wp-content\/uploads\/2021\/09\/camping-circuit-karting-dordogne.jpg\" alt=\"camping circuit karting dordogne\" class=\"images_image\" \/><\/a><\/div><\/div><\/div><\/div><\/section>\n\n<section id=\"section-614841dd5e422\"\" class=\"section bg-white\" \/><div class=\"container large\"><div class=\"element section-title center titre-cta\">D\u00e9couvrez la piscine au camping<\/div><ul class=\"liste-de-page\"><li class=\"element call-to-action carre call-to-action--style-1 call-to-action--big\"><a href=\"https:\/\/camping-lestaubiere.fr\/fr\/camping-familial-douville\/\"  class=\"call-to-action_link\" title=\"En savoir plus sur services\"><div class=\"call-to-action_image\"><img decoding=\"async\" src=\"https:\/\/camping-lestaubiere.fr\/wp-content\/uploads\/2021\/09\/camping-familial-douville-100x57.jpg\" data-src=\"https:\/\/camping-lestaubiere.fr\/wp-content\/uploads\/2021\/09\/camping-familial-douville.jpg\" alt=\"camping familial douville\" class=\"big\" \/><\/div><div class=\"call-to-action_contenu\"><div class=\"call-to-action_titre\">services<\/div><\/div><\/a><\/li><li class=\"element call-to-action carre call-to-action--style-1 call-to-action--big call-to-action--style-1 call-to-action--big\"><a href=\"https:\/\/camping-lestaubiere.fr\/fr\/camping-espace-aquatique-douville\/\"  class=\"call-to-action_link\" title=\"En savoir plus sur piscine\"><div class=\"call-to-action_image\"><img decoding=\"async\" src=\"https:\/\/camping-lestaubiere.fr\/wp-content\/uploads\/2021\/10\/camping-piscine-nuit-100x56.jpg\" data-src=\"https:\/\/camping-lestaubiere.fr\/wp-content\/uploads\/2021\/10\/camping-piscine-nuit.jpg\" alt=\"camping-piscine-nuit\" class=\"big\" \/><\/div><div class=\"call-to-action_contenu\"><div class=\"call-to-action_titre\">Piscine<\/div><\/div><\/a><\/li><li class=\"element call-to-action carre call-to-action--style-1 call-to-action--big call-to-action--style-1 call-to-action--big call-to-action--style-1 call-to-action--big\"><a href=\"https:\/\/camping-lestaubiere.fr\/fr\/camping-bord-etang-douville\/\"  class=\"call-to-action_link\" title=\"En savoir plus sur l'\u00e9tang\"><div class=\"call-to-action_image\"><img decoding=\"async\" src=\"https:\/\/camping-lestaubiere.fr\/wp-content\/uploads\/2022\/11\/Etang-1-100x46.jpg\" data-src=\"https:\/\/camping-lestaubiere.fr\/wp-content\/uploads\/2022\/11\/Etang-1.jpg\" alt=\"\" class=\"big\" \/><\/div><div class=\"call-to-action_contenu\"><div class=\"call-to-action_titre\">L&rsquo;\u00e9tang<\/div><\/div><\/a><\/li><\/ul><\/div><\/section>","protected":false},"excerpt":{"rendered":"","protected":false},"author":1,"featured_media":2339,"parent":0,"menu_order":0,"comment_status":"closed","ping_status":"closed","template":"","meta":{"_acf_changed":false,"footnotes":""},"class_list":["post-833","page","type-page","status-publish","has-post-thumbnail","hentry"],"acf":[],"yoast_head":"<!-- This site is optimized with the Yoast SEO plugin v25.2 - https:\/\/yoast.com\/wordpress\/plugins\/seo\/ -->\n<title>Camping activit\u00e9s pr\u00e8s de Bergerac | Animations pr\u00e8s de P\u00e9rigueux<\/title>\n<meta name=\"robots\" content=\"index, follow, max-snippet:-1, max-image-preview:large, max-video-preview:-1\" \/>\n<link rel=\"canonical\" href=\"https:\/\/camping-lestaubiere.fr\/fr\/camping-animations-douville\/\" \/>\n<meta property=\"og:locale\" content=\"fr_FR\" \/>\n<meta property=\"og:type\" content=\"article\" \/>\n<meta property=\"og:title\" content=\"Camping activit\u00e9s pr\u00e8s de Bergerac | Animations pr\u00e8s de P\u00e9rigueux\" \/>\n<meta property=\"og:url\" content=\"https:\/\/camping-lestaubiere.fr\/fr\/camping-animations-douville\/\" \/>\n<meta property=\"og:site_name\" content=\"Camping Lestaubi\u00e8re\" \/>\n<meta property=\"article:modified_time\" content=\"2025-07-22T09:01:10+00:00\" \/>\n<meta property=\"og:image\" content=\"https:\/\/camping-lestaubiere.fr\/wp-content\/uploads\/2021\/10\/camping-activites-dordigne.jpg\" \/>\n\t<meta property=\"og:image:width\" content=\"1898\" \/>\n\t<meta property=\"og:image:height\" content=\"700\" \/>\n\t<meta property=\"og:image:type\" content=\"image\/jpeg\" \/>\n<meta name=\"twitter:card\" content=\"summary_large_image\" \/>\n<meta name=\"twitter:label1\" content=\"Dur\u00e9e de lecture estim\u00e9e\" \/>\n\t<meta name=\"twitter:data1\" content=\"1 minute\" \/>\n<script type=\"application\/ld+json\" class=\"yoast-schema-graph\">{\"@context\":\"https:\/\/schema.org\",\"@graph\":[{\"@type\":\"WebPage\",\"@id\":\"https:\/\/camping-lestaubiere.fr\/fr\/camping-animations-douville\/\",\"url\":\"https:\/\/camping-lestaubiere.fr\/fr\/camping-animations-douville\/\",\"name\":\"Camping activit\u00e9s pr\u00e8s de Bergerac | Animations pr\u00e8s de P\u00e9rigueux\",\"isPartOf\":{\"@id\":\"https:\/\/camping-lestaubiere.fr\/fr\/#website\"},\"primaryImageOfPage\":{\"@id\":\"https:\/\/camping-lestaubiere.fr\/fr\/camping-animations-douville\/#primaryimage\"},\"image\":{\"@id\":\"https:\/\/camping-lestaubiere.fr\/fr\/camping-animations-douville\/#primaryimage\"},\"thumbnailUrl\":\"https:\/\/camping-lestaubiere.fr\/wp-content\/uploads\/2021\/10\/camping-activites-dordigne.jpg\",\"datePublished\":\"2021-09-16T10:13:08+00:00\",\"dateModified\":\"2025-07-22T09:01:10+00:00\",\"breadcrumb\":{\"@id\":\"https:\/\/camping-lestaubiere.fr\/fr\/camping-animations-douville\/#breadcrumb\"},\"inLanguage\":\"fr-FR\",\"potentialAction\":[{\"@type\":\"ReadAction\",\"target\":[\"https:\/\/camping-lestaubiere.fr\/fr\/camping-animations-douville\/\"]}]},{\"@type\":\"ImageObject\",\"inLanguage\":\"fr-FR\",\"@id\":\"https:\/\/camping-lestaubiere.fr\/fr\/camping-animations-douville\/#primaryimage\",\"url\":\"https:\/\/camping-lestaubiere.fr\/wp-content\/uploads\/2021\/10\/camping-activites-dordigne.jpg\",\"contentUrl\":\"https:\/\/camping-lestaubiere.fr\/wp-content\/uploads\/2021\/10\/camping-activites-dordigne.jpg\",\"width\":1898,\"height\":700,\"caption\":\"camping activites dordogne\"},{\"@type\":\"BreadcrumbList\",\"@id\":\"https:\/\/camping-lestaubiere.fr\/fr\/camping-animations-douville\/#breadcrumb\",\"itemListElement\":[{\"@type\":\"ListItem\",\"position\":1,\"name\":\"Camping Dordogne\",\"item\":\"https:\/\/camping-lestaubiere.fr\/fr\/\"},{\"@type\":\"ListItem\",\"position\":2,\"name\":\"Camping avec activit\u00e9s pr\u00e8s de Bergerac\"}]},{\"@type\":\"WebSite\",\"@id\":\"https:\/\/camping-lestaubiere.fr\/fr\/#website\",\"url\":\"https:\/\/camping-lestaubiere.fr\/fr\/\",\"name\":\"Camping Lestaubi\u00e8re\",\"description\":\"\",\"publisher\":{\"@id\":\"https:\/\/camping-lestaubiere.fr\/fr\/#organization\"},\"potentialAction\":[{\"@type\":\"SearchAction\",\"target\":{\"@type\":\"EntryPoint\",\"urlTemplate\":\"https:\/\/camping-lestaubiere.fr\/fr\/?s={search_term_string}\"},\"query-input\":{\"@type\":\"PropertyValueSpecification\",\"valueRequired\":true,\"valueName\":\"search_term_string\"}}],\"inLanguage\":\"fr-FR\"},{\"@type\":\"Organization\",\"@id\":\"https:\/\/camping-lestaubiere.fr\/fr\/#organization\",\"name\":\"Camping Lestaubiere\",\"url\":\"https:\/\/camping-lestaubiere.fr\/fr\/\",\"logo\":{\"@type\":\"ImageObject\",\"inLanguage\":\"fr-FR\",\"@id\":\"https:\/\/camping-lestaubiere.fr\/fr\/#\/schema\/logo\/image\/\",\"url\":\"https:\/\/camping-lestaubiere.fr\/wp-content\/uploads\/2021\/09\/logo-camping-lestaubiere.png\",\"contentUrl\":\"https:\/\/camping-lestaubiere.fr\/wp-content\/uploads\/2021\/09\/logo-camping-lestaubiere.png\",\"width\":259,\"height\":89,\"caption\":\"Camping Lestaubiere\"},\"image\":{\"@id\":\"https:\/\/camping-lestaubiere.fr\/fr\/#\/schema\/logo\/image\/\"}}]}<\/script>\n<!-- \/ Yoast SEO plugin. -->","yoast_head_json":{"title":"Camping activit\u00e9s pr\u00e8s de Bergerac | Animations pr\u00e8s de P\u00e9rigueux","robots":{"index":"index","follow":"follow","max-snippet":"max-snippet:-1","max-image-preview":"max-image-preview:large","max-video-preview":"max-video-preview:-1"},"canonical":"https:\/\/camping-lestaubiere.fr\/fr\/camping-animations-douville\/","og_locale":"fr_FR","og_type":"article","og_title":"Camping activit\u00e9s pr\u00e8s de Bergerac | Animations pr\u00e8s de P\u00e9rigueux","og_url":"https:\/\/camping-lestaubiere.fr\/fr\/camping-animations-douville\/","og_site_name":"Camping Lestaubi\u00e8re","article_modified_time":"2025-07-22T09:01:10+00:00","og_image":[{"width":1898,"height":700,"url":"https:\/\/camping-lestaubiere.fr\/wp-content\/uploads\/2021\/10\/camping-activites-dordigne.jpg","type":"image\/jpeg"}],"twitter_card":"summary_large_image","twitter_misc":{"Dur\u00e9e de lecture estim\u00e9e":"1 minute"},"schema":{"@context":"https:\/\/schema.org","@graph":[{"@type":"WebPage","@id":"https:\/\/camping-lestaubiere.fr\/fr\/camping-animations-douville\/","url":"https:\/\/camping-lestaubiere.fr\/fr\/camping-animations-douville\/","name":"Camping activit\u00e9s pr\u00e8s de Bergerac | Animations pr\u00e8s de P\u00e9rigueux","isPartOf":{"@id":"https:\/\/camping-lestaubiere.fr\/fr\/#website"},"primaryImageOfPage":{"@id":"https:\/\/camping-lestaubiere.fr\/fr\/camping-animations-douville\/#primaryimage"},"image":{"@id":"https:\/\/camping-lestaubiere.fr\/fr\/camping-animations-douville\/#primaryimage"},"thumbnailUrl":"https:\/\/camping-lestaubiere.fr\/wp-content\/uploads\/2021\/10\/camping-activites-dordigne.jpg","datePublished":"2021-09-16T10:13:08+00:00","dateModified":"2025-07-22T09:01:10+00:00","breadcrumb":{"@id":"https:\/\/camping-lestaubiere.fr\/fr\/camping-animations-douville\/#breadcrumb"},"inLanguage":"fr-FR","potentialAction":[{"@type":"ReadAction","target":["https:\/\/camping-lestaubiere.fr\/fr\/camping-animations-douville\/"]}]},{"@type":"ImageObject","inLanguage":"fr-FR","@id":"https:\/\/camping-lestaubiere.fr\/fr\/camping-animations-douville\/#primaryimage","url":"https:\/\/camping-lestaubiere.fr\/wp-content\/uploads\/2021\/10\/camping-activites-dordigne.jpg","contentUrl":"https:\/\/camping-lestaubiere.fr\/wp-content\/uploads\/2021\/10\/camping-activites-dordigne.jpg","width":1898,"height":700,"caption":"camping activites dordogne"},{"@type":"BreadcrumbList","@id":"https:\/\/camping-lestaubiere.fr\/fr\/camping-animations-douville\/#breadcrumb","itemListElement":[{"@type":"ListItem","position":1,"name":"Camping Dordogne","item":"https:\/\/camping-lestaubiere.fr\/fr\/"},{"@type":"ListItem","position":2,"name":"Camping avec activit\u00e9s pr\u00e8s de Bergerac"}]},{"@type":"WebSite","@id":"https:\/\/camping-lestaubiere.fr\/fr\/#website","url":"https:\/\/camping-lestaubiere.fr\/fr\/","name":"Camping Lestaubi\u00e8re","description":"","publisher":{"@id":"https:\/\/camping-lestaubiere.fr\/fr\/#organization"},"potentialAction":[{"@type":"SearchAction","target":{"@type":"EntryPoint","urlTemplate":"https:\/\/camping-lestaubiere.fr\/fr\/?s={search_term_string}"},"query-input":{"@type":"PropertyValueSpecification","valueRequired":true,"valueName":"search_term_string"}}],"inLanguage":"fr-FR"},{"@type":"Organization","@id":"https:\/\/camping-lestaubiere.fr\/fr\/#organization","name":"Camping Lestaubiere","url":"https:\/\/camping-lestaubiere.fr\/fr\/","logo":{"@type":"ImageObject","inLanguage":"fr-FR","@id":"https:\/\/camping-lestaubiere.fr\/fr\/#\/schema\/logo\/image\/","url":"https:\/\/camping-lestaubiere.fr\/wp-content\/uploads\/2021\/09\/logo-camping-lestaubiere.png","contentUrl":"https:\/\/camping-lestaubiere.fr\/wp-content\/uploads\/2021\/09\/logo-camping-lestaubiere.png","width":259,"height":89,"caption":"Camping Lestaubiere"},"image":{"@id":"https:\/\/camping-lestaubiere.fr\/fr\/#\/schema\/logo\/image\/"}}]}},"_links":{"self":[{"href":"https:\/\/camping-lestaubiere.fr\/fr\/wp-json\/wp\/v2\/pages\/833","targetHints":{"allow":["GET"]}}],"collection":[{"href":"https:\/\/camping-lestaubiere.fr\/fr\/wp-json\/wp\/v2\/pages"}],"about":[{"href":"https:\/\/camping-lestaubiere.fr\/fr\/wp-json\/wp\/v2\/types\/page"}],"author":[{"embeddable":true,"href":"https:\/\/camping-lestaubiere.fr\/fr\/wp-json\/wp\/v2\/users\/1"}],"replies":[{"embeddable":true,"href":"https:\/\/camping-lestaubiere.fr\/fr\/wp-json\/wp\/v2\/comments?post=833"}],"version-history":[{"count":78,"href":"https:\/\/camping-lestaubiere.fr\/fr\/wp-json\/wp\/v2\/pages\/833\/revisions"}],"predecessor-version":[{"id":4000,"href":"https:\/\/camping-lestaubiere.fr\/fr\/wp-json\/wp\/v2\/pages\/833\/revisions\/4000"}],"wp:featuredmedia":[{"embeddable":true,"href":"https:\/\/camping-lestaubiere.fr\/fr\/wp-json\/wp\/v2\/media\/2339"}],"wp:attachment":[{"href":"https:\/\/camping-lestaubiere.fr\/fr\/wp-json\/wp\/v2\/media?parent=833"}],"curies":[{"name":"wp","href":"https:\/\/api.w.org\/{rel}","templated":true}]}}