{"id":830,"date":"2021-09-16T12:11:53","date_gmt":"2021-09-16T10:11:53","guid":{"rendered":"https:\/\/camping-lestaubiere.fr\/?page_id=830"},"modified":"2025-07-23T12:00:43","modified_gmt":"2025-07-23T10:00:43","slug":"camping-familial-douville","status":"publish","type":"page","link":"https:\/\/camping-lestaubiere.fr\/fr\/camping-familial-douville\/","title":{"rendered":"Le camping : Services et Snack"},"content":{"rendered":"<section id=\"section-614841dd5d83e\"\" class=\"section bg-white p-b-0\" \/><div class=\"container\"><h1 class=\"element section-title center color2\">Camping familial pr\u00e8s de P\u00e9rigueux<\/h1><\/div><\/section>\n\n<section id=\"section-group1\"\" class=\"section bg-white p-b-0\" \/><div class=\"container extralarge\"><div class=\"colonnes-wrap valign-middle \"><div class=\"element colonne p-r-5\"><h2 class=\"element section-title left color1\">Bienvenue au camping \u00e0 Douville<\/h2><h3 class=\"element section-title left color2\">Le terrain<\/h3><div class=\"element bloc-text left \">\n\t<p>Bord\u00e9 de part d\u2019une <strong class=\"bold color3\">for\u00eat<\/strong> et d\u2019autre part d\u2019une <strong class=\"bold color3\">prairie<\/strong>, notre <a href=\"\/fr\/\">camping<span style=\"font-weight: 400;\">\u00a0proche de P\u00e9rigueux <\/span><\/a> vous propose des h\u00e9bergements au c\u0153ur de la nature. Un s\u00e9jour ressour\u00e7ant et d\u00e9paysant vous attend <span style=\"font-weight: 400;\">dans notre <\/span><span style=\"font-weight: 400;\">camping familial pr\u00e8s de Bergerac<\/span>.<\/p>\n<\/div><h3 class=\"element section-title left color2\">Les sanitaires<\/h3><div class=\"element bloc-text left \">\n\t<p>Dispos\u00e9s \u00e0 proximit\u00e9 des emplacements nos <strong class=\"bold color3\">3 sanitaires<\/strong> sont \u00e9quip\u00e9s de douches modernes, toilettes et \u00e9viers. L\u2019utilisation de l\u2019eau chaude est gratuite et le papier toilette est mis \u00e0 disposition.<\/p>\n<p>Notre premier bloc sanitaire comprend un <strong class=\"bold color3\">espace pour b\u00e9b\u00e9<\/strong> un <strong class=\"bold color3\">espace pour les personnes \u00e0 mobilit\u00e9 r\u00e9duite<\/strong> ; un second bloc sanitaire avec un espace b\u00e9b\u00e9 ; et un dernier sanitaire qui n\u2019est pas \u00e9quip\u00e9 d\u2019espace b\u00e9b\u00e9. Vous y trouverez \u00e9galement <span style=\"font-weight: 400;\">3<\/span><span style=\"font-weight: 400;\"> d\u00e9charges pour toilettes chimiques ainsi qu\u2019<\/span><span style=\"font-weight: 400;\">une plateforme de<\/span> <span style=\"font-weight: 400;\">vidange <\/span><span style=\"font-weight: 400;\">des eaux grises<\/span><span style=\"font-weight: 400;\"> accessible aux camping-cars et caravanes.<\/span><\/p>\n<p><strong class=\"bold color3\">Deux laves-linges<\/strong> et un <strong class=\"bold color3\">s\u00e8che-linge professionnel<\/strong> sont \u00e0 disposition dans le bloc sanitaire principal.<\/p>\n<\/div><h3 class=\"element section-title left color2\">Le wifi<\/h3><div class=\"element bloc-text left \">\n\t<p>\u00c0 l\u2019accueil, au snack-bar et sur la terrasse de notre snack, vous aurez acc\u00e8s au wifi gratuitement. Une <strong class=\"bold color3\">bonne connexion 4G<\/strong> est disponible sur l\u2019ensemble du <span style=\"font-weight: 400;\">camping familial pr\u00e8s de P\u00e9rigueux.<\/span><\/p>\n<\/div><\/div><div class=\"element colonne fancybox-multi\"><div class=\"element fancybox-container\"><a class=\"fancybox\" href=\"https:\/\/camping-lestaubiere.fr\/wp-content\/uploads\/2021\/09\/camping-avec-sanitaire-dordogne.jpg\"><img decoding=\"async\" src=\"https:\/\/camping-lestaubiere.fr\/wp-content\/uploads\/2021\/09\/camping-avec-sanitaire-dordogne-100x67.jpg\" data-src=\"https:\/\/camping-lestaubiere.fr\/wp-content\/uploads\/2021\/09\/camping-avec-sanitaire-dordogne.jpg\" alt=\"camping avec sanitaire dordogne\" class=\"images_image\" \/><\/a><a class=\"fancybox\" href=\"https:\/\/camping-lestaubiere.fr\/wp-content\/uploads\/2021\/09\/camping-avec-douche-dordogne.jpg\"><img decoding=\"async\" src=\"https:\/\/camping-lestaubiere.fr\/wp-content\/uploads\/2021\/09\/camping-avec-douche-dordogne-100x67.jpg\" data-src=\"https:\/\/camping-lestaubiere.fr\/wp-content\/uploads\/2021\/09\/camping-avec-douche-dordogne.jpg\" alt=\"camping avec douche dordogne\" class=\"images_image\" \/><\/a><a class=\"fancybox\" href=\"https:\/\/camping-lestaubiere.fr\/wp-content\/uploads\/2021\/09\/camping-espace-bebe-dordogne.jpg\"><img decoding=\"async\" src=\"https:\/\/camping-lestaubiere.fr\/wp-content\/uploads\/2021\/09\/camping-espace-bebe-dordogne-100x67.jpg\" data-src=\"https:\/\/camping-lestaubiere.fr\/wp-content\/uploads\/2021\/09\/camping-espace-bebe-dordogne.jpg\" alt=\"camping espace bebe dordogne\" class=\"images_image\" \/><\/a><\/div><\/div><\/div><\/div><\/section>\n\n<section id=\"section-group2\"\" class=\"section bg-color5\" \/><div class=\"container extralarge\"><div class=\"colonnes-wrap valign-middle \"><div class=\"element colonne \"><div class=\"element fancybox-container\"><a class=\"fancybox\" href=\"https:\/\/camping-lestaubiere.fr\/wp-content\/uploads\/2024\/10\/borne-recharge-scaled.jpg\"><img decoding=\"async\" src=\"https:\/\/camping-lestaubiere.fr\/wp-content\/uploads\/2024\/10\/borne-recharge-100x74.jpg\" data-src=\"https:\/\/camping-lestaubiere.fr\/wp-content\/uploads\/2024\/10\/borne-recharge-scaled.jpg\" alt=\"camping borne electrique dordogne\" class=\"images_image\" \/><\/a><\/div><\/div><div class=\"element colonne p-l-5\"><h3 class=\"element section-title left color2\">Bornes de rechargement voitures \u00e9lectriques<\/h3><div class=\"element bloc-text left \">\n\t<p>Notre camping est \u00e9quip\u00e9 <strong class=\"bold color3\"> de rechargement<\/strong> pour les voitures \u00e9lectriques et hybrides. La puissance de chargement varie entre 3,7 et 22 kW. <\/p>\n<\/div><h3 class=\"element section-title left color2\">Les locations diverses<\/h3><div class=\"element bloc-text left \">\n\t<p>Pour le confort de tous, nous proposons des draps et des r\u00e9frig\u00e9rateurs en location aux tarifs de :<\/p>\n<ul>\n<li><strong class=\"bold color3\">Location de draps<\/strong> lit simple : 15\u20ac par personne.<\/li>\n<li><strong class=\"bold color3\">Location de draps<\/strong> lit double : 18\u20ac par personne.<\/li>\n<li><strong>Kit serviette<\/strong> : 8 \u20ac<\/li>\n<li><strong class=\"bold color3\">Location d&rsquo;un nombre limit\u00e9 (35) de r\u00e9frig\u00e9rateurs<\/strong> : 5\u20ac par nuit.<\/li>\n<\/ul>\n<\/div><\/div><\/div><\/div><\/section>\n\n<section id=\"section-group3\"\" data-bg-opacite=\"0.2\"data-background=\"https:\/\/camping-lestaubiere.fr\/wp-content\/uploads\/2025\/06\/camping-lestaubiere-letang.jpg\"data-speed=\"0.8\"class=\"section parallax-section bg-white section--has-bg-img section_bg-parallax\" \/><div class=\"container full\"><\/div><\/section>\n\n<section id=\"section-group4\"\" class=\"section bg-white\" \/><div class=\"container extralarge\"><div class=\"colonnes-wrap valign-middle \"><div class=\"element colonne p-r-5\"><h2 class=\"element section-title left color2\">Services du camping familial pr\u00e8s de Bergerac  <\/h2><div class=\"element bloc-text left \">\n\t<p>Notre \u00e9quipe se tient disponible pour toute question ou renseignement compl\u00e9mentaire \u00e0 l\u2019accueil du c<span style=\"font-weight: 400;\">amping familial pr\u00e8s de P\u00e9rigueux<\/span>. N\u2019h\u00e9sitez pas \u00e0 venir nous voir, nous vous d\u00e9livrerons tous nos bons plans pour visiter la r\u00e9gion et toutes les activit\u00e9s \u00e0 faire <span style=\"font-weight: 400;\">autour du camping<\/span><span style=\"font-weight: 400;\">.<\/span><\/p>\n<p><span style=\"font-weight: 400;\">D\u00e9couvrez, aussi, les <\/span><span style=\"font-weight: 400;\"><a href=\"https:\/\/camping-lestaubiere.fr\/fr\/camping-animations-douville\/\">animations familiales proches de Bergerac<\/a><\/span><span style=\"font-weight: 400;\">\u00a0propos\u00e9es par nos \u00e9quipes.\u00a0<\/span><\/p>\n<\/div><h3 class=\"element section-title left color2 m-t-4\">D\u00e9p\u00f4t de pain<\/h3><div class=\"element bloc-text left \">\n\t<p>Durant toute la saison, commandez votre <strong class=\"bold color3\">pain frais<\/strong> et vos <strong class=\"bold color3\">viennoiseries<\/strong> pour prendre votre petit-d\u00e9jeuner en toute tranquillit\u00e9 dans votre location. R\u00e9servez la veille avant 19h \u00e0 l\u2019accueil de votre camping et venez les r\u00e9cup\u00e9rer d\u00e8s 8h30.<\/p>\n<\/div><\/div><div class=\"element colonne \"><div class=\"element fancybox-container\"><a class=\"fancybox\" href=\"https:\/\/camping-lestaubiere.fr\/wp-content\/uploads\/2021\/09\/camping-depot-pain-dordogne.jpg\"><img decoding=\"async\" src=\"https:\/\/camping-lestaubiere.fr\/wp-content\/uploads\/2021\/09\/camping-depot-pain-dordogne-100x67.jpg\" data-src=\"https:\/\/camping-lestaubiere.fr\/wp-content\/uploads\/2021\/09\/camping-depot-pain-dordogne.jpg\" alt=\"camping depot pain dordogne\" class=\"images_image\" \/><\/a><\/div><\/div><\/div><\/div><\/section>\n\n<section id=\"section-group5\"\" data-bg-opacite=\"0.2\"data-background=\"https:\/\/camping-lestaubiere.fr\/wp-content\/uploads\/2025\/06\/camping-lestaubiere-aire-de-jeux.jpg\"data-speed=\"0.8\"class=\"section parallax-section bg-white section--has-bg-img section_bg-parallax\" \/><div class=\"container full\"><\/div><\/section>\n\n<section id=\"section-snack\"\" class=\"section bg-color5\" \/><div class=\"container extralarge\"><div class=\"colonnes-wrap valign-middle \"><div class=\"element colonne \"><div class=\"element fancybox-container\"><a class=\"fancybox\" href=\"https:\/\/camping-lestaubiere.fr\/wp-content\/uploads\/2025\/06\/camping-lestaubiere-le-snack-scaled.jpeg\"><img decoding=\"async\" src=\"https:\/\/camping-lestaubiere.fr\/wp-content\/uploads\/2025\/06\/camping-lestaubiere-le-snack-100x67.jpeg\" data-src=\"https:\/\/camping-lestaubiere.fr\/wp-content\/uploads\/2025\/06\/camping-lestaubiere-le-snack-scaled.jpeg\" alt=\"camping snack terrasse dordogne\" class=\"images_image\" \/><\/a><\/div><\/div><div class=\"element colonne p-l-5\"><h3 class=\"element section-title left color2 m-t-4\">Restaurant pr\u00e8s de P\u00e9rigueux<\/h3><div class=\"element bloc-text left \">\n\t<p><span style=\"font-weight: 400;\">Ouvert tous les jours d\u2019avril \u00e0 septembre, le snack-bar de notre <\/span><span style=\"font-weight: 400;\">camping familial pr\u00e8s de Bergerac<\/span><span style=\"font-weight: 400;\"> vous propose une multitude de boissons, snacks et plats \u00e0 d\u00e9guster sur place ou \u00e0 emporter.<\/span><\/p>\n<\/div><h3 class=\"element section-title left color2 m-t-4\">Le snack \u00e0 Douville<\/h3><div class=\"element bloc-text left \">\n\t<p>Commencez votre journ\u00e9e en savourant votre <strong class=\"bold color3\">caf\u00e9 ou cappuccino<\/strong> sur la terrasse du snack du <span style=\"font-weight: 400;\">camping familial entre P\u00e9rigueux et Bergerac<\/span> tout en profitant de la belle vue sur la piscine, l\u2019\u00e9tang et l\u2019aire de jeux pour un moment calme.<\/p>\n<p>Sous une apr\u00e8s-midi chaude d&rsquo;\u00e9t\u00e9, <strong class=\"bold color3\">rafra\u00eechissez-vous<\/strong> en d\u00e9gustant l\u2019une de nos bi\u00e8res ou boissons gazeuses abrit\u00e9s sous les platanes de la terrasse de notre snack. Accompagnez votre boisson fra\u00eeche de l\u2019un des nombreux snacks et pizzas, \u00a0en vente au camping avec <strong class=\"bold color3\">snack-bar<\/strong>. Et, quelques jours par semaine, retrouvez les menus vari\u00e9s que nous proposons en terrasse.<\/p>\n<\/div><\/div><\/div><\/div><\/section>\n\n<section id=\"section-group7\"\" class=\"section bg-white\" \/><div class=\"container extralarge\"><div class=\"colonnes-wrap valign-middle \"><div class=\"element colonne p-r-5\"><h3 class=\"element section-title left color2\">Le bar<\/h3><div class=\"element bloc-text left \">\n\t<p>Rejoignez-nous au bar du <span style=\"font-weight: 400;\">camping familial proche de Bergerac <\/span>et suivez en direct les <strong class=\"bold color3\">\u00e9v\u00e9nements sportifs incontournables<\/strong>. Par mauvais temps, nous diffusons des <strong class=\"bold color3\">films d\u2019animation<\/strong> pour les enfants.<\/p>\n<\/div><h3 class=\"element section-title left color2 m-t-4\"> La carte<\/h3><div class=\"element bloc-text left \">\n\t<p>Une <strong class=\"bold color3\">carte diverse et vari\u00e9e<\/strong> vous est propos\u00e9e au camping avec snack-bar. Venez d\u00e9guster une bonne pizza faite maison, des frites, une salade et d\u2019autres snacks.<\/p>\n<\/div><\/div><div class=\"element colonne \"><div class=\"element fancybox-container\"><a class=\"fancybox\" href=\"https:\/\/camping-lestaubiere.fr\/wp-content\/uploads\/2024\/06\/BAR.jpeg\"><img decoding=\"async\" src=\"https:\/\/camping-lestaubiere.fr\/wp-content\/uploads\/2024\/06\/BAR-100x50.jpeg\" data-src=\"https:\/\/camping-lestaubiere.fr\/wp-content\/uploads\/2024\/06\/BAR.jpeg\" alt=\"camping bar dordogne\" class=\"images_image\" \/><\/a><\/div><\/div><\/div><\/div><\/section>\n\n<section id=\"section-614841dd5e422\"\" class=\"section bg-white\" \/><div class=\"container large\"><div class=\"element section-title center titre-cta\">D\u00e9couvrez les animations au camping<\/div><ul class=\"liste-de-page\"><li class=\"element call-to-action carre call-to-action--style-1 call-to-action--big\"><a href=\"https:\/\/camping-lestaubiere.fr\/fr\/camping-animations-douville\/\"  class=\"call-to-action_link\" title=\"En savoir plus sur animations\"><div class=\"call-to-action_image\"><img decoding=\"async\" src=\"https:\/\/camping-lestaubiere.fr\/wp-content\/uploads\/2022\/11\/Balancoire-100x75.jpg\" data-src=\"https:\/\/camping-lestaubiere.fr\/wp-content\/uploads\/2022\/11\/Balancoire.jpg\" alt=\"\" class=\"big\" \/><\/div><div class=\"call-to-action_contenu\"><div class=\"call-to-action_titre\">Animations<\/div><\/div><\/a><\/li><li class=\"element call-to-action carre call-to-action--style-1 call-to-action--big call-to-action--style-1 call-to-action--big\"><a href=\"https:\/\/camping-lestaubiere.fr\/fr\/camping-espace-aquatique-douville\/\"  class=\"call-to-action_link\" title=\"En savoir plus sur piscine\"><div class=\"call-to-action_image\"><img decoding=\"async\" src=\"https:\/\/camping-lestaubiere.fr\/wp-content\/uploads\/2021\/10\/camping-piscine-nuit-100x56.jpg\" data-src=\"https:\/\/camping-lestaubiere.fr\/wp-content\/uploads\/2021\/10\/camping-piscine-nuit.jpg\" alt=\"camping-piscine-nuit\" class=\"big\" \/><\/div><div class=\"call-to-action_contenu\"><div class=\"call-to-action_titre\">Piscine<\/div><\/div><\/a><\/li><li class=\"element call-to-action carre call-to-action--style-1 call-to-action--big call-to-action--style-1 call-to-action--big call-to-action--style-1 call-to-action--big\"><a href=\"https:\/\/camping-lestaubiere.fr\/fr\/camping-bord-etang-douville\/\"  class=\"call-to-action_link\" title=\"En savoir plus sur l'\u00e9tang\"><div class=\"call-to-action_image\"><img decoding=\"async\" src=\"https:\/\/camping-lestaubiere.fr\/wp-content\/uploads\/2022\/11\/Etang-1-100x46.jpg\" data-src=\"https:\/\/camping-lestaubiere.fr\/wp-content\/uploads\/2022\/11\/Etang-1.jpg\" alt=\"\" class=\"big\" \/><\/div><div class=\"call-to-action_contenu\"><div class=\"call-to-action_titre\">L&rsquo;\u00e9tang<\/div><\/div><\/a><\/li><\/ul><\/div><\/section>","protected":false},"excerpt":{"rendered":"","protected":false},"author":1,"featured_media":1433,"parent":0,"menu_order":0,"comment_status":"closed","ping_status":"closed","template":"","meta":{"_acf_changed":false,"footnotes":""},"class_list":["post-830","page","type-page","status-publish","has-post-thumbnail","hentry"],"acf":[],"yoast_head":"<!-- This site is optimized with the Yoast SEO plugin v25.2 - https:\/\/yoast.com\/wordpress\/plugins\/seo\/ -->\n<title>Camping familial pr\u00e8s de P\u00e9rigueux I Restaurant \u00e0 Douville<\/title>\n<meta name=\"robots\" content=\"index, follow, max-snippet:-1, max-image-preview:large, max-video-preview:-1\" \/>\n<link rel=\"canonical\" href=\"https:\/\/camping-lestaubiere.fr\/fr\/camping-familial-douville\/\" \/>\n<meta property=\"og:locale\" content=\"fr_FR\" \/>\n<meta property=\"og:type\" content=\"article\" \/>\n<meta property=\"og:title\" content=\"Camping familial pr\u00e8s de P\u00e9rigueux I Restaurant \u00e0 Douville\" \/>\n<meta property=\"og:url\" content=\"https:\/\/camping-lestaubiere.fr\/fr\/camping-familial-douville\/\" \/>\n<meta property=\"og:site_name\" content=\"Camping Lestaubi\u00e8re\" \/>\n<meta property=\"article:modified_time\" content=\"2025-07-23T10:00:43+00:00\" \/>\n<meta property=\"og:image\" content=\"https:\/\/camping-lestaubiere.fr\/wp-content\/uploads\/2021\/09\/camping-familial-dordogne.jpg\" \/>\n\t<meta property=\"og:image:width\" content=\"1900\" \/>\n\t<meta property=\"og:image:height\" content=\"701\" \/>\n\t<meta property=\"og:image:type\" content=\"image\/jpeg\" \/>\n<meta name=\"twitter:card\" content=\"summary_large_image\" \/>\n<meta name=\"twitter:label1\" content=\"Dur\u00e9e de lecture estim\u00e9e\" \/>\n\t<meta name=\"twitter:data1\" content=\"1 minute\" \/>\n<script type=\"application\/ld+json\" class=\"yoast-schema-graph\">{\"@context\":\"https:\/\/schema.org\",\"@graph\":[{\"@type\":\"WebPage\",\"@id\":\"https:\/\/camping-lestaubiere.fr\/fr\/camping-familial-douville\/\",\"url\":\"https:\/\/camping-lestaubiere.fr\/fr\/camping-familial-douville\/\",\"name\":\"Camping familial pr\u00e8s de P\u00e9rigueux I Restaurant \u00e0 Douville\",\"isPartOf\":{\"@id\":\"https:\/\/camping-lestaubiere.fr\/fr\/#website\"},\"primaryImageOfPage\":{\"@id\":\"https:\/\/camping-lestaubiere.fr\/fr\/camping-familial-douville\/#primaryimage\"},\"image\":{\"@id\":\"https:\/\/camping-lestaubiere.fr\/fr\/camping-familial-douville\/#primaryimage\"},\"thumbnailUrl\":\"https:\/\/camping-lestaubiere.fr\/wp-content\/uploads\/2021\/09\/camping-familial-dordogne.jpg\",\"datePublished\":\"2021-09-16T10:11:53+00:00\",\"dateModified\":\"2025-07-23T10:00:43+00:00\",\"breadcrumb\":{\"@id\":\"https:\/\/camping-lestaubiere.fr\/fr\/camping-familial-douville\/#breadcrumb\"},\"inLanguage\":\"fr-FR\",\"potentialAction\":[{\"@type\":\"ReadAction\",\"target\":[\"https:\/\/camping-lestaubiere.fr\/fr\/camping-familial-douville\/\"]}]},{\"@type\":\"ImageObject\",\"inLanguage\":\"fr-FR\",\"@id\":\"https:\/\/camping-lestaubiere.fr\/fr\/camping-familial-douville\/#primaryimage\",\"url\":\"https:\/\/camping-lestaubiere.fr\/wp-content\/uploads\/2021\/09\/camping-familial-dordogne.jpg\",\"contentUrl\":\"https:\/\/camping-lestaubiere.fr\/wp-content\/uploads\/2021\/09\/camping-familial-dordogne.jpg\",\"width\":1900,\"height\":701,\"caption\":\"camping familial dordogne\"},{\"@type\":\"BreadcrumbList\",\"@id\":\"https:\/\/camping-lestaubiere.fr\/fr\/camping-familial-douville\/#breadcrumb\",\"itemListElement\":[{\"@type\":\"ListItem\",\"position\":1,\"name\":\"Camping Dordogne\",\"item\":\"https:\/\/camping-lestaubiere.fr\/fr\/\"},{\"@type\":\"ListItem\",\"position\":2,\"name\":\"Services et restauration pr\u00e8s de Bergerac\"}]},{\"@type\":\"WebSite\",\"@id\":\"https:\/\/camping-lestaubiere.fr\/fr\/#website\",\"url\":\"https:\/\/camping-lestaubiere.fr\/fr\/\",\"name\":\"Camping Lestaubi\u00e8re\",\"description\":\"\",\"publisher\":{\"@id\":\"https:\/\/camping-lestaubiere.fr\/fr\/#organization\"},\"potentialAction\":[{\"@type\":\"SearchAction\",\"target\":{\"@type\":\"EntryPoint\",\"urlTemplate\":\"https:\/\/camping-lestaubiere.fr\/fr\/?s={search_term_string}\"},\"query-input\":{\"@type\":\"PropertyValueSpecification\",\"valueRequired\":true,\"valueName\":\"search_term_string\"}}],\"inLanguage\":\"fr-FR\"},{\"@type\":\"Organization\",\"@id\":\"https:\/\/camping-lestaubiere.fr\/fr\/#organization\",\"name\":\"Camping Lestaubiere\",\"url\":\"https:\/\/camping-lestaubiere.fr\/fr\/\",\"logo\":{\"@type\":\"ImageObject\",\"inLanguage\":\"fr-FR\",\"@id\":\"https:\/\/camping-lestaubiere.fr\/fr\/#\/schema\/logo\/image\/\",\"url\":\"https:\/\/camping-lestaubiere.fr\/wp-content\/uploads\/2021\/09\/logo-camping-lestaubiere.png\",\"contentUrl\":\"https:\/\/camping-lestaubiere.fr\/wp-content\/uploads\/2021\/09\/logo-camping-lestaubiere.png\",\"width\":259,\"height\":89,\"caption\":\"Camping Lestaubiere\"},\"image\":{\"@id\":\"https:\/\/camping-lestaubiere.fr\/fr\/#\/schema\/logo\/image\/\"}}]}<\/script>\n<!-- \/ Yoast SEO plugin. -->","yoast_head_json":{"title":"Camping familial pr\u00e8s de P\u00e9rigueux I Restaurant \u00e0 Douville","robots":{"index":"index","follow":"follow","max-snippet":"max-snippet:-1","max-image-preview":"max-image-preview:large","max-video-preview":"max-video-preview:-1"},"canonical":"https:\/\/camping-lestaubiere.fr\/fr\/camping-familial-douville\/","og_locale":"fr_FR","og_type":"article","og_title":"Camping familial pr\u00e8s de P\u00e9rigueux I Restaurant \u00e0 Douville","og_url":"https:\/\/camping-lestaubiere.fr\/fr\/camping-familial-douville\/","og_site_name":"Camping Lestaubi\u00e8re","article_modified_time":"2025-07-23T10:00:43+00:00","og_image":[{"width":1900,"height":701,"url":"https:\/\/camping-lestaubiere.fr\/wp-content\/uploads\/2021\/09\/camping-familial-dordogne.jpg","type":"image\/jpeg"}],"twitter_card":"summary_large_image","twitter_misc":{"Dur\u00e9e de lecture estim\u00e9e":"1 minute"},"schema":{"@context":"https:\/\/schema.org","@graph":[{"@type":"WebPage","@id":"https:\/\/camping-lestaubiere.fr\/fr\/camping-familial-douville\/","url":"https:\/\/camping-lestaubiere.fr\/fr\/camping-familial-douville\/","name":"Camping familial pr\u00e8s de P\u00e9rigueux I Restaurant \u00e0 Douville","isPartOf":{"@id":"https:\/\/camping-lestaubiere.fr\/fr\/#website"},"primaryImageOfPage":{"@id":"https:\/\/camping-lestaubiere.fr\/fr\/camping-familial-douville\/#primaryimage"},"image":{"@id":"https:\/\/camping-lestaubiere.fr\/fr\/camping-familial-douville\/#primaryimage"},"thumbnailUrl":"https:\/\/camping-lestaubiere.fr\/wp-content\/uploads\/2021\/09\/camping-familial-dordogne.jpg","datePublished":"2021-09-16T10:11:53+00:00","dateModified":"2025-07-23T10:00:43+00:00","breadcrumb":{"@id":"https:\/\/camping-lestaubiere.fr\/fr\/camping-familial-douville\/#breadcrumb"},"inLanguage":"fr-FR","potentialAction":[{"@type":"ReadAction","target":["https:\/\/camping-lestaubiere.fr\/fr\/camping-familial-douville\/"]}]},{"@type":"ImageObject","inLanguage":"fr-FR","@id":"https:\/\/camping-lestaubiere.fr\/fr\/camping-familial-douville\/#primaryimage","url":"https:\/\/camping-lestaubiere.fr\/wp-content\/uploads\/2021\/09\/camping-familial-dordogne.jpg","contentUrl":"https:\/\/camping-lestaubiere.fr\/wp-content\/uploads\/2021\/09\/camping-familial-dordogne.jpg","width":1900,"height":701,"caption":"camping familial dordogne"},{"@type":"BreadcrumbList","@id":"https:\/\/camping-lestaubiere.fr\/fr\/camping-familial-douville\/#breadcrumb","itemListElement":[{"@type":"ListItem","position":1,"name":"Camping Dordogne","item":"https:\/\/camping-lestaubiere.fr\/fr\/"},{"@type":"ListItem","position":2,"name":"Services et restauration pr\u00e8s de Bergerac"}]},{"@type":"WebSite","@id":"https:\/\/camping-lestaubiere.fr\/fr\/#website","url":"https:\/\/camping-lestaubiere.fr\/fr\/","name":"Camping Lestaubi\u00e8re","description":"","publisher":{"@id":"https:\/\/camping-lestaubiere.fr\/fr\/#organization"},"potentialAction":[{"@type":"SearchAction","target":{"@type":"EntryPoint","urlTemplate":"https:\/\/camping-lestaubiere.fr\/fr\/?s={search_term_string}"},"query-input":{"@type":"PropertyValueSpecification","valueRequired":true,"valueName":"search_term_string"}}],"inLanguage":"fr-FR"},{"@type":"Organization","@id":"https:\/\/camping-lestaubiere.fr\/fr\/#organization","name":"Camping Lestaubiere","url":"https:\/\/camping-lestaubiere.fr\/fr\/","logo":{"@type":"ImageObject","inLanguage":"fr-FR","@id":"https:\/\/camping-lestaubiere.fr\/fr\/#\/schema\/logo\/image\/","url":"https:\/\/camping-lestaubiere.fr\/wp-content\/uploads\/2021\/09\/logo-camping-lestaubiere.png","contentUrl":"https:\/\/camping-lestaubiere.fr\/wp-content\/uploads\/2021\/09\/logo-camping-lestaubiere.png","width":259,"height":89,"caption":"Camping Lestaubiere"},"image":{"@id":"https:\/\/camping-lestaubiere.fr\/fr\/#\/schema\/logo\/image\/"}}]}},"_links":{"self":[{"href":"https:\/\/camping-lestaubiere.fr\/fr\/wp-json\/wp\/v2\/pages\/830","targetHints":{"allow":["GET"]}}],"collection":[{"href":"https:\/\/camping-lestaubiere.fr\/fr\/wp-json\/wp\/v2\/pages"}],"about":[{"href":"https:\/\/camping-lestaubiere.fr\/fr\/wp-json\/wp\/v2\/types\/page"}],"author":[{"embeddable":true,"href":"https:\/\/camping-lestaubiere.fr\/fr\/wp-json\/wp\/v2\/users\/1"}],"replies":[{"embeddable":true,"href":"https:\/\/camping-lestaubiere.fr\/fr\/wp-json\/wp\/v2\/comments?post=830"}],"version-history":[{"count":122,"href":"https:\/\/camping-lestaubiere.fr\/fr\/wp-json\/wp\/v2\/pages\/830\/revisions"}],"predecessor-version":[{"id":4027,"href":"https:\/\/camping-lestaubiere.fr\/fr\/wp-json\/wp\/v2\/pages\/830\/revisions\/4027"}],"wp:featuredmedia":[{"embeddable":true,"href":"https:\/\/camping-lestaubiere.fr\/fr\/wp-json\/wp\/v2\/media\/1433"}],"wp:attachment":[{"href":"https:\/\/camping-lestaubiere.fr\/fr\/wp-json\/wp\/v2\/media?parent=830"}],"curies":[{"name":"wp","href":"https:\/\/api.w.org\/{rel}","templated":true}]}}