{"id":5,"date":"2021-11-05T14:50:44","date_gmt":"2021-11-05T13:50:44","guid":{"rendered":"https:\/\/camping-lestaubiere.fr\/?page_id=5"},"modified":"2022-10-12T13:46:22","modified_gmt":"2022-10-12T11:46:22","slug":"mentions-legales","status":"publish","type":"page","link":"https:\/\/camping-lestaubiere.fr\/fr\/mentions-legales\/","title":{"rendered":"Mentions l\u00e9gales"},"content":{"rendered":"<section id=\"section-61850a5fe8cf9\"\" class=\"section bg-white\" \/><div class=\"container\"><h1 class=\"element section-title center\">Mentions l\u00e9gales<\/h1><div class=\"element bloc-text center \">\n\t<h2 class=\"inline-title center\">\u00c9diteur du site<\/h2>\n<p>Camping Lestaubi\u00e8re<br \/>\n24140 Douville<br \/>\nt\u00e9l\u00e9phone : 05 53 82 98 15<br \/>\ncourrier \u00e9lectronique : lestaubiere@gmail.com<\/p>\n<p>Siret : 90283852300014<br \/>\nTva Intracommunautaire : FR04902838523<br \/>\nCapital : 50 000 \u20ac<\/p>\n<p>G\u00e9rants :  Sebastien BLOYET &#038; Aur\u00e9lie BOUCHE<\/p>\n<h2 class=\"inline-title center\">M\u00e9diateur civil<\/h2>\n<p>En cas de litige et apr\u00e8s avoir saisi le service client\u00e8le du professionnel, tout client a la possibilit\u00e9 de saisir un m\u00e9diateur de la consommation, dans un d\u00e9lai maximal d\u2019un an \u00e0 compter de la date de la r\u00e9clamation \u00e9crite, par LRAR, aupr\u00e8s de ce professionnel.<br \/>\nLes coordonn\u00e9es du m\u00e9diateur susceptible d\u2019\u00eatre saisi par le client, sont les suivantes :<br \/>\nBAYONNE MEDIATION<br \/>\n32 rue du Hameau<br \/>\n64200 BIARRITZ<br \/>\n<a href=\"https:\/\/www.bayonne-mediation.com\" target=\"_blank\" rel=\"noopener\">www.bayonne-mediation.com<\/a><\/p>\n<h2 class=\"inline-title center\">Realisation<\/h2>\n<p>GEEK TONIC<br \/>\nRepr\u00e9sent\u00e9e par M. Yohan Darmayan en sa qualit\u00e9 de G\u00e9rant<br \/>\nSi\u00e8ge social : 1 ALL PIERRE GEORGES LATECOERE 64200 BIARRITZ<br \/>\nT\u00e9l : 05 32 74 11 52<br \/>\nE-mail : support@geek-tonic.com<br \/>\nSite web : <a href=\"https:\/\/www.geek-tonic.com\" target=\"_blank\" rel=\"noopener\">www.geek-tonic.com<\/a><br \/>\nSIRET : 89746755100015<br \/>\nAPE : 6201Z<\/p>\n<h2 class=\"inline-title center\">Droits d&rsquo;auteur et copyright<\/h2>\n<p>L\u2019ensemble du contenu de ce site d\u00e9pend du droit d\u2019auteur ainsi que de la propri\u00e9t\u00e9 intellectuelle de la l\u00e9gislation fran\u00e7aise Toute reproduction (y compris les photos, les ic\u00f4nes et les documents t\u00e9l\u00e9chargeables) est interdite sans accord pr\u00e9alable de GEEK TONIC. La reproduction sur un support \u00e9lectronique de tout ou partie du site sur un format papier ou \u00e9lectronique est prohib\u00e9e. GEEK TONIC d\u00e9cline toute responsabilit\u00e9 concernant le contenu pr\u00e9sent sur le site internet. GEEK TONIC d\u00e9cline \u00e9galement toute responsabilit\u00e9 quant aux liens externes pointant vers le site pr\u00e9sent.<\/p>\n<h2 class=\"inline-title center\">Donn\u00e9es personnelles et informations nominatives<\/h2>\n<p>Vous disposez d\u2019un droit d\u2019acc\u00e8s, de modification, de rectification et de suppression des donn\u00e9es vous concernant selon l\u2019article 34 de la Loi \u00ab Informatique et Libert\u00e9s \u00bb n\u00b0 78-17 du 6 janvier 1978, modifi\u00e9e le 6 ao\u00fbt 2004. Pour d\u00e9ployer ce droit d\u2019acc\u00e8s, vous pouvez le faire sur simple demande \u00e9crite \u00e0 l\u2019\u00e9diteur du site.<\/p>\n<h2 class=\"inline-title center\">Legislation<\/h2>\n<p>Selon la loi du 11 mars 1957 (art. 41) et du code de la propri\u00e9t\u00e9 intellectuelle du 1er juillet 1992, Il est interdire de reproduire partiellement ou totalement une partie quel qu\u2019elle soit du site sans autorisation pr\u00e9alable de l\u2019\u00e9diteur du site. Les logos, visuels, photos, vid\u00e9os, chartes graphiques, textes sont la propri\u00e9t\u00e9 de leur d\u00e9tenteur respectif. Ce site peut, \u00e0 son insu, avoir \u00e9t\u00e9 reli\u00e9 \u00e0 d\u2019autres sites par le biais de liens hyperm\u00e9dia. L\u2019\u00e9diteur du site d\u00e9cline toute responsabilit\u00e9 pour les informations pr\u00e9sent\u00e9es sur ces autres sites. L\u2019internaute reconna\u00eet que l\u2019utilisation de ce site est r\u00e9gi par le droit fran\u00e7ais.<\/p>\n<\/div><\/div><\/section>","protected":false},"excerpt":{"rendered":"","protected":false},"author":1,"featured_media":0,"parent":0,"menu_order":0,"comment_status":"closed","ping_status":"closed","template":"","meta":{"_acf_changed":false,"footnotes":""},"class_list":["post-5","page","type-page","status-publish","hentry"],"acf":[],"yoast_head":"<!-- This site is optimized with the Yoast SEO plugin v25.2 - https:\/\/yoast.com\/wordpress\/plugins\/seo\/ -->\n<title>Mentions l\u00e9gales - Camping Lestaubi\u00e8re<\/title>\n<meta name=\"robots\" content=\"noindex, nofollow\" \/>\n<meta property=\"og:locale\" content=\"fr_FR\" \/>\n<meta property=\"og:type\" content=\"article\" \/>\n<meta property=\"og:title\" content=\"Mentions l\u00e9gales - Camping Lestaubi\u00e8re\" \/>\n<meta property=\"og:url\" content=\"https:\/\/camping-lestaubiere.fr\/fr\/mentions-legales\/\" \/>\n<meta property=\"og:site_name\" content=\"Camping Lestaubi\u00e8re\" \/>\n<meta property=\"article:modified_time\" content=\"2022-10-12T11:46:22+00:00\" \/>\n<meta name=\"twitter:card\" content=\"summary_large_image\" \/>\n<script type=\"application\/ld+json\" class=\"yoast-schema-graph\">{\"@context\":\"https:\/\/schema.org\",\"@graph\":[{\"@type\":\"WebPage\",\"@id\":\"https:\/\/camping-lestaubiere.fr\/fr\/mentions-legales\/\",\"url\":\"https:\/\/camping-lestaubiere.fr\/fr\/mentions-legales\/\",\"name\":\"Mentions l\u00e9gales - Camping Lestaubi\u00e8re\",\"isPartOf\":{\"@id\":\"https:\/\/camping-lestaubiere.fr\/fr\/#website\"},\"datePublished\":\"2021-11-05T13:50:44+00:00\",\"dateModified\":\"2022-10-12T11:46:22+00:00\",\"breadcrumb\":{\"@id\":\"https:\/\/camping-lestaubiere.fr\/fr\/mentions-legales\/#breadcrumb\"},\"inLanguage\":\"fr-FR\",\"potentialAction\":[{\"@type\":\"ReadAction\",\"target\":[\"https:\/\/camping-lestaubiere.fr\/fr\/mentions-legales\/\"]}]},{\"@type\":\"BreadcrumbList\",\"@id\":\"https:\/\/camping-lestaubiere.fr\/fr\/mentions-legales\/#breadcrumb\",\"itemListElement\":[{\"@type\":\"ListItem\",\"position\":1,\"name\":\"Camping Dordogne\",\"item\":\"https:\/\/camping-lestaubiere.fr\/fr\/\"},{\"@type\":\"ListItem\",\"position\":2,\"name\":\"Mentions l\u00e9gales\"}]},{\"@type\":\"WebSite\",\"@id\":\"https:\/\/camping-lestaubiere.fr\/fr\/#website\",\"url\":\"https:\/\/camping-lestaubiere.fr\/fr\/\",\"name\":\"Camping Lestaubi\u00e8re\",\"description\":\"\",\"publisher\":{\"@id\":\"https:\/\/camping-lestaubiere.fr\/fr\/#organization\"},\"potentialAction\":[{\"@type\":\"SearchAction\",\"target\":{\"@type\":\"EntryPoint\",\"urlTemplate\":\"https:\/\/camping-lestaubiere.fr\/fr\/?s={search_term_string}\"},\"query-input\":{\"@type\":\"PropertyValueSpecification\",\"valueRequired\":true,\"valueName\":\"search_term_string\"}}],\"inLanguage\":\"fr-FR\"},{\"@type\":\"Organization\",\"@id\":\"https:\/\/camping-lestaubiere.fr\/fr\/#organization\",\"name\":\"Camping Lestaubiere\",\"url\":\"https:\/\/camping-lestaubiere.fr\/fr\/\",\"logo\":{\"@type\":\"ImageObject\",\"inLanguage\":\"fr-FR\",\"@id\":\"https:\/\/camping-lestaubiere.fr\/fr\/#\/schema\/logo\/image\/\",\"url\":\"https:\/\/camping-lestaubiere.fr\/wp-content\/uploads\/2021\/09\/logo-camping-lestaubiere.png\",\"contentUrl\":\"https:\/\/camping-lestaubiere.fr\/wp-content\/uploads\/2021\/09\/logo-camping-lestaubiere.png\",\"width\":259,\"height\":89,\"caption\":\"Camping Lestaubiere\"},\"image\":{\"@id\":\"https:\/\/camping-lestaubiere.fr\/fr\/#\/schema\/logo\/image\/\"}}]}<\/script>\n<!-- \/ Yoast SEO plugin. -->","yoast_head_json":{"title":"Mentions l\u00e9gales - Camping Lestaubi\u00e8re","robots":{"index":"noindex","follow":"nofollow"},"og_locale":"fr_FR","og_type":"article","og_title":"Mentions l\u00e9gales - Camping Lestaubi\u00e8re","og_url":"https:\/\/camping-lestaubiere.fr\/fr\/mentions-legales\/","og_site_name":"Camping Lestaubi\u00e8re","article_modified_time":"2022-10-12T11:46:22+00:00","twitter_card":"summary_large_image","schema":{"@context":"https:\/\/schema.org","@graph":[{"@type":"WebPage","@id":"https:\/\/camping-lestaubiere.fr\/fr\/mentions-legales\/","url":"https:\/\/camping-lestaubiere.fr\/fr\/mentions-legales\/","name":"Mentions l\u00e9gales - Camping Lestaubi\u00e8re","isPartOf":{"@id":"https:\/\/camping-lestaubiere.fr\/fr\/#website"},"datePublished":"2021-11-05T13:50:44+00:00","dateModified":"2022-10-12T11:46:22+00:00","breadcrumb":{"@id":"https:\/\/camping-lestaubiere.fr\/fr\/mentions-legales\/#breadcrumb"},"inLanguage":"fr-FR","potentialAction":[{"@type":"ReadAction","target":["https:\/\/camping-lestaubiere.fr\/fr\/mentions-legales\/"]}]},{"@type":"BreadcrumbList","@id":"https:\/\/camping-lestaubiere.fr\/fr\/mentions-legales\/#breadcrumb","itemListElement":[{"@type":"ListItem","position":1,"name":"Camping Dordogne","item":"https:\/\/camping-lestaubiere.fr\/fr\/"},{"@type":"ListItem","position":2,"name":"Mentions l\u00e9gales"}]},{"@type":"WebSite","@id":"https:\/\/camping-lestaubiere.fr\/fr\/#website","url":"https:\/\/camping-lestaubiere.fr\/fr\/","name":"Camping Lestaubi\u00e8re","description":"","publisher":{"@id":"https:\/\/camping-lestaubiere.fr\/fr\/#organization"},"potentialAction":[{"@type":"SearchAction","target":{"@type":"EntryPoint","urlTemplate":"https:\/\/camping-lestaubiere.fr\/fr\/?s={search_term_string}"},"query-input":{"@type":"PropertyValueSpecification","valueRequired":true,"valueName":"search_term_string"}}],"inLanguage":"fr-FR"},{"@type":"Organization","@id":"https:\/\/camping-lestaubiere.fr\/fr\/#organization","name":"Camping Lestaubiere","url":"https:\/\/camping-lestaubiere.fr\/fr\/","logo":{"@type":"ImageObject","inLanguage":"fr-FR","@id":"https:\/\/camping-lestaubiere.fr\/fr\/#\/schema\/logo\/image\/","url":"https:\/\/camping-lestaubiere.fr\/wp-content\/uploads\/2021\/09\/logo-camping-lestaubiere.png","contentUrl":"https:\/\/camping-lestaubiere.fr\/wp-content\/uploads\/2021\/09\/logo-camping-lestaubiere.png","width":259,"height":89,"caption":"Camping Lestaubiere"},"image":{"@id":"https:\/\/camping-lestaubiere.fr\/fr\/#\/schema\/logo\/image\/"}}]}},"_links":{"self":[{"href":"https:\/\/camping-lestaubiere.fr\/fr\/wp-json\/wp\/v2\/pages\/5","targetHints":{"allow":["GET"]}}],"collection":[{"href":"https:\/\/camping-lestaubiere.fr\/fr\/wp-json\/wp\/v2\/pages"}],"about":[{"href":"https:\/\/camping-lestaubiere.fr\/fr\/wp-json\/wp\/v2\/types\/page"}],"author":[{"embeddable":true,"href":"https:\/\/camping-lestaubiere.fr\/fr\/wp-json\/wp\/v2\/users\/1"}],"replies":[{"embeddable":true,"href":"https:\/\/camping-lestaubiere.fr\/fr\/wp-json\/wp\/v2\/comments?post=5"}],"version-history":[{"count":17,"href":"https:\/\/camping-lestaubiere.fr\/fr\/wp-json\/wp\/v2\/pages\/5\/revisions"}],"predecessor-version":[{"id":3354,"href":"https:\/\/camping-lestaubiere.fr\/fr\/wp-json\/wp\/v2\/pages\/5\/revisions\/3354"}],"wp:attachment":[{"href":"https:\/\/camping-lestaubiere.fr\/fr\/wp-json\/wp\/v2\/media?parent=5"}],"curies":[{"name":"wp","href":"https:\/\/api.w.org\/{rel}","templated":true}]}}