{"id":1861,"date":"2021-09-27T15:23:00","date_gmt":"2021-09-27T13:23:00","guid":{"rendered":"https:\/\/camping-lestaubiere.fr\/?page_id=1861"},"modified":"2025-07-22T11:42:04","modified_gmt":"2025-07-22T09:42:04","slug":"camping-bergerac","status":"publish","type":"page","link":"https:\/\/camping-lestaubiere.fr\/fr\/camping-bergerac\/","title":{"rendered":"Bergerac"},"content":{"rendered":"<section id=\"section-614841dd5d83e\"\" class=\"section bg-white p-b-0\" \/><div class=\"container\"><h1 class=\"element section-title center color2\">Tourisme \u00e0 Bergerac<\/h1><\/div><\/section>\n\n<section id=\"section-614841dd5db9d\"\" class=\"section bg-white p-b-0\" \/><div class=\"container extralarge\"><div class=\"colonnes-wrap valign-middle \"><div class=\"element colonne p-r-5\"><h2 class=\"element section-title left color1\">Lieux \u00e0 voir \u00e0 Bergerac<\/h2><div class=\"element bloc-text left \">\n\t<p>Top 5 des choses <a href=\"https:\/\/www.bergerac.fr\/\" rel=\"noopener\" target=\"_blank\">\u00e0 voir \u00e0 Bergerac<\/a> :<\/p>\n<ul>\n<li>La <strong class=\"bold color3\">vieille ville<\/strong> de Bergerac<\/li>\n<li><a href=\"https:\/\/www.bergerac.fr\/directory-category\/musees-de-bergerac\/\" rel=\"noopener\" target=\"_blank\">Mus\u00e9e du Tabac<\/a> : Bergerac poss\u00e8de l&rsquo;une des derni\u00e8res plantations de tabac d&rsquo;Europe, une histoire int\u00e9ressante sur cette industrie, \u00e0 d\u00e9couvrir.<\/li>\n<li>Cyrano bien s\u00fbr ! Deux <strong class=\"bold color3\">statues de Cyrano<\/strong> : sur la place P\u00e9lissi\u00e8re et l&rsquo;autre rue de la Mirpe.<\/li>\n<li><strong class=\"bold color3\">Lac de Pombonne<\/strong> dans un parc immense, baignade surveill\u00e9e durant la saison estivale.<\/li>\n<li>Le Clo\u00eetre des R\u00e9collets : pour en apprendre beaucoup sur l\u2019<strong class=\"bold color3\">\u0153nologie<\/strong> et la viticulture mondialement appr\u00e9ci\u00e9e de la r\u00e9gion de Bergerac.<\/li>\n<\/ul>\n<\/div><\/div><div class=\"element colonne fancybox-multi\"><div class=\"element fancybox-container\"><a class=\"fancybox\" href=\"https:\/\/camping-lestaubiere.fr\/wp-content\/uploads\/2021\/09\/camping-bergerac-eglise-notre-dame.jpg\"><img decoding=\"async\" src=\"https:\/\/camping-lestaubiere.fr\/wp-content\/uploads\/2021\/09\/camping-bergerac-eglise-notre-dame-100x67.jpg\" data-src=\"https:\/\/camping-lestaubiere.fr\/wp-content\/uploads\/2021\/09\/camping-bergerac-eglise-notre-dame.jpg\" alt=\"camping bergerac eglise notre dame\" class=\"images_image\" \/><\/a><a class=\"fancybox\" href=\"https:\/\/camping-lestaubiere.fr\/wp-content\/uploads\/2021\/09\/camping-bergerac-vieille-ville.jpg\"><img decoding=\"async\" src=\"https:\/\/camping-lestaubiere.fr\/wp-content\/uploads\/2021\/09\/camping-bergerac-vieille-ville-100x67.jpg\" data-src=\"https:\/\/camping-lestaubiere.fr\/wp-content\/uploads\/2021\/09\/camping-bergerac-vieille-ville.jpg\" alt=\"camping bergerac vieille ville\" class=\"images_image\" \/><\/a><a class=\"fancybox\" href=\"https:\/\/camping-lestaubiere.fr\/wp-content\/uploads\/2021\/09\/camping-bergerac-statue-cyrano.jpg\"><img decoding=\"async\" src=\"https:\/\/camping-lestaubiere.fr\/wp-content\/uploads\/2021\/09\/camping-bergerac-statue-cyrano-100x67.jpg\" data-src=\"https:\/\/camping-lestaubiere.fr\/wp-content\/uploads\/2021\/09\/camping-bergerac-statue-cyrano.jpg\" alt=\"camping bergerac statue cyrano\" class=\"images_image\" \/><\/a><\/div><\/div><\/div><\/div><\/section>\n\n<section id=\"section-614841dd5de1f\"\" class=\"section bg-color5\" \/><div class=\"container extralarge\"><div class=\"colonnes-wrap valign-middle \"><div class=\"element colonne \"><div class=\"element fancybox-container\"><a class=\"fancybox\" href=\"https:\/\/camping-lestaubiere.fr\/wp-content\/uploads\/2021\/09\/camping-bergerac-cloitre-des-recollets.jpg\"><img decoding=\"async\" src=\"https:\/\/camping-lestaubiere.fr\/wp-content\/uploads\/2021\/09\/camping-bergerac-cloitre-des-recollets-100x67.jpg\" data-src=\"https:\/\/camping-lestaubiere.fr\/wp-content\/uploads\/2021\/09\/camping-bergerac-cloitre-des-recollets.jpg\" alt=\"camping bergerac cloitre des recollets\" class=\"images_image\" \/><\/a><\/div><\/div><div class=\"element colonne p-l-5\"><h2 class=\"element section-title left color1\">Visites \u00e0 faire \u00e0 Bergerac<\/h2><div class=\"element bloc-text justify \">\n\t<p>Top 5 des choses \u00e0 faire \u00e0 Bergerac :<\/p>\n<ul>\n<li>Bergerac, haut lieu de production de vin. Certains ch\u00e2teaux comme <a href=\"http:\/\/www.court-les-muts.com\/\" target=\"_blank\" rel=\"noopener\">Court les M\u00fbts<\/a> \u00e0 Saussignac propose des <strong class=\"bold color3\">d\u00e9gustations<\/strong> et poss\u00e8dent leur propre mus\u00e9e du Vin.<\/li>\n<li>Le Ch\u00e2teau de Monbazillac, entour\u00e9 de l\u2019un des <strong class=\"bold color3\">vignobles<\/strong> les plus connus de Bergerac.<\/li>\n<li>Faire du Cano\u00eb \/ Kayak sur les <strong class=\"bold color3\">rivi\u00e8res<\/strong> pr\u00e8s de Bergerac.<\/li>\n<li>Sentiers de randonn\u00e9es aux alentours de Bergerac pour d\u00e9couvrir <strong class=\"bold color3\">la beaut\u00e9 de la campagne<\/strong> environnante.<\/li>\n<li>Si vous \u00eates \u00e0 Bergerac l\u2019\u00e9t\u00e9, profitez des <strong class=\"bold color3\">animations culturelles<\/strong>, musicales et sportives.<\/li>\n<\/ul>\n<\/div><\/div><\/div><\/div><\/section>\n\n<section id=\"section-614841dd5df4d\"\" data-bg-opacite=\"0.2\"data-background=\"https:\/\/camping-lestaubiere.fr\/wp-content\/uploads\/2021\/09\/camping-bergerac-vignoble.jpg\"data-speed=\"0.8\"class=\"section parallax-section bg-white section--has-bg-img section_bg-parallax\" \/><div class=\"container full\"><\/div><\/section>\n\n<section id=\"section-614841dd5e1a6\"\" class=\"section bg-white\" \/><div class=\"container extralarge\"><div class=\"colonnes-wrap valign-middle \"><div class=\"element colonne p-r-5\"><h2 class=\"element section-title left color1\">Camping id\u00e9alement situ\u00e9 pour visiter Bergerac<\/h2><div class=\"element bloc-text left \">\n\t<p>\u00c0 seulement 20 km et moins d\u2019une demi-heure de route, le camping est proche de Bergerac. Vous trouverez ici un excellent compromis entre la <strong class=\"bold color3\">proximit\u00e9 de Bergerac<\/strong>, et le confort d\u2019un camping avec piscine, \u00e9tang de p\u00eache, verdure, et \u00e9quipements modernes. Visitez <a href=\"\/fr\/camping-perigueux\/\">P\u00e9rigueux<\/a> et Bergerac, en louant votre h\u00e9bergement (mobil-homes, tentes lodges ou encore emplacements \u00e0 petit prix et id\u00e9alement situ\u00e9 pr\u00e8s de Bergerac.<\/p>\n<p>Les choses \u00e0 faire ne manquent pas : en famille, en duo, ou entre amis. Profitez des joies du <a href=\"\/fr\/\">camping Douville<\/a> et des richesses culturelles d\u2019une ville embl\u00e9matique de la <a href=\"\/fr\/tourisme-dordogne\/\">Dordogne<\/a>, class\u00e9e <strong class=\"bold color3\">Ville d\u2019Art et d\u2019Histoire<\/strong>.<\/p>\n<\/div><\/div><div class=\"element colonne \"><div class=\"element fancybox-container\"><a class=\"fancybox\" href=\"https:\/\/camping-lestaubiere.fr\/wp-content\/uploads\/2021\/09\/camping-bergerac-chateau-montbazillac.jpg\"><img decoding=\"async\" src=\"https:\/\/camping-lestaubiere.fr\/wp-content\/uploads\/2021\/09\/camping-bergerac-chateau-montbazillac-100x67.jpg\" data-src=\"https:\/\/camping-lestaubiere.fr\/wp-content\/uploads\/2021\/09\/camping-bergerac-chateau-montbazillac.jpg\" alt=\"camping bergerac chateau montbazillac\" class=\"images_image\" \/><\/a><\/div><\/div><\/div><\/div><\/section>\n\n<section id=\"section-614841dd5e422\"\" class=\"section bg-white\" \/><div class=\"container large\"><div class=\"element section-title center titre-cta\">D\u00e9couvrez la Dordogne et P\u00e9rigueux<\/div><ul class=\"liste-de-page\"><li class=\"element call-to-action carre call-to-action--style-1 call-to-action--big\"><a href=\"https:\/\/camping-lestaubiere.fr\/fr\/camping-perigueux\/\"  class=\"call-to-action_link\" title=\"En savoir plus sur p\u00e9rigueux\"><div class=\"call-to-action_image\"><img decoding=\"async\" src=\"https:\/\/camping-lestaubiere.fr\/wp-content\/uploads\/2021\/09\/camping-perigueux-berges-de-l-isle-100x57.jpg\" data-src=\"https:\/\/camping-lestaubiere.fr\/wp-content\/uploads\/2021\/09\/camping-perigueux-berges-de-l-isle.jpg\" alt=\"camping perigueux berges de l isle\" class=\"big\" \/><\/div><div class=\"call-to-action_contenu\"><div class=\"call-to-action_titre\">P\u00e9rigueux<\/div><\/div><\/a><\/li><li class=\"element call-to-action carre call-to-action--style-1 call-to-action--big call-to-action--style-1 call-to-action--big\"><a href=\"https:\/\/camping-lestaubiere.fr\/fr\/camping-animations-douville\/\"  class=\"call-to-action_link\" title=\"En savoir plus sur animations\"><div class=\"call-to-action_image\"><img decoding=\"async\" src=\"https:\/\/camping-lestaubiere.fr\/wp-content\/uploads\/2022\/11\/Balancoire-100x75.jpg\" data-src=\"https:\/\/camping-lestaubiere.fr\/wp-content\/uploads\/2022\/11\/Balancoire.jpg\" alt=\"\" class=\"big\" \/><\/div><div class=\"call-to-action_contenu\"><div class=\"call-to-action_titre\">Animations<\/div><\/div><\/a><\/li><li class=\"element call-to-action carre call-to-action--style-1 call-to-action--big call-to-action--style-1 call-to-action--big call-to-action--style-1 call-to-action--big\"><a href=\"https:\/\/camping-lestaubiere.fr\/fr\/tourisme-dordogne\/\"  class=\"call-to-action_link\" title=\"En savoir plus sur dordogne\"><div class=\"call-to-action_image\"><img decoding=\"async\" src=\"https:\/\/camping-lestaubiere.fr\/wp-content\/uploads\/2021\/09\/camping-tourisme-dordogne-pont-de-pierrel-100x57.jpg\" data-src=\"https:\/\/camping-lestaubiere.fr\/wp-content\/uploads\/2021\/09\/camping-tourisme-dordogne-pont-de-pierrel.jpg\" alt=\"camping dordogne pont de pierrel\" class=\"big\" \/><\/div><div class=\"call-to-action_contenu\"><div class=\"call-to-action_titre\">Dordogne<\/div><\/div><\/a><\/li><\/ul><\/div><\/section>","protected":false},"excerpt":{"rendered":"","protected":false},"author":1,"featured_media":1874,"parent":0,"menu_order":0,"comment_status":"closed","ping_status":"closed","template":"","meta":{"_acf_changed":false,"footnotes":""},"class_list":["post-1861","page","type-page","status-publish","has-post-thumbnail","hentry"],"acf":[],"yoast_head":"<!-- This site is optimized with the Yoast SEO plugin v25.2 - https:\/\/yoast.com\/wordpress\/plugins\/seo\/ -->\n<title>Tourisme \u00e0 Bergerac | \u00c0 faire et \u00e0 voir \u00e0 Bergerac<\/title>\n<meta name=\"robots\" content=\"index, follow, max-snippet:-1, max-image-preview:large, max-video-preview:-1\" \/>\n<link rel=\"canonical\" href=\"https:\/\/camping-lestaubiere.fr\/fr\/camping-bergerac\/\" \/>\n<meta property=\"og:locale\" content=\"fr_FR\" \/>\n<meta property=\"og:type\" content=\"article\" \/>\n<meta property=\"og:title\" content=\"Tourisme \u00e0 Bergerac | \u00c0 faire et \u00e0 voir \u00e0 Bergerac\" \/>\n<meta property=\"og:url\" content=\"https:\/\/camping-lestaubiere.fr\/fr\/camping-bergerac\/\" \/>\n<meta property=\"og:site_name\" content=\"Camping Lestaubi\u00e8re\" \/>\n<meta property=\"article:modified_time\" content=\"2025-07-22T09:42:04+00:00\" \/>\n<meta property=\"og:image\" content=\"https:\/\/camping-lestaubiere.fr\/wp-content\/uploads\/2021\/09\/camping-bergerac-vieux-pont.jpg\" \/>\n\t<meta property=\"og:image:width\" content=\"1900\" \/>\n\t<meta property=\"og:image:height\" content=\"700\" \/>\n\t<meta property=\"og:image:type\" content=\"image\/jpeg\" \/>\n<meta name=\"twitter:card\" content=\"summary_large_image\" \/>\n<meta name=\"twitter:label1\" content=\"Dur\u00e9e de lecture estim\u00e9e\" \/>\n\t<meta name=\"twitter:data1\" content=\"1 minute\" \/>\n<script type=\"application\/ld+json\" class=\"yoast-schema-graph\">{\"@context\":\"https:\/\/schema.org\",\"@graph\":[{\"@type\":\"WebPage\",\"@id\":\"https:\/\/camping-lestaubiere.fr\/fr\/camping-bergerac\/\",\"url\":\"https:\/\/camping-lestaubiere.fr\/fr\/camping-bergerac\/\",\"name\":\"Tourisme \u00e0 Bergerac | \u00c0 faire et \u00e0 voir \u00e0 Bergerac\",\"isPartOf\":{\"@id\":\"https:\/\/camping-lestaubiere.fr\/fr\/#website\"},\"primaryImageOfPage\":{\"@id\":\"https:\/\/camping-lestaubiere.fr\/fr\/camping-bergerac\/#primaryimage\"},\"image\":{\"@id\":\"https:\/\/camping-lestaubiere.fr\/fr\/camping-bergerac\/#primaryimage\"},\"thumbnailUrl\":\"https:\/\/camping-lestaubiere.fr\/wp-content\/uploads\/2021\/09\/camping-bergerac-vieux-pont.jpg\",\"datePublished\":\"2021-09-27T13:23:00+00:00\",\"dateModified\":\"2025-07-22T09:42:04+00:00\",\"breadcrumb\":{\"@id\":\"https:\/\/camping-lestaubiere.fr\/fr\/camping-bergerac\/#breadcrumb\"},\"inLanguage\":\"fr-FR\",\"potentialAction\":[{\"@type\":\"ReadAction\",\"target\":[\"https:\/\/camping-lestaubiere.fr\/fr\/camping-bergerac\/\"]}]},{\"@type\":\"ImageObject\",\"inLanguage\":\"fr-FR\",\"@id\":\"https:\/\/camping-lestaubiere.fr\/fr\/camping-bergerac\/#primaryimage\",\"url\":\"https:\/\/camping-lestaubiere.fr\/wp-content\/uploads\/2021\/09\/camping-bergerac-vieux-pont.jpg\",\"contentUrl\":\"https:\/\/camping-lestaubiere.fr\/wp-content\/uploads\/2021\/09\/camping-bergerac-vieux-pont.jpg\",\"width\":1900,\"height\":700,\"caption\":\"camping bergerac vieux pont\"},{\"@type\":\"BreadcrumbList\",\"@id\":\"https:\/\/camping-lestaubiere.fr\/fr\/camping-bergerac\/#breadcrumb\",\"itemListElement\":[{\"@type\":\"ListItem\",\"position\":1,\"name\":\"Camping Dordogne\",\"item\":\"https:\/\/camping-lestaubiere.fr\/fr\/\"},{\"@type\":\"ListItem\",\"position\":2,\"name\":\"Visiter Bergerac\"}]},{\"@type\":\"WebSite\",\"@id\":\"https:\/\/camping-lestaubiere.fr\/fr\/#website\",\"url\":\"https:\/\/camping-lestaubiere.fr\/fr\/\",\"name\":\"Camping Lestaubi\u00e8re\",\"description\":\"\",\"publisher\":{\"@id\":\"https:\/\/camping-lestaubiere.fr\/fr\/#organization\"},\"potentialAction\":[{\"@type\":\"SearchAction\",\"target\":{\"@type\":\"EntryPoint\",\"urlTemplate\":\"https:\/\/camping-lestaubiere.fr\/fr\/?s={search_term_string}\"},\"query-input\":{\"@type\":\"PropertyValueSpecification\",\"valueRequired\":true,\"valueName\":\"search_term_string\"}}],\"inLanguage\":\"fr-FR\"},{\"@type\":\"Organization\",\"@id\":\"https:\/\/camping-lestaubiere.fr\/fr\/#organization\",\"name\":\"Camping Lestaubiere\",\"url\":\"https:\/\/camping-lestaubiere.fr\/fr\/\",\"logo\":{\"@type\":\"ImageObject\",\"inLanguage\":\"fr-FR\",\"@id\":\"https:\/\/camping-lestaubiere.fr\/fr\/#\/schema\/logo\/image\/\",\"url\":\"https:\/\/camping-lestaubiere.fr\/wp-content\/uploads\/2021\/09\/logo-camping-lestaubiere.png\",\"contentUrl\":\"https:\/\/camping-lestaubiere.fr\/wp-content\/uploads\/2021\/09\/logo-camping-lestaubiere.png\",\"width\":259,\"height\":89,\"caption\":\"Camping Lestaubiere\"},\"image\":{\"@id\":\"https:\/\/camping-lestaubiere.fr\/fr\/#\/schema\/logo\/image\/\"}}]}<\/script>\n<!-- \/ Yoast SEO plugin. -->","yoast_head_json":{"title":"Tourisme \u00e0 Bergerac | \u00c0 faire et \u00e0 voir \u00e0 Bergerac","robots":{"index":"index","follow":"follow","max-snippet":"max-snippet:-1","max-image-preview":"max-image-preview:large","max-video-preview":"max-video-preview:-1"},"canonical":"https:\/\/camping-lestaubiere.fr\/fr\/camping-bergerac\/","og_locale":"fr_FR","og_type":"article","og_title":"Tourisme \u00e0 Bergerac | \u00c0 faire et \u00e0 voir \u00e0 Bergerac","og_url":"https:\/\/camping-lestaubiere.fr\/fr\/camping-bergerac\/","og_site_name":"Camping Lestaubi\u00e8re","article_modified_time":"2025-07-22T09:42:04+00:00","og_image":[{"width":1900,"height":700,"url":"https:\/\/camping-lestaubiere.fr\/wp-content\/uploads\/2021\/09\/camping-bergerac-vieux-pont.jpg","type":"image\/jpeg"}],"twitter_card":"summary_large_image","twitter_misc":{"Dur\u00e9e de lecture estim\u00e9e":"1 minute"},"schema":{"@context":"https:\/\/schema.org","@graph":[{"@type":"WebPage","@id":"https:\/\/camping-lestaubiere.fr\/fr\/camping-bergerac\/","url":"https:\/\/camping-lestaubiere.fr\/fr\/camping-bergerac\/","name":"Tourisme \u00e0 Bergerac | \u00c0 faire et \u00e0 voir \u00e0 Bergerac","isPartOf":{"@id":"https:\/\/camping-lestaubiere.fr\/fr\/#website"},"primaryImageOfPage":{"@id":"https:\/\/camping-lestaubiere.fr\/fr\/camping-bergerac\/#primaryimage"},"image":{"@id":"https:\/\/camping-lestaubiere.fr\/fr\/camping-bergerac\/#primaryimage"},"thumbnailUrl":"https:\/\/camping-lestaubiere.fr\/wp-content\/uploads\/2021\/09\/camping-bergerac-vieux-pont.jpg","datePublished":"2021-09-27T13:23:00+00:00","dateModified":"2025-07-22T09:42:04+00:00","breadcrumb":{"@id":"https:\/\/camping-lestaubiere.fr\/fr\/camping-bergerac\/#breadcrumb"},"inLanguage":"fr-FR","potentialAction":[{"@type":"ReadAction","target":["https:\/\/camping-lestaubiere.fr\/fr\/camping-bergerac\/"]}]},{"@type":"ImageObject","inLanguage":"fr-FR","@id":"https:\/\/camping-lestaubiere.fr\/fr\/camping-bergerac\/#primaryimage","url":"https:\/\/camping-lestaubiere.fr\/wp-content\/uploads\/2021\/09\/camping-bergerac-vieux-pont.jpg","contentUrl":"https:\/\/camping-lestaubiere.fr\/wp-content\/uploads\/2021\/09\/camping-bergerac-vieux-pont.jpg","width":1900,"height":700,"caption":"camping bergerac vieux pont"},{"@type":"BreadcrumbList","@id":"https:\/\/camping-lestaubiere.fr\/fr\/camping-bergerac\/#breadcrumb","itemListElement":[{"@type":"ListItem","position":1,"name":"Camping Dordogne","item":"https:\/\/camping-lestaubiere.fr\/fr\/"},{"@type":"ListItem","position":2,"name":"Visiter Bergerac"}]},{"@type":"WebSite","@id":"https:\/\/camping-lestaubiere.fr\/fr\/#website","url":"https:\/\/camping-lestaubiere.fr\/fr\/","name":"Camping Lestaubi\u00e8re","description":"","publisher":{"@id":"https:\/\/camping-lestaubiere.fr\/fr\/#organization"},"potentialAction":[{"@type":"SearchAction","target":{"@type":"EntryPoint","urlTemplate":"https:\/\/camping-lestaubiere.fr\/fr\/?s={search_term_string}"},"query-input":{"@type":"PropertyValueSpecification","valueRequired":true,"valueName":"search_term_string"}}],"inLanguage":"fr-FR"},{"@type":"Organization","@id":"https:\/\/camping-lestaubiere.fr\/fr\/#organization","name":"Camping Lestaubiere","url":"https:\/\/camping-lestaubiere.fr\/fr\/","logo":{"@type":"ImageObject","inLanguage":"fr-FR","@id":"https:\/\/camping-lestaubiere.fr\/fr\/#\/schema\/logo\/image\/","url":"https:\/\/camping-lestaubiere.fr\/wp-content\/uploads\/2021\/09\/logo-camping-lestaubiere.png","contentUrl":"https:\/\/camping-lestaubiere.fr\/wp-content\/uploads\/2021\/09\/logo-camping-lestaubiere.png","width":259,"height":89,"caption":"Camping Lestaubiere"},"image":{"@id":"https:\/\/camping-lestaubiere.fr\/fr\/#\/schema\/logo\/image\/"}}]}},"_links":{"self":[{"href":"https:\/\/camping-lestaubiere.fr\/fr\/wp-json\/wp\/v2\/pages\/1861","targetHints":{"allow":["GET"]}}],"collection":[{"href":"https:\/\/camping-lestaubiere.fr\/fr\/wp-json\/wp\/v2\/pages"}],"about":[{"href":"https:\/\/camping-lestaubiere.fr\/fr\/wp-json\/wp\/v2\/types\/page"}],"author":[{"embeddable":true,"href":"https:\/\/camping-lestaubiere.fr\/fr\/wp-json\/wp\/v2\/users\/1"}],"replies":[{"embeddable":true,"href":"https:\/\/camping-lestaubiere.fr\/fr\/wp-json\/wp\/v2\/comments?post=1861"}],"version-history":[{"count":25,"href":"https:\/\/camping-lestaubiere.fr\/fr\/wp-json\/wp\/v2\/pages\/1861\/revisions"}],"predecessor-version":[{"id":4020,"href":"https:\/\/camping-lestaubiere.fr\/fr\/wp-json\/wp\/v2\/pages\/1861\/revisions\/4020"}],"wp:featuredmedia":[{"embeddable":true,"href":"https:\/\/camping-lestaubiere.fr\/fr\/wp-json\/wp\/v2\/media\/1874"}],"wp:attachment":[{"href":"https:\/\/camping-lestaubiere.fr\/fr\/wp-json\/wp\/v2\/media?parent=1861"}],"curies":[{"name":"wp","href":"https:\/\/api.w.org\/{rel}","templated":true}]}}