{"id":1813,"date":"2021-09-27T14:29:02","date_gmt":"2021-09-27T12:29:02","guid":{"rendered":"https:\/\/camping-lestaubiere.fr\/?page_id=1813"},"modified":"2025-07-22T11:42:07","modified_gmt":"2025-07-22T09:42:07","slug":"camping-perigueux","status":"publish","type":"page","link":"https:\/\/camping-lestaubiere.fr\/fr\/camping-perigueux\/","title":{"rendered":"P\u00e9rigueux"},"content":{"rendered":"<section id=\"section-614841dd5d83e\"\" class=\"section bg-white p-b-0\" \/><div class=\"container\"><h1 class=\"element section-title center color2\">Visiter P\u00e9rigueux<\/h1><\/div><\/section>\n\n<section id=\"section-614841dd5db9d\"\" class=\"section bg-white p-b-0\" \/><div class=\"container extralarge\"><div class=\"colonnes-wrap valign-middle \"><div class=\"element colonne p-r-5\"><h2 class=\"element section-title left color1\">\u00c0 voir \u00e0 P\u00e9rigueux<\/h2><div class=\"element bloc-text left \">\n\t<p>P\u00e9rigueux est \u00e0 30 minutes du camping. Une <strong class=\"bold color3\">ville agr\u00e9able<\/strong> o\u00f9 il y a beaucoup \u00e0 faire. Top 5 des incontournables \u00e0 voir \u00e0 P\u00e9rigueux.<\/p>\n<ul>\n<li>Cath\u00e9drale Saint-Front au centre de la vieille ville de P\u00e9rigueux.<\/li>\n<li>Le jardin des Ar\u00e8nes, magnifique <strong class=\"bold color3\">jardin<\/strong> public am\u00e9nag\u00e9.<\/li>\n<li>Mus\u00e9e militaire du P\u00e9rigord, l\u2019un des plus beaux mus\u00e9es de France sur la th\u00e9matique militaire.<\/li>\n<li>La <a href=\"https:\/\/villa-mauresque.com\/\" rel=\"noopener\" target=\"_blank\">Villa Mauresque<\/a>, laissez-vous surprendre par une <strong class=\"bold color3\">architecture<\/strong> venue tout droit d\u2019Orient, tout en arpentant les rues de P\u00e9rigueux.<\/li>\n<li>Parc Gamenson, plus d\u2019un hectare, orn\u00e9 de grands arbres. Cet espace accueille r\u00e9guli\u00e8rement des \u00e9v\u00e8nements culturels.<\/li>\n<\/ul>\n<\/div><\/div><div class=\"element colonne fancybox-multi\"><div class=\"element fancybox-container\"><a class=\"fancybox\" href=\"https:\/\/camping-lestaubiere.fr\/wp-content\/uploads\/2021\/09\/camping-tourisme-perigueux-cathedrale-saint-front.jpg\"><img decoding=\"async\" src=\"https:\/\/camping-lestaubiere.fr\/wp-content\/uploads\/2021\/09\/camping-tourisme-perigueux-cathedrale-saint-front-100x67.jpg\" data-src=\"https:\/\/camping-lestaubiere.fr\/wp-content\/uploads\/2021\/09\/camping-tourisme-perigueux-cathedrale-saint-front.jpg\" alt=\"camping perigueux cathedrale saint front\" class=\"images_image\" \/><\/a><a class=\"fancybox\" href=\"https:\/\/camping-lestaubiere.fr\/wp-content\/uploads\/2021\/09\/camping-tourisme-perigueux-architecture.jpg\"><img decoding=\"async\" src=\"https:\/\/camping-lestaubiere.fr\/wp-content\/uploads\/2021\/09\/camping-tourisme-perigueux-architecture-100x67.jpg\" data-src=\"https:\/\/camping-lestaubiere.fr\/wp-content\/uploads\/2021\/09\/camping-tourisme-perigueux-architecture.jpg\" alt=\"camping perigueux architecture\" class=\"images_image\" \/><\/a><a class=\"fancybox\" href=\"https:\/\/camping-lestaubiere.fr\/wp-content\/uploads\/2021\/09\/camping-perigueux-parc.jpg\"><img decoding=\"async\" src=\"https:\/\/camping-lestaubiere.fr\/wp-content\/uploads\/2021\/09\/camping-perigueux-parc-100x67.jpg\" data-src=\"https:\/\/camping-lestaubiere.fr\/wp-content\/uploads\/2021\/09\/camping-perigueux-parc.jpg\" alt=\"camping perigueux parc\" class=\"images_image\" \/><\/a><\/div><\/div><\/div><\/div><\/section>\n\n<section id=\"section-614841dd5de1f\"\" class=\"section bg-color5\" \/><div class=\"container extralarge\"><div class=\"colonnes-wrap valign-middle \"><div class=\"element colonne \"><div class=\"element fancybox-container\"><a class=\"fancybox\" href=\"https:\/\/camping-lestaubiere.fr\/wp-content\/uploads\/2021\/09\/camping-perigueux-quais-de-l-isle-1.jpg\"><img decoding=\"async\" src=\"https:\/\/camping-lestaubiere.fr\/wp-content\/uploads\/2021\/09\/camping-perigueux-quais-de-l-isle-1-100x67.jpg\" data-src=\"https:\/\/camping-lestaubiere.fr\/wp-content\/uploads\/2021\/09\/camping-perigueux-quais-de-l-isle-1.jpg\" alt=\"camping perigueux quais de l isle\" class=\"images_image\" \/><\/a><\/div><\/div><div class=\"element colonne p-l-5\"><h2 class=\"element section-title left color1\">\u00c0 faire \u00e0 P\u00e9rigueux<\/h2><div class=\"element bloc-text justify \">\n\t<p>P\u00e9rigueux \u00e0 30 km du camping. Voici notre Top 5 des choses \u00e0 faire \u00e0 P\u00e9rigueux :<\/p>\n<ul>\n<li>Voie verte des <strong class=\"bold color3\">berges de l\u2019Isle<\/strong> : balade \u00e0 pied ou \u00e0 v\u00e9lo, vous pourrez traverser la ville de P\u00e9rigueux, d\u2019une rive \u00e0 l\u2019autre, gr\u00e2ce aux passerelles am\u00e9nag\u00e9es.<\/li>\n<li><strong class=\"bold color3\">Petit train<\/strong> touristique de P\u00e9rigueux. En moins d\u2019une heure vous verrez les principaux sites.<\/li>\n<li>Les <strong class=\"bold color3\">march\u00e9s de P\u00e9rigueux<\/strong> : March\u00e9s traditionnels, march\u00e9 aux truffes\u2026renseignez-vous sur les jours de march\u00e9s, ils valent le d\u00e9tour.<\/li>\n<li>Pour une visite approfondie de P\u00e9rigueux, consultez l\u2019<a href=\"https:\/\/perigueux.fr\/\" rel=\"noopener\" target=\"_blank\">Office du Tourisme<\/a> pour r\u00e9server une visite guid\u00e9e.<\/li>\n<li>Pour les noctambules, il y a des march\u00e9s nocturnes, ainsi que des activit\u00e9s <strong class=\"bold color3\">d\u00e9couverte de P\u00e9rigueux la nuit<\/strong>.<\/li>\n<\/ul>\n<\/div><\/div><\/div><\/div><\/section>\n\n<section id=\"section-614841dd5df4d\"\" data-bg-opacite=\"0.2\"data-background=\"https:\/\/camping-lestaubiere.fr\/wp-content\/uploads\/2021\/09\/camping-tourisme-perigueux-musee-gallo-romain.jpg\"data-speed=\"0.8\"class=\"section parallax-section bg-white section--has-bg-img section_bg-parallax\" \/><div class=\"container full\"><\/div><\/section>\n\n<section id=\"section-614841dd5e1a6\"\" class=\"section bg-white\" \/><div class=\"container extralarge\"><div class=\"colonnes-wrap valign-middle \"><div class=\"element colonne p-r-5\"><h2 class=\"element section-title left color1\">Camping id\u00e9alement situ\u00e9 pour visiter P\u00e9rigueux<\/h2><div class=\"element bloc-text left \">\n\t<p>Le <a href=\"\/fr\/\" target=\"_blank\" rel=\"noopener\">camping Lestaubi\u00e8re<\/a> se trouve pr\u00e8s de P\u00e9rigueux, \u00e0 28 km, environ 30 minutes de route. La capitale du P\u00e9rigord, rapidement accessible depuis le camping, vous permet de s\u00e9journer \u00e0 petit prix dans un <strong class=\"bold color3\">environnement verdoyant<\/strong>, tout en profitant facilement de ce que la ville de P\u00e9rigueux a \u00e0 offrir.<\/p>\n<p>Le Camping propose un espace aquatique : piscine ext\u00e9rieure, pataugeoire s\u00e9par\u00e9e et un <strong class=\"bold color3\">\u00e9tang de p\u00eache<\/strong> accessible \u00e0 pied. Locations d\u2019h\u00e9bergements et d\u2019emplacements au meilleur prix sur le d\u00e9partement de <a href=\"\/fr\/tourisme-dordogne\/\">Dordogne<\/a>. Camping id\u00e9alement situ\u00e9, avec \u00e0 proximit\u00e9, une multitude de choses \u00e0 faire et \u00e0 voir et \u00e0 visiter comme <a href=\"\/fr\/camping-bergerac\/\">Bergerac<\/a>\u2026<\/p>\n<\/div><\/div><div class=\"element colonne \"><div class=\"element fancybox-container\"><a class=\"fancybox\" href=\"https:\/\/camping-lestaubiere.fr\/wp-content\/uploads\/2021\/09\/camping-tourisme-perigueux-marches.jpg\"><img decoding=\"async\" src=\"https:\/\/camping-lestaubiere.fr\/wp-content\/uploads\/2021\/09\/camping-tourisme-perigueux-marches-100x67.jpg\" data-src=\"https:\/\/camping-lestaubiere.fr\/wp-content\/uploads\/2021\/09\/camping-tourisme-perigueux-marches.jpg\" alt=\"camping  perigueux marches\" class=\"images_image\" \/><\/a><\/div><\/div><\/div><\/div><\/section>\n\n<section id=\"section-614841dd5e422\"\" class=\"section bg-white\" \/><div class=\"container large\"><div class=\"element section-title center titre-cta\">D\u00e9couvrez Bergerac et la Dordogne<\/div><ul class=\"liste-de-page\"><li class=\"element call-to-action carre call-to-action--style-1 call-to-action--big\"><a href=\"https:\/\/camping-lestaubiere.fr\/fr\/camping-animations-douville\/\"  class=\"call-to-action_link\" title=\"En savoir plus sur animations\"><div class=\"call-to-action_image\"><img decoding=\"async\" src=\"https:\/\/camping-lestaubiere.fr\/wp-content\/uploads\/2022\/11\/Balancoire-100x75.jpg\" data-src=\"https:\/\/camping-lestaubiere.fr\/wp-content\/uploads\/2022\/11\/Balancoire.jpg\" alt=\"\" class=\"big\" \/><\/div><div class=\"call-to-action_contenu\"><div class=\"call-to-action_titre\">Animations<\/div><\/div><\/a><\/li><li class=\"element call-to-action carre call-to-action--style-1 call-to-action--big call-to-action--style-1 call-to-action--big\"><a href=\"https:\/\/camping-lestaubiere.fr\/fr\/camping-bergerac\/\"  class=\"call-to-action_link\" title=\"En savoir plus sur bergerac\"><div class=\"call-to-action_image\"><img decoding=\"async\" src=\"https:\/\/camping-lestaubiere.fr\/wp-content\/uploads\/2021\/09\/camping-tourisme-bergerac-vieux-pont-100x57.jpg\" data-src=\"https:\/\/camping-lestaubiere.fr\/wp-content\/uploads\/2021\/09\/camping-tourisme-bergerac-vieux-pont.jpg\" alt=\"camping tourisme bergerac vieux pont\" class=\"big\" \/><\/div><div class=\"call-to-action_contenu\"><div class=\"call-to-action_titre\">Bergerac<\/div><\/div><\/a><\/li><li class=\"element call-to-action carre call-to-action--style-1 call-to-action--big call-to-action--style-1 call-to-action--big call-to-action--style-1 call-to-action--big\"><a href=\"https:\/\/camping-lestaubiere.fr\/fr\/tourisme-dordogne\/\"  class=\"call-to-action_link\" title=\"En savoir plus sur dordogne\"><div class=\"call-to-action_image\"><img decoding=\"async\" src=\"https:\/\/camping-lestaubiere.fr\/wp-content\/uploads\/2021\/09\/camping-tourisme-dordogne-pont-de-pierrel-100x57.jpg\" data-src=\"https:\/\/camping-lestaubiere.fr\/wp-content\/uploads\/2021\/09\/camping-tourisme-dordogne-pont-de-pierrel.jpg\" alt=\"camping dordogne pont de pierrel\" class=\"big\" \/><\/div><div class=\"call-to-action_contenu\"><div class=\"call-to-action_titre\">Dordogne<\/div><\/div><\/a><\/li><\/ul><\/div><\/section>","protected":false},"excerpt":{"rendered":"","protected":false},"author":1,"featured_media":1828,"parent":0,"menu_order":0,"comment_status":"closed","ping_status":"closed","template":"","meta":{"_acf_changed":false,"footnotes":""},"class_list":["post-1813","page","type-page","status-publish","has-post-thumbnail","hentry"],"acf":[],"yoast_head":"<!-- This site is optimized with the Yoast SEO plugin v25.2 - https:\/\/yoast.com\/wordpress\/plugins\/seo\/ -->\n<title>Visiter P\u00e9rigueux | \u00c0 faire et \u00e0 voir \u00e0 P\u00e9rigueux<\/title>\n<meta name=\"robots\" content=\"index, follow, max-snippet:-1, max-image-preview:large, max-video-preview:-1\" \/>\n<link rel=\"canonical\" href=\"https:\/\/camping-lestaubiere.fr\/fr\/camping-perigueux\/\" \/>\n<meta property=\"og:locale\" content=\"fr_FR\" \/>\n<meta property=\"og:type\" content=\"article\" \/>\n<meta property=\"og:title\" content=\"Visiter P\u00e9rigueux | \u00c0 faire et \u00e0 voir \u00e0 P\u00e9rigueux\" \/>\n<meta property=\"og:url\" content=\"https:\/\/camping-lestaubiere.fr\/fr\/camping-perigueux\/\" \/>\n<meta property=\"og:site_name\" content=\"Camping Lestaubi\u00e8re\" \/>\n<meta property=\"article:modified_time\" content=\"2025-07-22T09:42:07+00:00\" \/>\n<meta property=\"og:image\" content=\"https:\/\/camping-lestaubiere.fr\/wp-content\/uploads\/2021\/09\/camping-tourisme-perigueux-berges-de-l-isle.jpg\" \/>\n\t<meta property=\"og:image:width\" content=\"1900\" \/>\n\t<meta property=\"og:image:height\" content=\"700\" \/>\n\t<meta property=\"og:image:type\" content=\"image\/jpeg\" \/>\n<meta name=\"twitter:card\" content=\"summary_large_image\" \/>\n<meta name=\"twitter:label1\" content=\"Dur\u00e9e de lecture estim\u00e9e\" \/>\n\t<meta name=\"twitter:data1\" content=\"1 minute\" \/>\n<script type=\"application\/ld+json\" class=\"yoast-schema-graph\">{\"@context\":\"https:\/\/schema.org\",\"@graph\":[{\"@type\":\"WebPage\",\"@id\":\"https:\/\/camping-lestaubiere.fr\/fr\/camping-perigueux\/\",\"url\":\"https:\/\/camping-lestaubiere.fr\/fr\/camping-perigueux\/\",\"name\":\"Visiter P\u00e9rigueux | \u00c0 faire et \u00e0 voir \u00e0 P\u00e9rigueux\",\"isPartOf\":{\"@id\":\"https:\/\/camping-lestaubiere.fr\/fr\/#website\"},\"primaryImageOfPage\":{\"@id\":\"https:\/\/camping-lestaubiere.fr\/fr\/camping-perigueux\/#primaryimage\"},\"image\":{\"@id\":\"https:\/\/camping-lestaubiere.fr\/fr\/camping-perigueux\/#primaryimage\"},\"thumbnailUrl\":\"https:\/\/camping-lestaubiere.fr\/wp-content\/uploads\/2021\/09\/camping-tourisme-perigueux-berges-de-l-isle.jpg\",\"datePublished\":\"2021-09-27T12:29:02+00:00\",\"dateModified\":\"2025-07-22T09:42:07+00:00\",\"breadcrumb\":{\"@id\":\"https:\/\/camping-lestaubiere.fr\/fr\/camping-perigueux\/#breadcrumb\"},\"inLanguage\":\"fr-FR\",\"potentialAction\":[{\"@type\":\"ReadAction\",\"target\":[\"https:\/\/camping-lestaubiere.fr\/fr\/camping-perigueux\/\"]}]},{\"@type\":\"ImageObject\",\"inLanguage\":\"fr-FR\",\"@id\":\"https:\/\/camping-lestaubiere.fr\/fr\/camping-perigueux\/#primaryimage\",\"url\":\"https:\/\/camping-lestaubiere.fr\/wp-content\/uploads\/2021\/09\/camping-tourisme-perigueux-berges-de-l-isle.jpg\",\"contentUrl\":\"https:\/\/camping-lestaubiere.fr\/wp-content\/uploads\/2021\/09\/camping-tourisme-perigueux-berges-de-l-isle.jpg\",\"width\":1900,\"height\":700,\"caption\":\"camping tourisme perigueux berges de l isle\"},{\"@type\":\"BreadcrumbList\",\"@id\":\"https:\/\/camping-lestaubiere.fr\/fr\/camping-perigueux\/#breadcrumb\",\"itemListElement\":[{\"@type\":\"ListItem\",\"position\":1,\"name\":\"Camping Dordogne\",\"item\":\"https:\/\/camping-lestaubiere.fr\/fr\/\"},{\"@type\":\"ListItem\",\"position\":2,\"name\":\"Tourisme \u00e0 P\u00e9rigueux\"}]},{\"@type\":\"WebSite\",\"@id\":\"https:\/\/camping-lestaubiere.fr\/fr\/#website\",\"url\":\"https:\/\/camping-lestaubiere.fr\/fr\/\",\"name\":\"Camping Lestaubi\u00e8re\",\"description\":\"\",\"publisher\":{\"@id\":\"https:\/\/camping-lestaubiere.fr\/fr\/#organization\"},\"potentialAction\":[{\"@type\":\"SearchAction\",\"target\":{\"@type\":\"EntryPoint\",\"urlTemplate\":\"https:\/\/camping-lestaubiere.fr\/fr\/?s={search_term_string}\"},\"query-input\":{\"@type\":\"PropertyValueSpecification\",\"valueRequired\":true,\"valueName\":\"search_term_string\"}}],\"inLanguage\":\"fr-FR\"},{\"@type\":\"Organization\",\"@id\":\"https:\/\/camping-lestaubiere.fr\/fr\/#organization\",\"name\":\"Camping Lestaubiere\",\"url\":\"https:\/\/camping-lestaubiere.fr\/fr\/\",\"logo\":{\"@type\":\"ImageObject\",\"inLanguage\":\"fr-FR\",\"@id\":\"https:\/\/camping-lestaubiere.fr\/fr\/#\/schema\/logo\/image\/\",\"url\":\"https:\/\/camping-lestaubiere.fr\/wp-content\/uploads\/2021\/09\/logo-camping-lestaubiere.png\",\"contentUrl\":\"https:\/\/camping-lestaubiere.fr\/wp-content\/uploads\/2021\/09\/logo-camping-lestaubiere.png\",\"width\":259,\"height\":89,\"caption\":\"Camping Lestaubiere\"},\"image\":{\"@id\":\"https:\/\/camping-lestaubiere.fr\/fr\/#\/schema\/logo\/image\/\"}}]}<\/script>\n<!-- \/ Yoast SEO plugin. -->","yoast_head_json":{"title":"Visiter P\u00e9rigueux | \u00c0 faire et \u00e0 voir \u00e0 P\u00e9rigueux","robots":{"index":"index","follow":"follow","max-snippet":"max-snippet:-1","max-image-preview":"max-image-preview:large","max-video-preview":"max-video-preview:-1"},"canonical":"https:\/\/camping-lestaubiere.fr\/fr\/camping-perigueux\/","og_locale":"fr_FR","og_type":"article","og_title":"Visiter P\u00e9rigueux | \u00c0 faire et \u00e0 voir \u00e0 P\u00e9rigueux","og_url":"https:\/\/camping-lestaubiere.fr\/fr\/camping-perigueux\/","og_site_name":"Camping Lestaubi\u00e8re","article_modified_time":"2025-07-22T09:42:07+00:00","og_image":[{"width":1900,"height":700,"url":"https:\/\/camping-lestaubiere.fr\/wp-content\/uploads\/2021\/09\/camping-tourisme-perigueux-berges-de-l-isle.jpg","type":"image\/jpeg"}],"twitter_card":"summary_large_image","twitter_misc":{"Dur\u00e9e de lecture estim\u00e9e":"1 minute"},"schema":{"@context":"https:\/\/schema.org","@graph":[{"@type":"WebPage","@id":"https:\/\/camping-lestaubiere.fr\/fr\/camping-perigueux\/","url":"https:\/\/camping-lestaubiere.fr\/fr\/camping-perigueux\/","name":"Visiter P\u00e9rigueux | \u00c0 faire et \u00e0 voir \u00e0 P\u00e9rigueux","isPartOf":{"@id":"https:\/\/camping-lestaubiere.fr\/fr\/#website"},"primaryImageOfPage":{"@id":"https:\/\/camping-lestaubiere.fr\/fr\/camping-perigueux\/#primaryimage"},"image":{"@id":"https:\/\/camping-lestaubiere.fr\/fr\/camping-perigueux\/#primaryimage"},"thumbnailUrl":"https:\/\/camping-lestaubiere.fr\/wp-content\/uploads\/2021\/09\/camping-tourisme-perigueux-berges-de-l-isle.jpg","datePublished":"2021-09-27T12:29:02+00:00","dateModified":"2025-07-22T09:42:07+00:00","breadcrumb":{"@id":"https:\/\/camping-lestaubiere.fr\/fr\/camping-perigueux\/#breadcrumb"},"inLanguage":"fr-FR","potentialAction":[{"@type":"ReadAction","target":["https:\/\/camping-lestaubiere.fr\/fr\/camping-perigueux\/"]}]},{"@type":"ImageObject","inLanguage":"fr-FR","@id":"https:\/\/camping-lestaubiere.fr\/fr\/camping-perigueux\/#primaryimage","url":"https:\/\/camping-lestaubiere.fr\/wp-content\/uploads\/2021\/09\/camping-tourisme-perigueux-berges-de-l-isle.jpg","contentUrl":"https:\/\/camping-lestaubiere.fr\/wp-content\/uploads\/2021\/09\/camping-tourisme-perigueux-berges-de-l-isle.jpg","width":1900,"height":700,"caption":"camping tourisme perigueux berges de l isle"},{"@type":"BreadcrumbList","@id":"https:\/\/camping-lestaubiere.fr\/fr\/camping-perigueux\/#breadcrumb","itemListElement":[{"@type":"ListItem","position":1,"name":"Camping Dordogne","item":"https:\/\/camping-lestaubiere.fr\/fr\/"},{"@type":"ListItem","position":2,"name":"Tourisme \u00e0 P\u00e9rigueux"}]},{"@type":"WebSite","@id":"https:\/\/camping-lestaubiere.fr\/fr\/#website","url":"https:\/\/camping-lestaubiere.fr\/fr\/","name":"Camping Lestaubi\u00e8re","description":"","publisher":{"@id":"https:\/\/camping-lestaubiere.fr\/fr\/#organization"},"potentialAction":[{"@type":"SearchAction","target":{"@type":"EntryPoint","urlTemplate":"https:\/\/camping-lestaubiere.fr\/fr\/?s={search_term_string}"},"query-input":{"@type":"PropertyValueSpecification","valueRequired":true,"valueName":"search_term_string"}}],"inLanguage":"fr-FR"},{"@type":"Organization","@id":"https:\/\/camping-lestaubiere.fr\/fr\/#organization","name":"Camping Lestaubiere","url":"https:\/\/camping-lestaubiere.fr\/fr\/","logo":{"@type":"ImageObject","inLanguage":"fr-FR","@id":"https:\/\/camping-lestaubiere.fr\/fr\/#\/schema\/logo\/image\/","url":"https:\/\/camping-lestaubiere.fr\/wp-content\/uploads\/2021\/09\/logo-camping-lestaubiere.png","contentUrl":"https:\/\/camping-lestaubiere.fr\/wp-content\/uploads\/2021\/09\/logo-camping-lestaubiere.png","width":259,"height":89,"caption":"Camping Lestaubiere"},"image":{"@id":"https:\/\/camping-lestaubiere.fr\/fr\/#\/schema\/logo\/image\/"}}]}},"_links":{"self":[{"href":"https:\/\/camping-lestaubiere.fr\/fr\/wp-json\/wp\/v2\/pages\/1813","targetHints":{"allow":["GET"]}}],"collection":[{"href":"https:\/\/camping-lestaubiere.fr\/fr\/wp-json\/wp\/v2\/pages"}],"about":[{"href":"https:\/\/camping-lestaubiere.fr\/fr\/wp-json\/wp\/v2\/types\/page"}],"author":[{"embeddable":true,"href":"https:\/\/camping-lestaubiere.fr\/fr\/wp-json\/wp\/v2\/users\/1"}],"replies":[{"embeddable":true,"href":"https:\/\/camping-lestaubiere.fr\/fr\/wp-json\/wp\/v2\/comments?post=1813"}],"version-history":[{"count":32,"href":"https:\/\/camping-lestaubiere.fr\/fr\/wp-json\/wp\/v2\/pages\/1813\/revisions"}],"predecessor-version":[{"id":4019,"href":"https:\/\/camping-lestaubiere.fr\/fr\/wp-json\/wp\/v2\/pages\/1813\/revisions\/4019"}],"wp:featuredmedia":[{"embeddable":true,"href":"https:\/\/camping-lestaubiere.fr\/fr\/wp-json\/wp\/v2\/media\/1828"}],"wp:attachment":[{"href":"https:\/\/camping-lestaubiere.fr\/fr\/wp-json\/wp\/v2\/media?parent=1813"}],"curies":[{"name":"wp","href":"https:\/\/api.w.org\/{rel}","templated":true}]}}