{"id":1756,"date":"2021-09-27T12:22:13","date_gmt":"2021-09-27T10:22:13","guid":{"rendered":"https:\/\/camping-lestaubiere.fr\/?page_id=1756"},"modified":"2025-07-22T11:42:08","modified_gmt":"2025-07-22T09:42:08","slug":"tourisme-dordogne","status":"publish","type":"page","link":"https:\/\/camping-lestaubiere.fr\/fr\/tourisme-dordogne\/","title":{"rendered":"Les alentours"},"content":{"rendered":"<section id=\"section-614841dd5d83e\"\" class=\"section bg-white p-b-0\" \/><div class=\"container\"><h1 class=\"element section-title center color2\">Tourisme en Dordogne<\/h1><\/div><\/section>\n\n<section id=\"section-614841dd5db9d\"\" class=\"section bg-white p-b-0\" \/><div class=\"container extralarge\"><div class=\"colonnes-wrap valign-middle \"><div class=\"element colonne p-r-5\"><h2 class=\"element section-title left color1\">Lieux \u00e0 visiter en Dordogne<\/h2><div class=\"element bloc-text left \">\n\t<p>Qu\u2019y a-t-il \u00e0 voir et \u00e0 faire absolument en Dordogne ?<br \/>\nTop 5 des visites \u00e0 faire \u00e0 proximit\u00e9 du <a href=\"\/fr\/\">camping \u00e0 Douville<\/a> :<\/p>\n<ul>\n<li><a href=\"https:\/\/www.lascaux-ii.fr\/fr\" target=\"_blank\" rel=\"noopener\">Grotte de Lascaux II<\/a> \u00e0 78 km : la plus c\u00e9l\u00e8bre des grottes pr\u00e9historiques.<\/li>\n<li><a href=\"https:\/\/castelnaud.com\/\" target=\"_blank\" rel=\"noopener\">Ch\u00e2teau de Castelnaud<\/a> \u00e0 63 km : Vous aimez le <strong class=\"bold color3\">Moyen-Age<\/strong>, les chevaliers ? nombreuses d\u2019animations qui vous transporteront dans l\u2019ambiance m\u00e9di\u00e9vale de cette forteresse du XIIIe si\u00e8cle.<\/li>\n<li><a href=\"https:\/\/musee-prehistoire-eyzies.fr\/\" target=\"_blank\" rel=\"noopener\">Mus\u00e9e national de la Pr\u00e9histoire<\/a> : \u00c0 44 km, ce mus\u00e9e est un incontournable de la r\u00e9gion, avec ses <strong class=\"bold color3\">reconstitutions<\/strong> tr\u00e8s r\u00e9alistes d\u2019hommes pr\u00e9historiques et d\u2019animaux disparus.<\/li>\n<li><a href=\"http:\/\/www.perigordnoir-valleedordogne.com\/fr\/patrimoine-culturel\/musee\/loustal-du-perigord\" target=\"_blank\" rel=\"noopener\">L\u2019Oustal du P\u00e9rigord<\/a> : <strong class=\"bold color3\">Mus\u00e9e<\/strong> des arts et des traditions, v\u00e9ritable immersion dans le quotidien des paysans p\u00e9rigourdins.<\/li>\n<li><a href=\"https:\/\/www.gouffre-proumeyssac.com\/\" target=\"_blank\" rel=\"noopener\">Gouffre de Proumeyssac<\/a>, \u00e0 40 km, le plus grand gouffre de Dordogne.<\/li>\n<\/ul>\n<\/div><\/div><div class=\"element colonne fancybox-multi\"><div class=\"element fancybox-container\"><a class=\"fancybox\" href=\"https:\/\/camping-lestaubiere.fr\/wp-content\/uploads\/2021\/09\/camping-tourisme-dordogne-chateau.jpg\"><img decoding=\"async\" src=\"https:\/\/camping-lestaubiere.fr\/wp-content\/uploads\/2021\/09\/camping-tourisme-dordogne-chateau-100x67.jpg\" data-src=\"https:\/\/camping-lestaubiere.fr\/wp-content\/uploads\/2021\/09\/camping-tourisme-dordogne-chateau.jpg\" alt=\"camping tourisme dordogne chateau\" class=\"images_image\" \/><\/a><a class=\"fancybox\" href=\"https:\/\/camping-lestaubiere.fr\/wp-content\/uploads\/2021\/09\/camping-tourisme-dordogne-grotte-lascaux.jpg\"><img decoding=\"async\" src=\"https:\/\/camping-lestaubiere.fr\/wp-content\/uploads\/2021\/09\/camping-tourisme-dordogne-grotte-lascaux-100x67.jpg\" data-src=\"https:\/\/camping-lestaubiere.fr\/wp-content\/uploads\/2021\/09\/camping-tourisme-dordogne-grotte-lascaux.jpg\" alt=\"camping tourisme dordogne oustal du perigord\" class=\"images_image\" \/><\/a><a class=\"fancybox\" href=\"https:\/\/camping-lestaubiere.fr\/wp-content\/uploads\/2021\/09\/camping-tourisme-dordogne-parc-le-bournat.jpg\"><img decoding=\"async\" src=\"https:\/\/camping-lestaubiere.fr\/wp-content\/uploads\/2021\/09\/camping-tourisme-dordogne-parc-le-bournat-100x67.jpg\" data-src=\"https:\/\/camping-lestaubiere.fr\/wp-content\/uploads\/2021\/09\/camping-tourisme-dordogne-parc-le-bournat.jpg\" alt=\"camping tourisme dordogne parc le bournat\" class=\"images_image\" \/><\/a><\/div><\/div><\/div><\/div><\/section>\n\n<section id=\"section-614841dd5de1f\"\" class=\"section bg-color5\" \/><div class=\"container extralarge\"><div class=\"colonnes-wrap valign-middle \"><div class=\"element colonne \"><div class=\"element fancybox-container\"><a class=\"fancybox\" href=\"https:\/\/camping-lestaubiere.fr\/wp-content\/uploads\/2022\/11\/1920-1080-Aqua-2022.jpg\"><img decoding=\"async\" src=\"https:\/\/camping-lestaubiere.fr\/wp-content\/uploads\/2022\/11\/1920-1080-Aqua-2022-100x56.jpg\" data-src=\"https:\/\/camping-lestaubiere.fr\/wp-content\/uploads\/2022\/11\/1920-1080-Aqua-2022.jpg\" alt=\"camping tourisme dordogne grotte lascaux\" class=\"images_image\" \/><\/a><\/div><\/div><div class=\"element colonne p-l-5\"><h2 class=\"element section-title left color1\">Activit\u00e9s \u00e0 faire en Dordogne<\/h2><div class=\"element bloc-text left \">\n\t<ul>\n<li>Visite de l\u2019<a href=\"https:\/\/aquariumperigordnoir.com\/\" rel=\"noopener\" target=\"_blank\">Aquarium du P\u00e9rigord Noir<\/a> \u00e0 37 km du camping, plus de 6000 poissons vous attendent.<\/li>\n<li>Journ\u00e9e au <a href=\"https:\/\/www.parclebournat.fr\/fr\/\" rel=\"noopener\" target=\"_blank\">Parc le Bournat<\/a> \u00e0 37 km : Reconstitution d\u2019un village typique du P\u00e9rigord des ann\u00e9es 1900 comme si vous y \u00e9tiez.<\/li>\n<li><strong class=\"bold color3\">Cano\u00eb<\/strong> le long de belles rivi\u00e8res, sur la Dordogne, sur la V\u00e9z\u00e8re, sur l\u2019\u00eele ou sur la Dronne<\/li>\n<li><strong class=\"bold color3\">Randonn\u00e9es<\/strong> : Le sentier des Meuli\u00e8res, la Boucle des ponts, ou les Roches enchant\u00e9es, sont de <strong class=\"bold color3\">beaux sentiers de marche<\/strong> en famille ou entre amis.<\/li>\n<li><strong class=\"bold color3\">Baignades<\/strong> : lacs, rivi\u00e8res, bases nautiques, et autres plans d\u2019eau : Les journ\u00e9es propices \u00e0 la <strong class=\"bold color3\">baignade<\/strong> ne manquent pas en Dordogne.<\/li>\n<\/ul>\n<\/div><\/div><\/div><\/div><\/section>\n\n<section id=\"section-614841dd5df4d\"\" data-bg-opacite=\"0.2\"data-background=\"https:\/\/camping-lestaubiere.fr\/wp-content\/uploads\/2021\/09\/camping-tourisme-dordogne-bergerac.jpg\"data-speed=\"0.8\"class=\"section parallax-section bg-white section--has-bg-img section_bg-parallax\" \/><div class=\"container full\"><\/div><\/section>\n\n<section id=\"section-614841dd5e1a6\"\" class=\"section bg-white\" \/><div class=\"container extralarge\"><div class=\"colonnes-wrap valign-middle \"><div class=\"element colonne p-r-5\"><h2 class=\"element section-title left color1\">Les plus beaux villages de Dordogne<\/h2><div class=\"element bloc-text left \">\n\t<p>La Dordogne est un d\u00e9partement o\u00f9 de nombreux <strong class=\"bold color3\">villages class\u00e9s<\/strong> \u00e9merveillent les visiteurs.<br \/>\nPetite s\u00e9lection des plus villages \u00e0 visiter :<\/p>\n<ul>\n<li>La Roque-Gageac : village m\u00e9di\u00e9val exceptionnellement conserv\u00e9.<\/li>\n<li><a href=\"https:\/\/limeuil-en-perigord.com\/\" target=\"_blank\" rel=\"noopener\">Limeuil<\/a> : si vous aimez les rivi\u00e8res et les ponts en pierre.<\/li>\n<li><a href=\"http:\/\/www.domme.fr\/\" target=\"_blank\" rel=\"noopener\">Domme<\/a> : ce beau village de Dordogne abrite la grotte de Domme, \u00e0 voir !<\/li>\n<li><a href=\"https:\/\/www.belves-en-perigord.com\/\" target=\"_blank\" rel=\"noopener\">Belv\u00e8s<\/a> : Allez voir la place des Armes, et profitez de la <strong class=\"bold color3\">vue imprenable<\/strong> des paysages environnants.<\/li>\n<li><a href=\"https:\/\/www.monpazier.fr\/\" target=\"_blank\" rel=\"noopener\">Monpazier<\/a> : visitez la bastide de Monpazier et prenez le temps de fl\u00e2ner dans les petites ruelles.<\/li>\n<\/ul>\n<p>De nombreuses villes sont \u00e9galement \u00e0 visiter telles <a href=\"\/fr\/camping-bergerac\/\">Bergerac<\/a> ou encore <a href=\"\/fr\/camping-perigueux\/\">P\u00e9rigueux<\/a> durant votre s\u00e9jour au <a href=\"\/fr\/camping-bord-etang-douville\/\">camping avec \u00e9tang de p\u00eache<\/a> en Dordogne.<\/p>\n<\/div><\/div><div class=\"element colonne \"><div class=\"element fancybox-container\"><a class=\"fancybox\" href=\"https:\/\/camping-lestaubiere.fr\/wp-content\/uploads\/2021\/09\/camping-tourisme-dordogne-kayak.jpg\"><img decoding=\"async\" src=\"https:\/\/camping-lestaubiere.fr\/wp-content\/uploads\/2021\/09\/camping-tourisme-dordogne-kayak-100x67.jpg\" data-src=\"https:\/\/camping-lestaubiere.fr\/wp-content\/uploads\/2021\/09\/camping-tourisme-dordogne-kayak.jpg\" alt=\"camping tourisme dordogne kayak\" class=\"images_image\" \/><\/a><\/div><\/div><\/div><\/div><\/section>\n\n<section id=\"section-614841dd5e422\"\" class=\"section bg-white\" \/><div class=\"container large\"><div class=\"element section-title center titre-cta\">Visitez Bergerac et P\u00e9rigueux<\/div><ul class=\"liste-de-page\"><li class=\"element call-to-action carre call-to-action--style-1 call-to-action--big\"><a href=\"https:\/\/camping-lestaubiere.fr\/fr\/camping-perigueux\/\"  class=\"call-to-action_link\" title=\"En savoir plus sur p\u00e9rigueux\"><div class=\"call-to-action_image\"><img decoding=\"async\" src=\"https:\/\/camping-lestaubiere.fr\/wp-content\/uploads\/2021\/09\/camping-perigueux-berges-de-l-isle-100x57.jpg\" data-src=\"https:\/\/camping-lestaubiere.fr\/wp-content\/uploads\/2021\/09\/camping-perigueux-berges-de-l-isle.jpg\" alt=\"camping perigueux berges de l isle\" class=\"big\" \/><\/div><div class=\"call-to-action_contenu\"><div class=\"call-to-action_titre\">P\u00e9rigueux<\/div><\/div><\/a><\/li><li class=\"element call-to-action carre call-to-action--style-1 call-to-action--big call-to-action--style-1 call-to-action--big\"><a href=\"https:\/\/camping-lestaubiere.fr\/fr\/camping-animations-douville\/\"  class=\"call-to-action_link\" title=\"En savoir plus sur animations\"><div class=\"call-to-action_image\"><img decoding=\"async\" src=\"https:\/\/camping-lestaubiere.fr\/wp-content\/uploads\/2022\/11\/Balancoire-100x75.jpg\" data-src=\"https:\/\/camping-lestaubiere.fr\/wp-content\/uploads\/2022\/11\/Balancoire.jpg\" alt=\"\" class=\"big\" \/><\/div><div class=\"call-to-action_contenu\"><div class=\"call-to-action_titre\">Animations<\/div><\/div><\/a><\/li><li class=\"element call-to-action carre call-to-action--style-1 call-to-action--big call-to-action--style-1 call-to-action--big call-to-action--style-1 call-to-action--big\"><a href=\"https:\/\/camping-lestaubiere.fr\/fr\/camping-bergerac\/\"  class=\"call-to-action_link\" title=\"En savoir plus sur bergerac\"><div class=\"call-to-action_image\"><img decoding=\"async\" src=\"https:\/\/camping-lestaubiere.fr\/wp-content\/uploads\/2021\/09\/camping-tourisme-bergerac-vieux-pont-100x57.jpg\" data-src=\"https:\/\/camping-lestaubiere.fr\/wp-content\/uploads\/2021\/09\/camping-tourisme-bergerac-vieux-pont.jpg\" alt=\"camping tourisme bergerac vieux pont\" class=\"big\" \/><\/div><div class=\"call-to-action_contenu\"><div class=\"call-to-action_titre\">Bergerac<\/div><\/div><\/a><\/li><\/ul><\/div><\/section>","protected":false},"excerpt":{"rendered":"","protected":false},"author":1,"featured_media":1769,"parent":0,"menu_order":0,"comment_status":"closed","ping_status":"closed","template":"","meta":{"_acf_changed":false,"footnotes":""},"class_list":["post-1756","page","type-page","status-publish","has-post-thumbnail","hentry"],"acf":[],"yoast_head":"<!-- This site is optimized with the Yoast SEO plugin v25.2 - https:\/\/yoast.com\/wordpress\/plugins\/seo\/ -->\n<title>Tourisme Dordogne | \u00c0 faire et \u00e0 voir en Dordogne | Visite Dordogne<\/title>\n<meta name=\"robots\" content=\"index, follow, max-snippet:-1, max-image-preview:large, max-video-preview:-1\" \/>\n<link rel=\"canonical\" href=\"https:\/\/camping-lestaubiere.fr\/fr\/tourisme-dordogne\/\" \/>\n<meta property=\"og:locale\" content=\"fr_FR\" \/>\n<meta property=\"og:type\" content=\"article\" \/>\n<meta property=\"og:title\" content=\"Tourisme Dordogne | \u00c0 faire et \u00e0 voir en Dordogne | Visite Dordogne\" \/>\n<meta property=\"og:url\" content=\"https:\/\/camping-lestaubiere.fr\/fr\/tourisme-dordogne\/\" \/>\n<meta property=\"og:site_name\" content=\"Camping Lestaubi\u00e8re\" \/>\n<meta property=\"article:modified_time\" content=\"2025-07-22T09:42:08+00:00\" \/>\n<meta property=\"og:image\" content=\"https:\/\/camping-lestaubiere.fr\/wp-content\/uploads\/2021\/09\/camping-tourisme-dordogne-limeuil.jpg\" \/>\n\t<meta property=\"og:image:width\" content=\"1900\" \/>\n\t<meta property=\"og:image:height\" content=\"700\" \/>\n\t<meta property=\"og:image:type\" content=\"image\/jpeg\" \/>\n<meta name=\"twitter:card\" content=\"summary_large_image\" \/>\n<meta name=\"twitter:label1\" content=\"Dur\u00e9e de lecture estim\u00e9e\" \/>\n\t<meta name=\"twitter:data1\" content=\"1 minute\" \/>\n<script type=\"application\/ld+json\" class=\"yoast-schema-graph\">{\"@context\":\"https:\/\/schema.org\",\"@graph\":[{\"@type\":\"WebPage\",\"@id\":\"https:\/\/camping-lestaubiere.fr\/fr\/tourisme-dordogne\/\",\"url\":\"https:\/\/camping-lestaubiere.fr\/fr\/tourisme-dordogne\/\",\"name\":\"Tourisme Dordogne | \u00c0 faire et \u00e0 voir en Dordogne | Visite Dordogne\",\"isPartOf\":{\"@id\":\"https:\/\/camping-lestaubiere.fr\/fr\/#website\"},\"primaryImageOfPage\":{\"@id\":\"https:\/\/camping-lestaubiere.fr\/fr\/tourisme-dordogne\/#primaryimage\"},\"image\":{\"@id\":\"https:\/\/camping-lestaubiere.fr\/fr\/tourisme-dordogne\/#primaryimage\"},\"thumbnailUrl\":\"https:\/\/camping-lestaubiere.fr\/wp-content\/uploads\/2021\/09\/camping-tourisme-dordogne-limeuil.jpg\",\"datePublished\":\"2021-09-27T10:22:13+00:00\",\"dateModified\":\"2025-07-22T09:42:08+00:00\",\"breadcrumb\":{\"@id\":\"https:\/\/camping-lestaubiere.fr\/fr\/tourisme-dordogne\/#breadcrumb\"},\"inLanguage\":\"fr-FR\",\"potentialAction\":[{\"@type\":\"ReadAction\",\"target\":[\"https:\/\/camping-lestaubiere.fr\/fr\/tourisme-dordogne\/\"]}]},{\"@type\":\"ImageObject\",\"inLanguage\":\"fr-FR\",\"@id\":\"https:\/\/camping-lestaubiere.fr\/fr\/tourisme-dordogne\/#primaryimage\",\"url\":\"https:\/\/camping-lestaubiere.fr\/wp-content\/uploads\/2021\/09\/camping-tourisme-dordogne-limeuil.jpg\",\"contentUrl\":\"https:\/\/camping-lestaubiere.fr\/wp-content\/uploads\/2021\/09\/camping-tourisme-dordogne-limeuil.jpg\",\"width\":1900,\"height\":700,\"caption\":\"camping tourisme dordogne limeuil\"},{\"@type\":\"BreadcrumbList\",\"@id\":\"https:\/\/camping-lestaubiere.fr\/fr\/tourisme-dordogne\/#breadcrumb\",\"itemListElement\":[{\"@type\":\"ListItem\",\"position\":1,\"name\":\"Camping Dordogne\",\"item\":\"https:\/\/camping-lestaubiere.fr\/fr\/\"},{\"@type\":\"ListItem\",\"position\":2,\"name\":\"D\u00e9couvrir la Dordogne\"}]},{\"@type\":\"WebSite\",\"@id\":\"https:\/\/camping-lestaubiere.fr\/fr\/#website\",\"url\":\"https:\/\/camping-lestaubiere.fr\/fr\/\",\"name\":\"Camping Lestaubi\u00e8re\",\"description\":\"\",\"publisher\":{\"@id\":\"https:\/\/camping-lestaubiere.fr\/fr\/#organization\"},\"potentialAction\":[{\"@type\":\"SearchAction\",\"target\":{\"@type\":\"EntryPoint\",\"urlTemplate\":\"https:\/\/camping-lestaubiere.fr\/fr\/?s={search_term_string}\"},\"query-input\":{\"@type\":\"PropertyValueSpecification\",\"valueRequired\":true,\"valueName\":\"search_term_string\"}}],\"inLanguage\":\"fr-FR\"},{\"@type\":\"Organization\",\"@id\":\"https:\/\/camping-lestaubiere.fr\/fr\/#organization\",\"name\":\"Camping Lestaubiere\",\"url\":\"https:\/\/camping-lestaubiere.fr\/fr\/\",\"logo\":{\"@type\":\"ImageObject\",\"inLanguage\":\"fr-FR\",\"@id\":\"https:\/\/camping-lestaubiere.fr\/fr\/#\/schema\/logo\/image\/\",\"url\":\"https:\/\/camping-lestaubiere.fr\/wp-content\/uploads\/2021\/09\/logo-camping-lestaubiere.png\",\"contentUrl\":\"https:\/\/camping-lestaubiere.fr\/wp-content\/uploads\/2021\/09\/logo-camping-lestaubiere.png\",\"width\":259,\"height\":89,\"caption\":\"Camping Lestaubiere\"},\"image\":{\"@id\":\"https:\/\/camping-lestaubiere.fr\/fr\/#\/schema\/logo\/image\/\"}}]}<\/script>\n<!-- \/ Yoast SEO plugin. -->","yoast_head_json":{"title":"Tourisme Dordogne | \u00c0 faire et \u00e0 voir en Dordogne | Visite Dordogne","robots":{"index":"index","follow":"follow","max-snippet":"max-snippet:-1","max-image-preview":"max-image-preview:large","max-video-preview":"max-video-preview:-1"},"canonical":"https:\/\/camping-lestaubiere.fr\/fr\/tourisme-dordogne\/","og_locale":"fr_FR","og_type":"article","og_title":"Tourisme Dordogne | \u00c0 faire et \u00e0 voir en Dordogne | Visite Dordogne","og_url":"https:\/\/camping-lestaubiere.fr\/fr\/tourisme-dordogne\/","og_site_name":"Camping Lestaubi\u00e8re","article_modified_time":"2025-07-22T09:42:08+00:00","og_image":[{"width":1900,"height":700,"url":"https:\/\/camping-lestaubiere.fr\/wp-content\/uploads\/2021\/09\/camping-tourisme-dordogne-limeuil.jpg","type":"image\/jpeg"}],"twitter_card":"summary_large_image","twitter_misc":{"Dur\u00e9e de lecture estim\u00e9e":"1 minute"},"schema":{"@context":"https:\/\/schema.org","@graph":[{"@type":"WebPage","@id":"https:\/\/camping-lestaubiere.fr\/fr\/tourisme-dordogne\/","url":"https:\/\/camping-lestaubiere.fr\/fr\/tourisme-dordogne\/","name":"Tourisme Dordogne | \u00c0 faire et \u00e0 voir en Dordogne | Visite Dordogne","isPartOf":{"@id":"https:\/\/camping-lestaubiere.fr\/fr\/#website"},"primaryImageOfPage":{"@id":"https:\/\/camping-lestaubiere.fr\/fr\/tourisme-dordogne\/#primaryimage"},"image":{"@id":"https:\/\/camping-lestaubiere.fr\/fr\/tourisme-dordogne\/#primaryimage"},"thumbnailUrl":"https:\/\/camping-lestaubiere.fr\/wp-content\/uploads\/2021\/09\/camping-tourisme-dordogne-limeuil.jpg","datePublished":"2021-09-27T10:22:13+00:00","dateModified":"2025-07-22T09:42:08+00:00","breadcrumb":{"@id":"https:\/\/camping-lestaubiere.fr\/fr\/tourisme-dordogne\/#breadcrumb"},"inLanguage":"fr-FR","potentialAction":[{"@type":"ReadAction","target":["https:\/\/camping-lestaubiere.fr\/fr\/tourisme-dordogne\/"]}]},{"@type":"ImageObject","inLanguage":"fr-FR","@id":"https:\/\/camping-lestaubiere.fr\/fr\/tourisme-dordogne\/#primaryimage","url":"https:\/\/camping-lestaubiere.fr\/wp-content\/uploads\/2021\/09\/camping-tourisme-dordogne-limeuil.jpg","contentUrl":"https:\/\/camping-lestaubiere.fr\/wp-content\/uploads\/2021\/09\/camping-tourisme-dordogne-limeuil.jpg","width":1900,"height":700,"caption":"camping tourisme dordogne limeuil"},{"@type":"BreadcrumbList","@id":"https:\/\/camping-lestaubiere.fr\/fr\/tourisme-dordogne\/#breadcrumb","itemListElement":[{"@type":"ListItem","position":1,"name":"Camping Dordogne","item":"https:\/\/camping-lestaubiere.fr\/fr\/"},{"@type":"ListItem","position":2,"name":"D\u00e9couvrir la Dordogne"}]},{"@type":"WebSite","@id":"https:\/\/camping-lestaubiere.fr\/fr\/#website","url":"https:\/\/camping-lestaubiere.fr\/fr\/","name":"Camping Lestaubi\u00e8re","description":"","publisher":{"@id":"https:\/\/camping-lestaubiere.fr\/fr\/#organization"},"potentialAction":[{"@type":"SearchAction","target":{"@type":"EntryPoint","urlTemplate":"https:\/\/camping-lestaubiere.fr\/fr\/?s={search_term_string}"},"query-input":{"@type":"PropertyValueSpecification","valueRequired":true,"valueName":"search_term_string"}}],"inLanguage":"fr-FR"},{"@type":"Organization","@id":"https:\/\/camping-lestaubiere.fr\/fr\/#organization","name":"Camping Lestaubiere","url":"https:\/\/camping-lestaubiere.fr\/fr\/","logo":{"@type":"ImageObject","inLanguage":"fr-FR","@id":"https:\/\/camping-lestaubiere.fr\/fr\/#\/schema\/logo\/image\/","url":"https:\/\/camping-lestaubiere.fr\/wp-content\/uploads\/2021\/09\/logo-camping-lestaubiere.png","contentUrl":"https:\/\/camping-lestaubiere.fr\/wp-content\/uploads\/2021\/09\/logo-camping-lestaubiere.png","width":259,"height":89,"caption":"Camping Lestaubiere"},"image":{"@id":"https:\/\/camping-lestaubiere.fr\/fr\/#\/schema\/logo\/image\/"}}]}},"_links":{"self":[{"href":"https:\/\/camping-lestaubiere.fr\/fr\/wp-json\/wp\/v2\/pages\/1756","targetHints":{"allow":["GET"]}}],"collection":[{"href":"https:\/\/camping-lestaubiere.fr\/fr\/wp-json\/wp\/v2\/pages"}],"about":[{"href":"https:\/\/camping-lestaubiere.fr\/fr\/wp-json\/wp\/v2\/types\/page"}],"author":[{"embeddable":true,"href":"https:\/\/camping-lestaubiere.fr\/fr\/wp-json\/wp\/v2\/users\/1"}],"replies":[{"embeddable":true,"href":"https:\/\/camping-lestaubiere.fr\/fr\/wp-json\/wp\/v2\/comments?post=1756"}],"version-history":[{"count":45,"href":"https:\/\/camping-lestaubiere.fr\/fr\/wp-json\/wp\/v2\/pages\/1756\/revisions"}],"predecessor-version":[{"id":3938,"href":"https:\/\/camping-lestaubiere.fr\/fr\/wp-json\/wp\/v2\/pages\/1756\/revisions\/3938"}],"wp:featuredmedia":[{"embeddable":true,"href":"https:\/\/camping-lestaubiere.fr\/fr\/wp-json\/wp\/v2\/media\/1769"}],"wp:attachment":[{"href":"https:\/\/camping-lestaubiere.fr\/fr\/wp-json\/wp\/v2\/media?parent=1756"}],"curies":[{"name":"wp","href":"https:\/\/api.w.org\/{rel}","templated":true}]}}