{"id":2494,"date":"2021-09-27T14:29:02","date_gmt":"2021-09-27T12:29:02","guid":{"rendered":"https:\/\/camping-lestaubiere.fr\/camping-perigueux\/"},"modified":"2021-12-16T11:44:36","modified_gmt":"2021-12-16T10:44:36","slug":"campsite-perigueux","status":"publish","type":"page","link":"https:\/\/camping-lestaubiere.fr\/en\/campsite-perigueux\/","title":{"rendered":"P\u00e9rigueux"},"content":{"rendered":"<section id=\"section-614841dd5d83e\"\" class=\"section bg-white p-b-0\" \/><div class=\"container\"><h1 class=\"element section-title center color2\">Campsite at 28 km from P\u00e9rigueux<\/h1><\/div><\/section>\n\n<section id=\"section-614841dd5db9d\"\" class=\"section bg-white p-b-0\" \/><div class=\"container extralarge\"><div class=\"colonnes-wrap valign-middle \"><div class=\"element colonne p-r-5\"><h2 class=\"element section-title left color1\">What to see in P\u00e9rigueux<\/h2><div class=\"element bloc-text left \">\n\t<p>&nbsp;<\/p>\n<p>P\u00e9rigueux is 30 minutes away from the campsite. A <strong class=\"bold color3\">pleasant city<\/strong> with lots to do. Top 5 must-sees in P\u00e9rigueux.<\/p>\n<ul>\n<li>Saint-Front cathedral in the centre of the old town of P\u00e9rigueux.<\/li>\n<li>The garden of the Arenas, a magnificent public<strong class=\"bold color3\"> garden<\/strong>.<\/li>\n<li>Military Museum of P\u00e9rigord, one of the most beautiful museums in France on the military theme.<\/li>\n<li>The Villa Mauresque, let yourself be surprised by an <strong class=\"bold color3\">architecture<\/strong> coming straight from the East, while walking through the streets of P\u00e9rigueux.<\/li>\n<li>Parc Gamenson, more than one hectare, decorated with large trees. This space regularly hosts cultural events<\/li>\n<\/ul>\n<p>.<\/p>\n<\/div><\/div><div class=\"element colonne fancybox-multi\"><div class=\"element fancybox-container\"><a class=\"fancybox\" href=\"https:\/\/camping-lestaubiere.fr\/wp-content\/uploads\/2021\/09\/camping-tourisme-perigueux-cathedrale-saint-front.jpg\"><img decoding=\"async\" src=\"https:\/\/camping-lestaubiere.fr\/wp-content\/uploads\/2021\/09\/camping-tourisme-perigueux-cathedrale-saint-front-100x67.jpg\" data-src=\"https:\/\/camping-lestaubiere.fr\/wp-content\/uploads\/2021\/09\/camping-tourisme-perigueux-cathedrale-saint-front.jpg\" alt=\"camping perigueux cathedrale saint front\" class=\"images_image\" \/><\/a><a class=\"fancybox\" href=\"https:\/\/camping-lestaubiere.fr\/wp-content\/uploads\/2021\/09\/camping-tourisme-perigueux-architecture.jpg\"><img decoding=\"async\" src=\"https:\/\/camping-lestaubiere.fr\/wp-content\/uploads\/2021\/09\/camping-tourisme-perigueux-architecture-100x67.jpg\" data-src=\"https:\/\/camping-lestaubiere.fr\/wp-content\/uploads\/2021\/09\/camping-tourisme-perigueux-architecture.jpg\" alt=\"camping perigueux architecture\" class=\"images_image\" \/><\/a><a class=\"fancybox\" href=\"https:\/\/camping-lestaubiere.fr\/wp-content\/uploads\/2021\/09\/camping-perigueux-parc.jpg\"><img decoding=\"async\" src=\"https:\/\/camping-lestaubiere.fr\/wp-content\/uploads\/2021\/09\/camping-perigueux-parc-100x67.jpg\" data-src=\"https:\/\/camping-lestaubiere.fr\/wp-content\/uploads\/2021\/09\/camping-perigueux-parc.jpg\" alt=\"camping perigueux parc\" class=\"images_image\" \/><\/a><\/div><\/div><\/div><\/div><\/section>\n\n<section id=\"section-614841dd5de1f\"\" class=\"section bg-color5\" \/><div class=\"container extralarge\"><div class=\"colonnes-wrap valign-middle \"><div class=\"element colonne \"><div class=\"element fancybox-container\"><a class=\"fancybox\" href=\"https:\/\/camping-lestaubiere.fr\/wp-content\/uploads\/2021\/09\/camping-perigueux-quais-de-l-isle-1.jpg\"><img decoding=\"async\" src=\"https:\/\/camping-lestaubiere.fr\/wp-content\/uploads\/2021\/09\/camping-perigueux-quais-de-l-isle-1-100x67.jpg\" data-src=\"https:\/\/camping-lestaubiere.fr\/wp-content\/uploads\/2021\/09\/camping-perigueux-quais-de-l-isle-1.jpg\" alt=\"camping perigueux quais de l isle\" class=\"images_image\" \/><\/a><\/div><\/div><div class=\"element colonne p-l-5\"><h2 class=\"element section-title left color1\">Things to do in P\u00e9rigueux<\/h2><div class=\"element bloc-text justify \">\n\t<p>P\u00e9rigueux is 30 km from the campsite. Here are our Top 5 things to do in P\u00e9rigueux:<\/p>\n<ul>\n<li>Voie verte des <strong class=\"bold color3\">berges de l&#8217;Isle<\/strong>: walking or cycling, you can cross the city of P\u00e9rigueux, from one bank to the other, thanks to the footbridges.<\/li>\n<li><strong class=\"bold color3\">Small tourist train<\/strong> of P\u00e9rigueux. In less than an hour you will see the main sites.<\/li>\n<li>The <strong class=\"bold color3\">markets of P\u00e9rigueux<\/strong>: Traditional markets, truffle market&#8230;ask about the days of the markets, they are worth the diversions.<\/li>\n<li>For an in-depth visit of P\u00e9rigueux, consult the Tourist Office to book a guided tour.<\/li>\n<li>For night owls, there are night markets, as well as activities to <strong class=\"bold color3\">discover P\u00e9rigueux by night<\/strong>.<\/li>\n<\/ul>\n<\/div><\/div><\/div><\/div><\/section>\n\n<section id=\"section-614841dd5df4d\"\" data-bg-opacite=\"0.2\"data-background=\"https:\/\/camping-lestaubiere.fr\/wp-content\/uploads\/2021\/09\/camping-tourisme-perigueux-musee-gallo-romain.jpg\"data-speed=\"0.8\"class=\"section parallax-section bg-white section--has-bg-img section_bg-parallax\" \/><div class=\"container full\"><\/div><\/section>\n\n<section id=\"section-614841dd5e1a6\"\" class=\"section bg-white\" \/><div class=\"container extralarge\"><div class=\"colonnes-wrap valign-middle \"><div class=\"element colonne p-r-5\"><h2 class=\"element section-title left color1\">Campsite near P\u00e9rigueux<\/h2><div class=\"element bloc-text left \">\n\t<p>Camping Lestaubi\u00e8re is located near P\u00e9rigueux, 28 km away, about 30 minutes by car. The capital of the P\u00e9rigord is within easy reach of the campsite, allowing you to stay at a low price in a <strong class=\"bold color3\">green environment<\/strong>, while easily enjoying what the city of P\u00e9rigueux has to offer.<\/p>\n<p>The campsite offers an aquatic area: outdoor swimming pool, separate paddling pool and a <strong class=\"bold color3\">fishing pond<\/strong> accessible on foot. Accommodation and pitches for rent at the best prices in the Dordogne department. The campsite is ideally situated, with a multitude of things to do and see and visit nearby, such as Bergerac&#8230;<\/p>\n<\/div><\/div><div class=\"element colonne \"><div class=\"element fancybox-container\"><a class=\"fancybox\" href=\"https:\/\/camping-lestaubiere.fr\/wp-content\/uploads\/2021\/09\/camping-tourisme-perigueux-marches.jpg\"><img decoding=\"async\" src=\"https:\/\/camping-lestaubiere.fr\/wp-content\/uploads\/2021\/09\/camping-tourisme-perigueux-marches-100x67.jpg\" data-src=\"https:\/\/camping-lestaubiere.fr\/wp-content\/uploads\/2021\/09\/camping-tourisme-perigueux-marches.jpg\" alt=\"camping  perigueux marches\" class=\"images_image\" \/><\/a><\/div><\/div><\/div><\/div><\/section>\n\n<section id=\"section-614841dd5e422\"\" class=\"section bg-white\" \/><div class=\"container large\"><div class=\"element section-title center titre-cta\">Discover Bergerac and the Dordogne<\/div><ul class=\"liste-de-page\"><li class=\"element call-to-action carre call-to-action--style-1 call-to-action--big\"><a href=\"https:\/\/camping-lestaubiere.fr\/en\/campsite-bergerac\/\"  class=\"call-to-action_link\" title=\"Read more about bergerac\"><div class=\"call-to-action_image\"><img decoding=\"async\" src=\"https:\/\/camping-lestaubiere.fr\/wp-content\/uploads\/2021\/09\/camping-tourisme-bergerac-vieux-pont-100x57.jpg\" data-src=\"https:\/\/camping-lestaubiere.fr\/wp-content\/uploads\/2021\/09\/camping-tourisme-bergerac-vieux-pont.jpg\" alt=\"camping tourisme bergerac vieux pont\" class=\"big\" \/><\/div><div class=\"call-to-action_contenu\"><div class=\"call-to-action_titre\">Bergerac<\/div><\/div><\/a><\/li><li class=\"element call-to-action carre call-to-action--style-1 call-to-action--big call-to-action--style-1 call-to-action--big\"><a href=\"https:\/\/camping-lestaubiere.fr\/en\/campsite-animations-douville\/\"  class=\"call-to-action_link\" title=\"Read more about animations\"><div class=\"call-to-action_image\"><img decoding=\"async\" src=\"https:\/\/camping-lestaubiere.fr\/wp-content\/uploads\/2021\/09\/camping-terrain-de-jeux-douville-1-100x57.jpg\" data-src=\"https:\/\/camping-lestaubiere.fr\/wp-content\/uploads\/2021\/09\/camping-terrain-de-jeux-douville-1.jpg\" alt=\"camping terrain de jeux douville\" class=\"big\" \/><\/div><div class=\"call-to-action_contenu\"><div class=\"call-to-action_titre\">Animations<\/div><\/div><\/a><\/li><li class=\"element call-to-action carre call-to-action--style-1 call-to-action--big call-to-action--style-1 call-to-action--big call-to-action--style-1 call-to-action--big\"><a href=\"https:\/\/camping-lestaubiere.fr\/en\/tourism-dordogne\/\"  class=\"call-to-action_link\" title=\"Read more about dordogne\"><div class=\"call-to-action_image\"><img decoding=\"async\" src=\"https:\/\/camping-lestaubiere.fr\/wp-content\/uploads\/2021\/09\/camping-tourisme-dordogne-pont-de-pierrel-100x57.jpg\" data-src=\"https:\/\/camping-lestaubiere.fr\/wp-content\/uploads\/2021\/09\/camping-tourisme-dordogne-pont-de-pierrel.jpg\" alt=\"camping dordogne pont de pierrel\" class=\"big\" \/><\/div><div class=\"call-to-action_contenu\"><div class=\"call-to-action_titre\">Dordogne<\/div><\/div><\/a><\/li><\/ul><\/div><\/section>","protected":false},"excerpt":{"rendered":"","protected":false},"author":1,"featured_media":1830,"parent":0,"menu_order":0,"comment_status":"closed","ping_status":"closed","template":"","meta":{"_acf_changed":false,"footnotes":""},"class_list":["post-2494","page","type-page","status-publish","has-post-thumbnail","hentry"],"acf":[],"yoast_head":"<!-- This site is optimized with the Yoast SEO plugin v25.2 - https:\/\/yoast.com\/wordpress\/plugins\/seo\/ -->\n<title>Campsite near P\u00e9rigueux | Things to do and see in P\u00e9rigueux<\/title>\n<meta name=\"robots\" content=\"index, follow, max-snippet:-1, max-image-preview:large, max-video-preview:-1\" \/>\n<link rel=\"canonical\" href=\"https:\/\/camping-lestaubiere.fr\/en\/campsite-perigueux\/\" \/>\n<meta property=\"og:locale\" content=\"en_US\" \/>\n<meta property=\"og:type\" content=\"article\" \/>\n<meta property=\"og:title\" content=\"Campsite near P\u00e9rigueux | Things to do and see in P\u00e9rigueux\" \/>\n<meta property=\"og:url\" content=\"https:\/\/camping-lestaubiere.fr\/en\/campsite-perigueux\/\" \/>\n<meta property=\"og:site_name\" content=\"Camping Lestaubi\u00e8re\" \/>\n<meta property=\"article:modified_time\" content=\"2021-12-16T10:44:36+00:00\" \/>\n<meta property=\"og:image\" content=\"https:\/\/camping-lestaubiere.fr\/wp-content\/uploads\/2021\/09\/camping-tourisme-perigueux-berges-de-l-isle.jpg\" \/>\n\t<meta property=\"og:image:width\" content=\"1900\" \/>\n\t<meta property=\"og:image:height\" content=\"700\" \/>\n\t<meta property=\"og:image:type\" content=\"image\/jpeg\" \/>\n<meta name=\"twitter:card\" content=\"summary_large_image\" \/>\n<script type=\"application\/ld+json\" class=\"yoast-schema-graph\">{\"@context\":\"https:\/\/schema.org\",\"@graph\":[{\"@type\":\"WebPage\",\"@id\":\"https:\/\/camping-lestaubiere.fr\/en\/campsite-perigueux\/\",\"url\":\"https:\/\/camping-lestaubiere.fr\/en\/campsite-perigueux\/\",\"name\":\"Campsite near P\u00e9rigueux | Things to do and see in P\u00e9rigueux\",\"isPartOf\":{\"@id\":\"https:\/\/camping-lestaubiere.fr\/en\/#website\"},\"primaryImageOfPage\":{\"@id\":\"https:\/\/camping-lestaubiere.fr\/en\/campsite-perigueux\/#primaryimage\"},\"image\":{\"@id\":\"https:\/\/camping-lestaubiere.fr\/en\/campsite-perigueux\/#primaryimage\"},\"thumbnailUrl\":\"https:\/\/camping-lestaubiere.fr\/wp-content\/uploads\/2021\/09\/camping-tourisme-perigueux-berges-de-l-isle.jpg\",\"datePublished\":\"2021-09-27T12:29:02+00:00\",\"dateModified\":\"2021-12-16T10:44:36+00:00\",\"breadcrumb\":{\"@id\":\"https:\/\/camping-lestaubiere.fr\/en\/campsite-perigueux\/#breadcrumb\"},\"inLanguage\":\"en-US\",\"potentialAction\":[{\"@type\":\"ReadAction\",\"target\":[\"https:\/\/camping-lestaubiere.fr\/en\/campsite-perigueux\/\"]}]},{\"@type\":\"ImageObject\",\"inLanguage\":\"en-US\",\"@id\":\"https:\/\/camping-lestaubiere.fr\/en\/campsite-perigueux\/#primaryimage\",\"url\":\"https:\/\/camping-lestaubiere.fr\/wp-content\/uploads\/2021\/09\/camping-tourisme-perigueux-berges-de-l-isle.jpg\",\"contentUrl\":\"https:\/\/camping-lestaubiere.fr\/wp-content\/uploads\/2021\/09\/camping-tourisme-perigueux-berges-de-l-isle.jpg\",\"width\":1900,\"height\":700,\"caption\":\"camping tourisme perigueux berges de l isle\"},{\"@type\":\"BreadcrumbList\",\"@id\":\"https:\/\/camping-lestaubiere.fr\/en\/campsite-perigueux\/#breadcrumb\",\"itemListElement\":[{\"@type\":\"ListItem\",\"position\":1,\"name\":\"Campsite Dordogne\",\"item\":\"https:\/\/camping-lestaubiere.fr\/en\/\"},{\"@type\":\"ListItem\",\"position\":2,\"name\":\"Campsite near P\u00e9rigueux\"}]},{\"@type\":\"WebSite\",\"@id\":\"https:\/\/camping-lestaubiere.fr\/en\/#website\",\"url\":\"https:\/\/camping-lestaubiere.fr\/en\/\",\"name\":\"Camping Lestaubi\u00e8re\",\"description\":\"\",\"publisher\":{\"@id\":\"https:\/\/camping-lestaubiere.fr\/en\/#organization\"},\"potentialAction\":[{\"@type\":\"SearchAction\",\"target\":{\"@type\":\"EntryPoint\",\"urlTemplate\":\"https:\/\/camping-lestaubiere.fr\/en\/?s={search_term_string}\"},\"query-input\":{\"@type\":\"PropertyValueSpecification\",\"valueRequired\":true,\"valueName\":\"search_term_string\"}}],\"inLanguage\":\"en-US\"},{\"@type\":\"Organization\",\"@id\":\"https:\/\/camping-lestaubiere.fr\/en\/#organization\",\"name\":\"Camping Lestaubiere\",\"url\":\"https:\/\/camping-lestaubiere.fr\/en\/\",\"logo\":{\"@type\":\"ImageObject\",\"inLanguage\":\"en-US\",\"@id\":\"https:\/\/camping-lestaubiere.fr\/en\/#\/schema\/logo\/image\/\",\"url\":\"https:\/\/camping-lestaubiere.fr\/wp-content\/uploads\/2021\/09\/logo-camping-lestaubiere.png\",\"contentUrl\":\"https:\/\/camping-lestaubiere.fr\/wp-content\/uploads\/2021\/09\/logo-camping-lestaubiere.png\",\"width\":259,\"height\":89,\"caption\":\"Camping Lestaubiere\"},\"image\":{\"@id\":\"https:\/\/camping-lestaubiere.fr\/en\/#\/schema\/logo\/image\/\"}}]}<\/script>\n<!-- \/ Yoast SEO plugin. -->","yoast_head_json":{"title":"Campsite near P\u00e9rigueux | Things to do and see in P\u00e9rigueux","robots":{"index":"index","follow":"follow","max-snippet":"max-snippet:-1","max-image-preview":"max-image-preview:large","max-video-preview":"max-video-preview:-1"},"canonical":"https:\/\/camping-lestaubiere.fr\/en\/campsite-perigueux\/","og_locale":"en_US","og_type":"article","og_title":"Campsite near P\u00e9rigueux | Things to do and see in P\u00e9rigueux","og_url":"https:\/\/camping-lestaubiere.fr\/en\/campsite-perigueux\/","og_site_name":"Camping Lestaubi\u00e8re","article_modified_time":"2021-12-16T10:44:36+00:00","og_image":[{"width":1900,"height":700,"url":"https:\/\/camping-lestaubiere.fr\/wp-content\/uploads\/2021\/09\/camping-tourisme-perigueux-berges-de-l-isle.jpg","type":"image\/jpeg"}],"twitter_card":"summary_large_image","schema":{"@context":"https:\/\/schema.org","@graph":[{"@type":"WebPage","@id":"https:\/\/camping-lestaubiere.fr\/en\/campsite-perigueux\/","url":"https:\/\/camping-lestaubiere.fr\/en\/campsite-perigueux\/","name":"Campsite near P\u00e9rigueux | Things to do and see in P\u00e9rigueux","isPartOf":{"@id":"https:\/\/camping-lestaubiere.fr\/en\/#website"},"primaryImageOfPage":{"@id":"https:\/\/camping-lestaubiere.fr\/en\/campsite-perigueux\/#primaryimage"},"image":{"@id":"https:\/\/camping-lestaubiere.fr\/en\/campsite-perigueux\/#primaryimage"},"thumbnailUrl":"https:\/\/camping-lestaubiere.fr\/wp-content\/uploads\/2021\/09\/camping-tourisme-perigueux-berges-de-l-isle.jpg","datePublished":"2021-09-27T12:29:02+00:00","dateModified":"2021-12-16T10:44:36+00:00","breadcrumb":{"@id":"https:\/\/camping-lestaubiere.fr\/en\/campsite-perigueux\/#breadcrumb"},"inLanguage":"en-US","potentialAction":[{"@type":"ReadAction","target":["https:\/\/camping-lestaubiere.fr\/en\/campsite-perigueux\/"]}]},{"@type":"ImageObject","inLanguage":"en-US","@id":"https:\/\/camping-lestaubiere.fr\/en\/campsite-perigueux\/#primaryimage","url":"https:\/\/camping-lestaubiere.fr\/wp-content\/uploads\/2021\/09\/camping-tourisme-perigueux-berges-de-l-isle.jpg","contentUrl":"https:\/\/camping-lestaubiere.fr\/wp-content\/uploads\/2021\/09\/camping-tourisme-perigueux-berges-de-l-isle.jpg","width":1900,"height":700,"caption":"camping tourisme perigueux berges de l isle"},{"@type":"BreadcrumbList","@id":"https:\/\/camping-lestaubiere.fr\/en\/campsite-perigueux\/#breadcrumb","itemListElement":[{"@type":"ListItem","position":1,"name":"Campsite Dordogne","item":"https:\/\/camping-lestaubiere.fr\/en\/"},{"@type":"ListItem","position":2,"name":"Campsite near P\u00e9rigueux"}]},{"@type":"WebSite","@id":"https:\/\/camping-lestaubiere.fr\/en\/#website","url":"https:\/\/camping-lestaubiere.fr\/en\/","name":"Camping Lestaubi\u00e8re","description":"","publisher":{"@id":"https:\/\/camping-lestaubiere.fr\/en\/#organization"},"potentialAction":[{"@type":"SearchAction","target":{"@type":"EntryPoint","urlTemplate":"https:\/\/camping-lestaubiere.fr\/en\/?s={search_term_string}"},"query-input":{"@type":"PropertyValueSpecification","valueRequired":true,"valueName":"search_term_string"}}],"inLanguage":"en-US"},{"@type":"Organization","@id":"https:\/\/camping-lestaubiere.fr\/en\/#organization","name":"Camping Lestaubiere","url":"https:\/\/camping-lestaubiere.fr\/en\/","logo":{"@type":"ImageObject","inLanguage":"en-US","@id":"https:\/\/camping-lestaubiere.fr\/en\/#\/schema\/logo\/image\/","url":"https:\/\/camping-lestaubiere.fr\/wp-content\/uploads\/2021\/09\/logo-camping-lestaubiere.png","contentUrl":"https:\/\/camping-lestaubiere.fr\/wp-content\/uploads\/2021\/09\/logo-camping-lestaubiere.png","width":259,"height":89,"caption":"Camping Lestaubiere"},"image":{"@id":"https:\/\/camping-lestaubiere.fr\/en\/#\/schema\/logo\/image\/"}}]}},"_links":{"self":[{"href":"https:\/\/camping-lestaubiere.fr\/en\/wp-json\/wp\/v2\/pages\/2494","targetHints":{"allow":["GET"]}}],"collection":[{"href":"https:\/\/camping-lestaubiere.fr\/en\/wp-json\/wp\/v2\/pages"}],"about":[{"href":"https:\/\/camping-lestaubiere.fr\/en\/wp-json\/wp\/v2\/types\/page"}],"author":[{"embeddable":true,"href":"https:\/\/camping-lestaubiere.fr\/en\/wp-json\/wp\/v2\/users\/1"}],"replies":[{"embeddable":true,"href":"https:\/\/camping-lestaubiere.fr\/en\/wp-json\/wp\/v2\/comments?post=2494"}],"version-history":[{"count":4,"href":"https:\/\/camping-lestaubiere.fr\/en\/wp-json\/wp\/v2\/pages\/2494\/revisions"}],"predecessor-version":[{"id":2951,"href":"https:\/\/camping-lestaubiere.fr\/en\/wp-json\/wp\/v2\/pages\/2494\/revisions\/2951"}],"wp:featuredmedia":[{"embeddable":true,"href":"https:\/\/camping-lestaubiere.fr\/en\/wp-json\/wp\/v2\/media\/1830"}],"wp:attachment":[{"href":"https:\/\/camping-lestaubiere.fr\/en\/wp-json\/wp\/v2\/media?parent=2494"}],"curies":[{"name":"wp","href":"https:\/\/api.w.org\/{rel}","templated":true}]}}